{"id":4624,"date":"2025-11-11T10:23:00","date_gmt":"2025-11-11T10:23:00","guid":{"rendered":"https:\/\/raytalkcomms.com\/?post_type=product&#038;p=4624"},"modified":"2025-12-19T11:21:26","modified_gmt":"2025-12-19T11:21:26","slug":"em-4438-transparent-acoustic-tube-security-surveillance-headset","status":"publish","type":"product","link":"https:\/\/raytalkcomms.com\/es\/producto\/em-4438-transparent-acoustic-tube-security-surveillance-headset\/","title":{"rendered":"EM-4438 Auricular de vigilancia de seguridad con tubo ac\u00fastico transparente"},"content":{"rendered":"<h3>Caracter\u00edsticas:<\/h3>\n<ul>\n<li>Auricular de tubo ac\u00fastico dise\u00f1ado para pasar desapercibido<\/li>\n<li>Comunicaci\u00f3n privada que s\u00f3lo usted y su equipo pueden escuchar<\/li>\n<li>Bot\u00f3n PTT para coordinaci\u00f3n y respuesta r\u00e1pidas<\/li>\n<li>El clip met\u00e1lico se oculta f\u00e1cilmente bajo la ropa y se mantiene seguro en su sitio<\/li>\n<li>Cable duradero y alivio de tensi\u00f3n moldeado para el uso diario<\/li>\n<li>Compatible con la mayor\u00eda de radios walkie-talkie, incluidos Motorola, Vertex y otros<\/li>\n<\/ul>","protected":false},"excerpt":{"rendered":"<p>El auricular transparente EM-4438 para walkie-talkies es un auricular de vigilancia de seguridad con tubo ac\u00fastico transparente de un solo cable. Le permite comunicarse f\u00e1cil y discretamente cuando utiliza su radio bidireccional. Es ideal para operaciones de vigilancia para walkie-talkie, ya que permite una comunicaci\u00f3n discreta y eficaz sin llamar la atenci\u00f3n innecesariamente. El auricular walkie talkie EM-4438 incorpora un micr\u00f3fono con pulsador para hablar (PTT) y un tubo ac\u00fastico transparente con una almohadilla de goma para llevarlo c\u00f3modamente durante periodos prolongados.<\/p>","protected":false},"featured_media":4622,"template":"","meta":[],"product_brand":[],"product_cat":[214,215,306],"product_tag":[],"class_list":{"0":"post-4624","1":"product","2":"type-product","3":"status-publish","4":"has-post-thumbnail","6":"product_cat-two-way-radio-accessories","7":"product_cat-earpieces","8":"product_cat-1-wire-earpiece","10":"first","11":"instock","12":"shipping-taxable","13":"purchasable","14":"product-type-simple"},"_links":{"self":[{"href":"https:\/\/raytalkcomms.com\/es\/wp-json\/wp\/v2\/product\/4624","targetHints":{"allow":["GET"]}}],"collection":[{"href":"https:\/\/raytalkcomms.com\/es\/wp-json\/wp\/v2\/product"}],"about":[{"href":"https:\/\/raytalkcomms.com\/es\/wp-json\/wp\/v2\/types\/product"}],"wp:featuredmedia":[{"embeddable":true,"href":"https:\/\/raytalkcomms.com\/es\/wp-json\/wp\/v2\/media\/4622"}],"wp:attachment":[{"href":"https:\/\/raytalkcomms.com\/es\/wp-json\/wp\/v2\/media?parent=4624"}],"wp:term":[{"taxonomy":"product_brand","embeddable":true,"href":"https:\/\/raytalkcomms.com\/es\/wp-json\/wp\/v2\/product_brand?post=4624"},{"taxonomy":"product_cat","embeddable":true,"href":"https:\/\/raytalkcomms.com\/es\/wp-json\/wp\/v2\/product_cat?post=4624"},{"taxonomy":"product_tag","embeddable":true,"href":"https:\/\/raytalkcomms.com\/es\/wp-json\/wp\/v2\/product_tag?post=4624"}],"curies":[{"name":"wp","href":"https:\/\/api.w.org\/{rel}","templated":true}]}}