{"id":4621,"date":"2025-11-11T10:13:54","date_gmt":"2025-11-11T10:13:54","guid":{"rendered":"https:\/\/raytalkcomms.com\/?post_type=product&#038;p=4621"},"modified":"2025-12-19T11:21:26","modified_gmt":"2025-12-19T11:21:26","slug":"em-4342-covert-acoustic-tube-police-radio-earpiece-headset-with-mic-ptt","status":"publish","type":"product","link":"https:\/\/raytalkcomms.com\/es\/producto\/em-4342-covert-acoustic-tube-police-radio-earpiece-headset-with-mic-ptt\/","title":{"rendered":"EM-4342 Auricular de tubo ac\u00fastico encubierto para radio policial con micr\u00f3fono PTT"},"content":{"rendered":"<h3>Caracter\u00edsticas:<\/h3>\n<ul>\n<li>Tubo transparente de perfil bajo para una escucha discreta<\/li>\n<li>Recibe audio natural para uso diario<\/li>\n<li>Bot\u00f3n PTT en la palma dise\u00f1ado para adaptarse c\u00f3modamente a la mano<\/li>\n<li>Clip met\u00e1lico compacto pero resistente que se mantiene firmemente sujeto a la ropa<\/li>\n<li>Cable duradero y alivio de tensi\u00f3n moldeado para el uso diario<\/li>\n<li>Conexi\u00f3n r\u00e1pida y mantenimiento sencillo<\/li>\n<li>Compatible con la mayor\u00eda de radios walkie-talkie, incluidos Motorola, Vertex y otros<\/li>\n<\/ul>","protected":false},"excerpt":{"rendered":"<p>The EM-4342 earphone is a covert acoustic tube earpiece with a Push-To-Talk (PTT) button and an in-line microphone for discreet two way radio communication. It features a high-quality clear acoustic tube and a silicon ear tip for great sound and comfortable wear. The cable is made with Kevlar for durability.<\/p>","protected":false},"featured_media":4619,"template":"","meta":[],"product_brand":[],"product_cat":[215,214,306],"product_tag":[],"class_list":{"0":"post-4621","1":"product","2":"type-product","3":"status-publish","4":"has-post-thumbnail","6":"product_cat-earpieces","7":"product_cat-two-way-radio-accessories","8":"product_cat-1-wire-earpiece","10":"first","11":"instock","12":"shipping-taxable","13":"purchasable","14":"product-type-simple"},"_links":{"self":[{"href":"https:\/\/raytalkcomms.com\/es\/wp-json\/wp\/v2\/product\/4621","targetHints":{"allow":["GET"]}}],"collection":[{"href":"https:\/\/raytalkcomms.com\/es\/wp-json\/wp\/v2\/product"}],"about":[{"href":"https:\/\/raytalkcomms.com\/es\/wp-json\/wp\/v2\/types\/product"}],"wp:featuredmedia":[{"embeddable":true,"href":"https:\/\/raytalkcomms.com\/es\/wp-json\/wp\/v2\/media\/4619"}],"wp:attachment":[{"href":"https:\/\/raytalkcomms.com\/es\/wp-json\/wp\/v2\/media?parent=4621"}],"wp:term":[{"taxonomy":"product_brand","embeddable":true,"href":"https:\/\/raytalkcomms.com\/es\/wp-json\/wp\/v2\/product_brand?post=4621"},{"taxonomy":"product_cat","embeddable":true,"href":"https:\/\/raytalkcomms.com\/es\/wp-json\/wp\/v2\/product_cat?post=4621"},{"taxonomy":"product_tag","embeddable":true,"href":"https:\/\/raytalkcomms.com\/es\/wp-json\/wp\/v2\/product_tag?post=4621"}],"curies":[{"name":"wp","href":"https:\/\/api.w.org\/{rel}","templated":true}]}}