{"id":4617,"date":"2025-11-11T10:12:18","date_gmt":"2025-11-11T10:12:18","guid":{"rendered":"https:\/\/raytalkcomms.com\/?post_type=product&#038;p=4617"},"modified":"2025-12-19T11:21:25","modified_gmt":"2025-12-19T11:21:25","slug":"em-4132-single-ear-earphones-with-mic","status":"publish","type":"product","link":"https:\/\/raytalkcomms.com\/es\/producto\/em-4132-single-ear-earphones-with-mic\/","title":{"rendered":"EM-4132 Auriculares monoaurales con micr\u00f3fono"},"content":{"rendered":"<h3>Caracter\u00edsticas:<\/h3>\n<ul>\n<li>Tubo transparente de perfil bajo para una escucha discreta<\/li>\n<li>Recibe audio natural para uso diario<\/li>\n<li>Bot\u00f3n PTT en la palma dise\u00f1ado para adaptarse c\u00f3modamente a la mano<\/li>\n<li>Clip met\u00e1lico compacto pero resistente que se mantiene firmemente sujeto a la ropa<\/li>\n<li>Cable duradero y alivio de tensi\u00f3n moldeado para el uso diario<\/li>\n<li>Conexi\u00f3n r\u00e1pida y mantenimiento sencillo<\/li>\n<li>Funciona con la mayor\u00eda de marcas de walkie-talkie, como Harris, Vertex, etc.<\/li>\n<\/ul>","protected":false},"excerpt":{"rendered":"<p>El EM-4132 es un auricular monoaural con micr\u00f3fono. El auricular de comunicaci\u00f3n por radio cuenta con un tubo ac\u00fastico transparente y un auricular de vigilancia con punta de seta para conversaciones francas. El bot\u00f3n\/micr\u00f3fono PTT (pulsar para hablar) se encuentra en un cable independiente que puede engancharse a la solapa (clip incluido), ocultarse en un bolsillo o introducirse en una funda.<br \/>\nCuenta con un clip en el auricular transparente y otro en el PTT, lo que garantiza a los profesionales una comunicaci\u00f3n de equipo fluida en todo momento.<\/p>","protected":false},"featured_media":4618,"template":"","meta":[],"product_brand":[],"product_cat":[214,215,306],"product_tag":[],"class_list":{"0":"post-4617","1":"product","2":"type-product","3":"status-publish","4":"has-post-thumbnail","6":"product_cat-two-way-radio-accessories","7":"product_cat-earpieces","8":"product_cat-1-wire-earpiece","10":"first","11":"instock","12":"shipping-taxable","13":"purchasable","14":"product-type-simple"},"_links":{"self":[{"href":"https:\/\/raytalkcomms.com\/es\/wp-json\/wp\/v2\/product\/4617","targetHints":{"allow":["GET"]}}],"collection":[{"href":"https:\/\/raytalkcomms.com\/es\/wp-json\/wp\/v2\/product"}],"about":[{"href":"https:\/\/raytalkcomms.com\/es\/wp-json\/wp\/v2\/types\/product"}],"wp:featuredmedia":[{"embeddable":true,"href":"https:\/\/raytalkcomms.com\/es\/wp-json\/wp\/v2\/media\/4618"}],"wp:attachment":[{"href":"https:\/\/raytalkcomms.com\/es\/wp-json\/wp\/v2\/media?parent=4617"}],"wp:term":[{"taxonomy":"product_brand","embeddable":true,"href":"https:\/\/raytalkcomms.com\/es\/wp-json\/wp\/v2\/product_brand?post=4617"},{"taxonomy":"product_cat","embeddable":true,"href":"https:\/\/raytalkcomms.com\/es\/wp-json\/wp\/v2\/product_cat?post=4617"},{"taxonomy":"product_tag","embeddable":true,"href":"https:\/\/raytalkcomms.com\/es\/wp-json\/wp\/v2\/product_tag?post=4617"}],"curies":[{"name":"wp","href":"https:\/\/api.w.org\/{rel}","templated":true}]}}