{"id":4591,"date":"2025-11-11T08:59:45","date_gmt":"2025-11-11T08:59:45","guid":{"rendered":"https:\/\/raytalkcomms.com\/?post_type=product&#038;p=4591"},"modified":"2025-12-19T11:45:35","modified_gmt":"2025-12-19T11:45:35","slug":"e-43-lok-1-comfort-quick-disconnect-feature-acoustic-tube-earpieces","status":"publish","type":"product","link":"https:\/\/raytalkcomms.com\/es\/producto\/e-43-lok-1-comfort-quick-disconnect-feature-acoustic-tube-earpieces\/","title":{"rendered":"E-43\/LOK 1 Confort Caracter\u00edstica de desconexi\u00f3n r\u00e1pida Tubo ac\u00fastico Auriculares"},"content":{"rendered":"<h3>Caracter\u00edsticas:<\/h3>\n<ul>\n<li>Auricular con tubo ac\u00fastico<\/li>\n<li>LOK 1 broche hembra<\/li>\n<li>Cable reforzado con Kevlar<\/li>\n<\/ul>","protected":false},"excerpt":{"rendered":"<p>The E-43\/LOK 1 clear tube earpiece is a LOK style model designed for use with both single- and two-wire surveillance earpieces. It is a quick disconnect earpiece featuring a male and female plug connection. The E-43\/LOK 1 Clear Tube Earpiece features a female Snap LOK 1 connector and can be easily attached to single- or two-wire surveillance earpiece assemblies with a male connector.<br \/>\nPlease note that the 43\/LOK 1 includes only the earpiece and does not come with the quickr elease kit featuring the male connector. If needed, please contact our team to order it together.<\/p>","protected":false},"featured_media":4590,"template":"","meta":[],"product_brand":[],"product_cat":[214,215,312],"product_tag":[],"class_list":{"0":"post-4591","1":"product","2":"type-product","3":"status-publish","4":"has-post-thumbnail","6":"product_cat-two-way-radio-accessories","7":"product_cat-earpieces","8":"product_cat-lok-earpiece","10":"first","11":"instock","12":"shipping-taxable","13":"purchasable","14":"product-type-simple"},"_links":{"self":[{"href":"https:\/\/raytalkcomms.com\/es\/wp-json\/wp\/v2\/product\/4591","targetHints":{"allow":["GET"]}}],"collection":[{"href":"https:\/\/raytalkcomms.com\/es\/wp-json\/wp\/v2\/product"}],"about":[{"href":"https:\/\/raytalkcomms.com\/es\/wp-json\/wp\/v2\/types\/product"}],"wp:featuredmedia":[{"embeddable":true,"href":"https:\/\/raytalkcomms.com\/es\/wp-json\/wp\/v2\/media\/4590"}],"wp:attachment":[{"href":"https:\/\/raytalkcomms.com\/es\/wp-json\/wp\/v2\/media?parent=4591"}],"wp:term":[{"taxonomy":"product_brand","embeddable":true,"href":"https:\/\/raytalkcomms.com\/es\/wp-json\/wp\/v2\/product_brand?post=4591"},{"taxonomy":"product_cat","embeddable":true,"href":"https:\/\/raytalkcomms.com\/es\/wp-json\/wp\/v2\/product_cat?post=4591"},{"taxonomy":"product_tag","embeddable":true,"href":"https:\/\/raytalkcomms.com\/es\/wp-json\/wp\/v2\/product_tag?post=4591"}],"curies":[{"name":"wp","href":"https:\/\/api.w.org\/{rel}","templated":true}]}}