{"id":4568,"date":"2025-11-10T13:23:28","date_gmt":"2025-11-10T13:23:28","guid":{"rendered":"https:\/\/raytalkcomms.com\/?post_type=product&#038;p=4568"},"modified":"2025-12-19T14:20:07","modified_gmt":"2025-12-19T14:20:07","slug":"em-450453-professional-duplex-hand-control-phone-headphones","status":"publish","type":"product","link":"https:\/\/raytalkcomms.com\/es\/producto\/em-450453-professional-duplex-hand-control-phone-headphones\/","title":{"rendered":"EM-450453 Auriculares telef\u00f3nicos de control manual d\u00faplex profesionales"},"content":{"rendered":"<h3>Caracter\u00edsticas:<\/h3>\n<ul>\n<li>Clear tube earpiece<\/li>\n<li>Large round PTT<\/li>\n<li>Strong Kevlar reinforcement cable<\/li>\n<li>Alivio de tensi\u00f3n en PTT y conector<\/li>\n<li>Compatible with major radio brands such as Hytera, Icom, and Midland<\/li>\n<\/ul>\n<div id=\"gtx-trans\" style=\"position: absolute; left: -66px; top: 1.2px;\">\n<div class=\"gtx-trans-icon\"><\/div>\n<\/div>","protected":false},"excerpt":{"rendered":"<p>EM-450453 is designed to fit the unique needs of police officials on the field. A large push-to-talk button mounts to your belt, making communication with your crewmates easy, fast, covert, and convenient. This headset splits the microphone and earpiece cables, giving you control of where to clip and hide the wires. The Push-to-Talk button is sealed and IP67 rated, meaning it is resistant to dust and water! Made with 10-gauge wire to resist damage from tugging and utilizing the same components used in aircraft headsets, you will feel the quality the first time you hold it.<br \/>\nWe support molded and optional connectors for Motorola, Kenwood, Hytera, Icom, Midland, and so on&#8230;<\/p>","protected":false},"featured_media":4612,"template":"","meta":[],"product_brand":[],"product_cat":[214,215,306],"product_tag":[],"class_list":{"0":"post-4568","1":"product","2":"type-product","3":"status-publish","4":"has-post-thumbnail","6":"product_cat-two-way-radio-accessories","7":"product_cat-earpieces","8":"product_cat-1-wire-earpiece","10":"first","11":"instock","12":"shipping-taxable","13":"purchasable","14":"product-type-simple"},"_links":{"self":[{"href":"https:\/\/raytalkcomms.com\/es\/wp-json\/wp\/v2\/product\/4568","targetHints":{"allow":["GET"]}}],"collection":[{"href":"https:\/\/raytalkcomms.com\/es\/wp-json\/wp\/v2\/product"}],"about":[{"href":"https:\/\/raytalkcomms.com\/es\/wp-json\/wp\/v2\/types\/product"}],"wp:featuredmedia":[{"embeddable":true,"href":"https:\/\/raytalkcomms.com\/es\/wp-json\/wp\/v2\/media\/4612"}],"wp:attachment":[{"href":"https:\/\/raytalkcomms.com\/es\/wp-json\/wp\/v2\/media?parent=4568"}],"wp:term":[{"taxonomy":"product_brand","embeddable":true,"href":"https:\/\/raytalkcomms.com\/es\/wp-json\/wp\/v2\/product_brand?post=4568"},{"taxonomy":"product_cat","embeddable":true,"href":"https:\/\/raytalkcomms.com\/es\/wp-json\/wp\/v2\/product_cat?post=4568"},{"taxonomy":"product_tag","embeddable":true,"href":"https:\/\/raytalkcomms.com\/es\/wp-json\/wp\/v2\/product_tag?post=4568"}],"curies":[{"name":"wp","href":"https:\/\/api.w.org\/{rel}","templated":true}]}}