{"id":4559,"date":"2025-11-11T09:43:28","date_gmt":"2025-11-11T09:43:28","guid":{"rendered":"https:\/\/raytalkcomms.com\/?post_type=product&#038;p=4559"},"modified":"2025-12-19T11:37:15","modified_gmt":"2025-12-19T11:37:15","slug":"em-1928v-two-way-radio-ptt-vox-earpiece","status":"publish","type":"product","link":"https:\/\/raytalkcomms.com\/es\/producto\/em-1928v-two-way-radio-ptt-vox-earpiece\/","title":{"rendered":"EM-1928V Auricular PTT\/VOX para radio bidireccional"},"content":{"rendered":"<h3>Caracter\u00edsticas:<\/h3>\n<ul>\n<li>Auricular con cubierta de goma<\/li>\n<li>Interruptores PTT\/VOX deslizantes<\/li>\n<li>Alivio de tensi\u00f3n en PTT y conector<\/li>\n<\/ul>\n<h3>Personalizaci\u00f3n opcional:<\/h3>\n<ul>\n<li>Funciona con las principales radios, incluidas Motorola, Hytera y Harris<\/li>\n<\/ul>\n<div id=\"gtx-trans\" style=\"position: absolute; left: -93px; top: 1.2px;\">\n<div class=\"gtx-trans-icon\"><\/div>\n<\/div>","protected":false},"excerpt":{"rendered":"<p>El auricular VOX para radio bidireccional EM-1928V est\u00e1 equipado con un micr\u00f3fono en l\u00ednea, PTT e interruptor VOX. Funciona con manos libres, por lo que podr\u00e1 mantenerse en contacto con sus compa\u00f1eros de equipo mediante llamadas continuas o de forma discreta para hablar y escuchar.<br \/>\nEl tambi\u00e9n tiene la capacidad de apagar el VOX y operar la radio usando el Push-to-Talk (PTT).<br \/>\nVARIEDAD DE USO: Excelente para su uso en seguridad, hoteles, restaurantes, almacenes, supermercados, senderismo, caza, viajes, moutains campo y ambientes ruidosos.<\/p>","protected":false},"featured_media":4608,"template":"","meta":[],"product_brand":[],"product_cat":[215,214,310],"product_tag":[],"class_list":{"0":"post-4559","1":"product","2":"type-product","3":"status-publish","4":"has-post-thumbnail","6":"product_cat-earpieces","7":"product_cat-two-way-radio-accessories","8":"product_cat-vox-earpiece","10":"first","11":"instock","12":"shipping-taxable","13":"purchasable","14":"product-type-simple"},"_links":{"self":[{"href":"https:\/\/raytalkcomms.com\/es\/wp-json\/wp\/v2\/product\/4559","targetHints":{"allow":["GET"]}}],"collection":[{"href":"https:\/\/raytalkcomms.com\/es\/wp-json\/wp\/v2\/product"}],"about":[{"href":"https:\/\/raytalkcomms.com\/es\/wp-json\/wp\/v2\/types\/product"}],"wp:featuredmedia":[{"embeddable":true,"href":"https:\/\/raytalkcomms.com\/es\/wp-json\/wp\/v2\/media\/4608"}],"wp:attachment":[{"href":"https:\/\/raytalkcomms.com\/es\/wp-json\/wp\/v2\/media?parent=4559"}],"wp:term":[{"taxonomy":"product_brand","embeddable":true,"href":"https:\/\/raytalkcomms.com\/es\/wp-json\/wp\/v2\/product_brand?post=4559"},{"taxonomy":"product_cat","embeddable":true,"href":"https:\/\/raytalkcomms.com\/es\/wp-json\/wp\/v2\/product_cat?post=4559"},{"taxonomy":"product_tag","embeddable":true,"href":"https:\/\/raytalkcomms.com\/es\/wp-json\/wp\/v2\/product_tag?post=4559"}],"curies":[{"name":"wp","href":"https:\/\/api.w.org\/{rel}","templated":true}]}}