{"id":4556,"date":"2025-11-11T01:31:19","date_gmt":"2025-11-11T01:31:19","guid":{"rendered":"https:\/\/raytalkcomms.com\/?post_type=product&#038;p=4556"},"modified":"2025-12-19T11:38:35","modified_gmt":"2025-12-19T11:38:35","slug":"em-2022n-braided-fiber-cloth-g-shape-ear-hook-headset-w-ptt-noise-cancelling-mic","status":"publish","type":"product","link":"https:\/\/raytalkcomms.com\/es\/producto\/em-2022n-braided-fiber-cloth-g-shape-ear-hook-headset-w-ptt-noise-cancelling-mic\/","title":{"rendered":"EM-2022N Auriculares con gancho en forma de G de fibra trenzada con micr\u00f3fono con cancelaci\u00f3n de ruido y PTT"},"content":{"rendered":"<h3>Caracter\u00edsticas:<\/h3>\n<ul>\n<li>Gancho para la oreja G-sahped<\/li>\n<li>Cable de fibra trenzada<\/li>\n<li>Interruptores PTT<\/li>\n<li>Alivio de tensi\u00f3n en PTT y conector<\/li>\n<\/ul>\n<h3>Personalizaci\u00f3n opcional:<\/h3>\n<ul>\n<li>Conector moldeado disponible para Motorola, Hytera, Kenwood y la mayor\u00eda de las radios<\/li>\n<\/ul>\n<div id=\"gtx-trans\" style=\"position: absolute; left: -132px; top: 1.2px;\">\n<div class=\"gtx-trans-icon\"><\/div>\n<\/div>","protected":false},"excerpt":{"rendered":"<p>El gancho de oreja EM-2027N con tela de fibra trenzada y 1 cable cuenta con un micr\u00f3fono PTT en l\u00ednea recto. Es m\u00e1s resistente al desgaste y ayuda a reducir los enredos de cables. El micr\u00f3fono est\u00e1 blindado para una comunicaci\u00f3n m\u00e1s clara.<br \/>\nProporciona una soluci\u00f3n a la incomodidad asociada al uso de cualquier auricular durante un largo periodo de tiempo, ya que permite al usuario llevar el Ear Hook en cualquiera de las dos orejas. Nuestro micr\u00f3fono de alta calidad garantiza unas comunicaciones n\u00edtidas.<br \/>\nLos usuarios de radios port\u00e1tiles conf\u00edan en soluciones fiables, f\u00e1ciles de usar y rentables para sus accesorios de audio. Ofrecemos una gran variedad de opciones para satisfacer sus necesidades individuales.<\/p>","protected":false},"featured_media":4580,"template":"","meta":[],"product_brand":[],"product_cat":[214,215,311],"product_tag":[],"class_list":{"0":"post-4556","1":"product","2":"type-product","3":"status-publish","4":"has-post-thumbnail","6":"product_cat-two-way-radio-accessories","7":"product_cat-earpieces","8":"product_cat-braided-fiber-earpiece","10":"first","11":"instock","12":"shipping-taxable","13":"purchasable","14":"product-type-simple"},"_links":{"self":[{"href":"https:\/\/raytalkcomms.com\/es\/wp-json\/wp\/v2\/product\/4556","targetHints":{"allow":["GET"]}}],"collection":[{"href":"https:\/\/raytalkcomms.com\/es\/wp-json\/wp\/v2\/product"}],"about":[{"href":"https:\/\/raytalkcomms.com\/es\/wp-json\/wp\/v2\/types\/product"}],"wp:featuredmedia":[{"embeddable":true,"href":"https:\/\/raytalkcomms.com\/es\/wp-json\/wp\/v2\/media\/4580"}],"wp:attachment":[{"href":"https:\/\/raytalkcomms.com\/es\/wp-json\/wp\/v2\/media?parent=4556"}],"wp:term":[{"taxonomy":"product_brand","embeddable":true,"href":"https:\/\/raytalkcomms.com\/es\/wp-json\/wp\/v2\/product_brand?post=4556"},{"taxonomy":"product_cat","embeddable":true,"href":"https:\/\/raytalkcomms.com\/es\/wp-json\/wp\/v2\/product_cat?post=4556"},{"taxonomy":"product_tag","embeddable":true,"href":"https:\/\/raytalkcomms.com\/es\/wp-json\/wp\/v2\/product_tag?post=4556"}],"curies":[{"name":"wp","href":"https:\/\/api.w.org\/{rel}","templated":true}]}}