{"id":4553,"date":"2025-11-10T12:49:43","date_gmt":"2025-11-10T12:49:43","guid":{"rendered":"https:\/\/raytalkcomms.com\/?post_type=product&#038;p=4553"},"modified":"2025-12-19T11:45:36","modified_gmt":"2025-12-19T11:45:36","slug":"e-42-lok-2-acoustic-tube-wire-kits-earphone-with-quick-disconnect-switch","status":"publish","type":"product","link":"https:\/\/raytalkcomms.com\/es\/producto\/e-42-lok-2-acoustic-tube-wire-kits-earphone-with-quick-disconnect-switch\/","title":{"rendered":"E-42\/LOK 2 Juegos de cables para tubo ac\u00fastico Auricular con interruptor de desconexi\u00f3n r\u00e1pida"},"content":{"rendered":"<h3>Caracter\u00edsticas:<\/h3>\n<ul>\n<li>Auricular con tubo ac\u00fastico<\/li>\n<li>LOK 2 broche hembra<\/li>\n<li>Cable reforzado con Kevlar<\/li>\n<\/ul>\n<div id=\"gtx-trans\" style=\"position: absolute; left: -99px; top: 1.2px;\">\n<div class=\"gtx-trans-icon\"><\/div>\n<\/div>","protected":false},"excerpt":{"rendered":"<p>El auricular E-42\/LOK 2 cuenta con un tubo ac\u00fastico y una punta transparentes, aptos para su uso en el o\u00eddo izquierdo o derecho con un dise\u00f1o de tubo de un solo hilo. Su conector hembra a presi\u00f3n LOK 2 y su duradero cable reforzado con Kevlar lo hacen compatible con kits de auriculares de radio de uno o dos hilos, lo que permite desconectarlo y volverlo a conectar f\u00e1cilmente. El auricular de tubo ac\u00fastico E-42\/LOK 2 incorpora un clip met\u00e1lico para sujetarlo con seguridad a camisas, chalecos y chaquetas.<br \/>\nEste auricular E-42\/LOK 2 requiere un kit de conexi\u00f3n de cable adicional, como el M-13A\/LOK 2 con cable de bobina o el M-13\/LOK 2 con cable de bobina, para una funcionalidad completa.<\/p>","protected":false},"featured_media":4548,"template":"","meta":[],"product_brand":[],"product_cat":[214,215,312],"product_tag":[],"class_list":{"0":"post-4553","1":"product","2":"type-product","3":"status-publish","4":"has-post-thumbnail","6":"product_cat-two-way-radio-accessories","7":"product_cat-earpieces","8":"product_cat-lok-earpiece","10":"first","11":"instock","12":"shipping-taxable","13":"purchasable","14":"product-type-simple"},"_links":{"self":[{"href":"https:\/\/raytalkcomms.com\/es\/wp-json\/wp\/v2\/product\/4553","targetHints":{"allow":["GET"]}}],"collection":[{"href":"https:\/\/raytalkcomms.com\/es\/wp-json\/wp\/v2\/product"}],"about":[{"href":"https:\/\/raytalkcomms.com\/es\/wp-json\/wp\/v2\/types\/product"}],"wp:featuredmedia":[{"embeddable":true,"href":"https:\/\/raytalkcomms.com\/es\/wp-json\/wp\/v2\/media\/4548"}],"wp:attachment":[{"href":"https:\/\/raytalkcomms.com\/es\/wp-json\/wp\/v2\/media?parent=4553"}],"wp:term":[{"taxonomy":"product_brand","embeddable":true,"href":"https:\/\/raytalkcomms.com\/es\/wp-json\/wp\/v2\/product_brand?post=4553"},{"taxonomy":"product_cat","embeddable":true,"href":"https:\/\/raytalkcomms.com\/es\/wp-json\/wp\/v2\/product_cat?post=4553"},{"taxonomy":"product_tag","embeddable":true,"href":"https:\/\/raytalkcomms.com\/es\/wp-json\/wp\/v2\/product_tag?post=4553"}],"curies":[{"name":"wp","href":"https:\/\/api.w.org\/{rel}","templated":true}]}}