{"id":4537,"date":"2025-11-10T12:01:24","date_gmt":"2025-11-10T12:01:24","guid":{"rendered":"https:\/\/raytalkcomms.com\/?post_type=product&#038;p=4537"},"modified":"2025-12-19T11:45:35","modified_gmt":"2025-12-19T11:45:35","slug":"e-33-lok-1-two-way-radio-c-shaped-swivel-earpiece","status":"publish","type":"product","link":"https:\/\/raytalkcomms.com\/es\/producto\/e-33-lok-1-two-way-radio-c-shaped-swivel-earpiece\/","title":{"rendered":"E-33\/LOK 1 Auricular giratorio en forma de C para radio bidireccional"},"content":{"rendered":"<h3>Caracter\u00edsticas:<\/h3>\n<ul>\n<li>Gancho giratorio en forma de C<\/li>\n<li>LOK 1 broche hembra<\/li>\n<li>Cable reforzado con Kevlar<\/li>\n<\/ul>","protected":false},"excerpt":{"rendered":"<p>Este E-33\/LOK 1 es un auricular de estilo LOK que se utiliza con auriculares de vigilancia de dos o un cable. El E-33\/LOK 1 cuenta con hembra Snap Lok 1, estilo C ajustable, se puede usar en cualquier oreja, y encaja f\u00e1cilmente en el kit principal de uno o dos cables.<br \/>\nEn los equipos de radio profesionales, como los de organizaci\u00f3n de eventos y grupos de voluntarios, las radios y accesorios alquilados suelen ser compartidos por muchos usuarios o circulan dentro del equipo. \u00bfPor qu\u00e9 no elegir una soluci\u00f3n m\u00e1s rentable e higi\u00e9nica? RayTalk ofrece el auricular giratorio en forma de C E 33 LOK 1 para radios bidireccionales con un dise\u00f1o de liberaci\u00f3n r\u00e1pida, que ofrece a los profesionales una forma m\u00e1s limpia y c\u00f3moda de conectarse y ponerse en marcha.<br \/>\nEl auricular E-33\/LOK 1 s\u00f3lo incluye el gancho en forma de C. Para utilizar plenamente este set de radio higi\u00e9nico, adquiera por separado el kit de cables, como el kit de un solo cable de doble clavija M-27AC\/LOK 1 o el kit de dos cables de doble clavija M-27AC\/LOK 1.<\/p>","protected":false},"featured_media":4531,"template":"","meta":[],"product_brand":[],"product_cat":[214,215,312],"product_tag":[],"class_list":{"0":"post-4537","1":"product","2":"type-product","3":"status-publish","4":"has-post-thumbnail","6":"product_cat-two-way-radio-accessories","7":"product_cat-earpieces","8":"product_cat-lok-earpiece","10":"first","11":"instock","12":"shipping-taxable","13":"purchasable","14":"product-type-simple"},"_links":{"self":[{"href":"https:\/\/raytalkcomms.com\/es\/wp-json\/wp\/v2\/product\/4537","targetHints":{"allow":["GET"]}}],"collection":[{"href":"https:\/\/raytalkcomms.com\/es\/wp-json\/wp\/v2\/product"}],"about":[{"href":"https:\/\/raytalkcomms.com\/es\/wp-json\/wp\/v2\/types\/product"}],"wp:featuredmedia":[{"embeddable":true,"href":"https:\/\/raytalkcomms.com\/es\/wp-json\/wp\/v2\/media\/4531"}],"wp:attachment":[{"href":"https:\/\/raytalkcomms.com\/es\/wp-json\/wp\/v2\/media?parent=4537"}],"wp:term":[{"taxonomy":"product_brand","embeddable":true,"href":"https:\/\/raytalkcomms.com\/es\/wp-json\/wp\/v2\/product_brand?post=4537"},{"taxonomy":"product_cat","embeddable":true,"href":"https:\/\/raytalkcomms.com\/es\/wp-json\/wp\/v2\/product_cat?post=4537"},{"taxonomy":"product_tag","embeddable":true,"href":"https:\/\/raytalkcomms.com\/es\/wp-json\/wp\/v2\/product_tag?post=4537"}],"curies":[{"name":"wp","href":"https:\/\/api.w.org\/{rel}","templated":true}]}}