{"id":4516,"date":"2025-11-08T13:55:23","date_gmt":"2025-11-08T13:55:23","guid":{"rendered":"https:\/\/raytalkcomms.com\/?post_type=product&#038;p=4516"},"modified":"2025-12-03T10:22:39","modified_gmt":"2025-12-03T10:22:39","slug":"asp-15-faux-leather-head-pad","status":"publish","type":"product","link":"https:\/\/raytalkcomms.com\/es\/producto\/asp-15-faux-leather-head-pad\/","title":{"rendered":"Almohadilla de cuero sint\u00e9tico ASP-15"},"content":{"rendered":"<h3>Caracter\u00edsticas:<\/h3>\n<ul>\n<li>Almohadilla de piel sint\u00e9tica para la cabeza<\/li>\n<li>Fijaci\u00f3n de velcro para facilitar la sustituci\u00f3n<\/li>\n<\/ul>\n<div id=\"gtx-trans\" style=\"position: absolute; left: -94px; top: 1.2px;\">\n<div class=\"gtx-trans-icon\"><\/div>\n<\/div>","protected":false},"excerpt":{"rendered":"<p>Esta es una almohadilla de cabeza de repuesto para los auriculares PH-600A y los principales auriculares de aviaci\u00f3n. Refresque sus auriculares de aviaci\u00f3n con este coj\u00edn de la almohadilla de la cabeza de cuero prote\u00edna de reemplazo. El dise\u00f1o contorneado ayuda a mantener sus auriculares c\u00f3modamente en su lugar al tiempo que permite que el aire circule para mantener la cabeza fr\u00eda. La almohadilla para la cabeza de cuero sint\u00e9tico ASP-15 cuenta con un dise\u00f1o de velcro, por lo que es f\u00e1cil de sujetar a sus auriculares. Cuando sea necesario sustituirla, basta con despegarla e instalar una nueva.<\/p>","protected":false},"featured_media":4519,"template":"","meta":[],"product_brand":[],"product_cat":[208,246],"product_tag":[],"class_list":{"0":"post-4516","1":"product","2":"type-product","3":"status-publish","4":"has-post-thumbnail","6":"product_cat-aviation","7":"product_cat-headset-accessories","9":"first","10":"instock","11":"shipping-taxable","12":"purchasable","13":"product-type-simple"},"_links":{"self":[{"href":"https:\/\/raytalkcomms.com\/es\/wp-json\/wp\/v2\/product\/4516","targetHints":{"allow":["GET"]}}],"collection":[{"href":"https:\/\/raytalkcomms.com\/es\/wp-json\/wp\/v2\/product"}],"about":[{"href":"https:\/\/raytalkcomms.com\/es\/wp-json\/wp\/v2\/types\/product"}],"wp:featuredmedia":[{"embeddable":true,"href":"https:\/\/raytalkcomms.com\/es\/wp-json\/wp\/v2\/media\/4519"}],"wp:attachment":[{"href":"https:\/\/raytalkcomms.com\/es\/wp-json\/wp\/v2\/media?parent=4516"}],"wp:term":[{"taxonomy":"product_brand","embeddable":true,"href":"https:\/\/raytalkcomms.com\/es\/wp-json\/wp\/v2\/product_brand?post=4516"},{"taxonomy":"product_cat","embeddable":true,"href":"https:\/\/raytalkcomms.com\/es\/wp-json\/wp\/v2\/product_cat?post=4516"},{"taxonomy":"product_tag","embeddable":true,"href":"https:\/\/raytalkcomms.com\/es\/wp-json\/wp\/v2\/product_tag?post=4516"}],"curies":[{"name":"wp","href":"https:\/\/api.w.org\/{rel}","templated":true}]}}