{"id":4505,"date":"2025-11-08T12:58:30","date_gmt":"2025-11-08T12:58:30","guid":{"rendered":"https:\/\/raytalkcomms.com\/?post_type=product&#038;p=4505"},"modified":"2025-12-19T11:40:08","modified_gmt":"2025-12-19T11:40:08","slug":"e-45c-clear-covert-in-ear-earpiece-with-mini-armature-speaker-for-walkie-talkies","status":"publish","type":"product","link":"https:\/\/raytalkcomms.com\/es\/producto\/e-45c-clear-covert-in-ear-earpiece-with-mini-armature-speaker-for-walkie-talkies\/","title":{"rendered":"E-45C Auricular intrauditivo transparente con minialtavoz para walkie talkies"},"content":{"rendered":"<h3>Caracter\u00edsticas:<\/h3>\n<ul>\n<li>Tubo transparente eartube<\/li>\n<li>Recibir s\u00f3lo auricular<\/li>\n<li>Conector de 2,5 mm o 3,5 mm disponible<\/li>\n<li>Altavoz miniatura para una calidad de voz superalta y clara<\/li>\n<li>Longitud de cable personalizable<\/li>\n<li>Cable rizado o recto opcional<\/li>\n<li>Conjunto de tubo ac\u00fastico de f\u00e1cil conexi\u00f3n para higiene y m\u00faltiples usuarios<\/li>\n<li>Tubo ac\u00fastico monofilar de desconexi\u00f3n r\u00e1pida para o\u00eddo izquierdo o derecho<\/li>\n<\/ul>\n<div id=\"gtx-trans\" style=\"position: absolute; left: -207px; top: 1.2px;\">\n<div class=\"gtx-trans-icon\"><\/div>\n<\/div>","protected":false},"excerpt":{"rendered":"<p>El E-45C es un accesorio de comunicaci\u00f3n de primera calidad que incorpora un tubo ac\u00fastico transparente y un conector tipo clavija. Su tubo y auricular transparentes garantizan una comunicaci\u00f3n discreta. El minialtavoz de alta calidad ofrece un sonido cristalino para que no se pierda ni una palabra, incluso en situaciones de emergencia.<br \/>\nDisponible con conectores de 2,5 mm o 3,5 mm, el E-45 es compatible con muchas marcas de radio, lo que proporciona versatilidad y un rendimiento fiable a los usuarios profesionales.<\/p>","protected":false},"featured_media":4487,"template":"","meta":[],"product_brand":[],"product_cat":[214,215,313],"product_tag":[],"class_list":{"0":"post-4505","1":"product","2":"type-product","3":"status-publish","4":"has-post-thumbnail","6":"product_cat-two-way-radio-accessories","7":"product_cat-earpieces","8":"product_cat-listen-only-earpiece","10":"first","11":"instock","12":"shipping-taxable","13":"purchasable","14":"product-type-simple"},"_links":{"self":[{"href":"https:\/\/raytalkcomms.com\/es\/wp-json\/wp\/v2\/product\/4505","targetHints":{"allow":["GET"]}}],"collection":[{"href":"https:\/\/raytalkcomms.com\/es\/wp-json\/wp\/v2\/product"}],"about":[{"href":"https:\/\/raytalkcomms.com\/es\/wp-json\/wp\/v2\/types\/product"}],"wp:featuredmedia":[{"embeddable":true,"href":"https:\/\/raytalkcomms.com\/es\/wp-json\/wp\/v2\/media\/4487"}],"wp:attachment":[{"href":"https:\/\/raytalkcomms.com\/es\/wp-json\/wp\/v2\/media?parent=4505"}],"wp:term":[{"taxonomy":"product_brand","embeddable":true,"href":"https:\/\/raytalkcomms.com\/es\/wp-json\/wp\/v2\/product_brand?post=4505"},{"taxonomy":"product_cat","embeddable":true,"href":"https:\/\/raytalkcomms.com\/es\/wp-json\/wp\/v2\/product_cat?post=4505"},{"taxonomy":"product_tag","embeddable":true,"href":"https:\/\/raytalkcomms.com\/es\/wp-json\/wp\/v2\/product_tag?post=4505"}],"curies":[{"name":"wp","href":"https:\/\/api.w.org\/{rel}","templated":true}]}}