{"id":4500,"date":"2025-11-08T12:49:22","date_gmt":"2025-11-08T12:49:22","guid":{"rendered":"https:\/\/raytalkcomms.com\/?post_type=product&#038;p=4500"},"modified":"2025-12-19T11:40:08","modified_gmt":"2025-12-19T11:40:08","slug":"e-43c-in-ear-clear-acoustic-tube-earpiece","status":"publish","type":"product","link":"https:\/\/raytalkcomms.com\/es\/producto\/e-43c-in-ear-clear-acoustic-tube-earpiece\/","title":{"rendered":"E-43C Auricular intraauricular de tubo ac\u00fastico transparente"},"content":{"rendered":"<h3>Caracter\u00edsticas:<\/h3>\n<ul>\n<li>Clear tube ear tip with metal clip<\/li>\n<li>Recibir s\u00f3lo auricular<\/li>\n<li>Conector de 2,5 mm o 3,5 mm disponible<\/li>\n<li>Longitud de cable personalizable<\/li>\n<li>Cable rizado o recto opcional<\/li>\n<li>Conjunto de tubo ac\u00fastico de f\u00e1cil conexi\u00f3n para higiene y m\u00faltiples usuarios<\/li>\n<li>Tubo ac\u00fastico monofilar de desconexi\u00f3n r\u00e1pida para o\u00eddo izquierdo o derecho<\/li>\n<\/ul>","protected":false},"excerpt":{"rendered":"<p>E-43C Listen Only Earpiece is concealable, lightweight. Situational awareness is critical for police in a dangerous encounter. An earpiece allows officers to hear communications clearly and prevent bad guys from hearing what could turn the situation against them. Crystal clear sound is directed to your ear only so that you can hear it, but the bad guys can&#8217;t.<br \/>\nAvailable for 2.5mm, 3.5mm, 3.5mm threaded audio jacks.<br \/>\nDouble-check your radio model so you can pick the right audio jack size for your order.<\/p>","protected":false},"featured_media":4485,"template":"","meta":[],"product_brand":[],"product_cat":[214,215,313],"product_tag":[],"class_list":{"0":"post-4500","1":"product","2":"type-product","3":"status-publish","4":"has-post-thumbnail","6":"product_cat-two-way-radio-accessories","7":"product_cat-earpieces","8":"product_cat-listen-only-earpiece","10":"first","11":"instock","12":"shipping-taxable","13":"purchasable","14":"product-type-simple"},"_links":{"self":[{"href":"https:\/\/raytalkcomms.com\/es\/wp-json\/wp\/v2\/product\/4500","targetHints":{"allow":["GET"]}}],"collection":[{"href":"https:\/\/raytalkcomms.com\/es\/wp-json\/wp\/v2\/product"}],"about":[{"href":"https:\/\/raytalkcomms.com\/es\/wp-json\/wp\/v2\/types\/product"}],"wp:featuredmedia":[{"embeddable":true,"href":"https:\/\/raytalkcomms.com\/es\/wp-json\/wp\/v2\/media\/4485"}],"wp:attachment":[{"href":"https:\/\/raytalkcomms.com\/es\/wp-json\/wp\/v2\/media?parent=4500"}],"wp:term":[{"taxonomy":"product_brand","embeddable":true,"href":"https:\/\/raytalkcomms.com\/es\/wp-json\/wp\/v2\/product_brand?post=4500"},{"taxonomy":"product_cat","embeddable":true,"href":"https:\/\/raytalkcomms.com\/es\/wp-json\/wp\/v2\/product_cat?post=4500"},{"taxonomy":"product_tag","embeddable":true,"href":"https:\/\/raytalkcomms.com\/es\/wp-json\/wp\/v2\/product_tag?post=4500"}],"curies":[{"name":"wp","href":"https:\/\/api.w.org\/{rel}","templated":true}]}}