{"id":4471,"date":"2025-11-08T12:20:33","date_gmt":"2025-11-08T12:20:33","guid":{"rendered":"https:\/\/raytalkcomms.com\/?post_type=product&#038;p=4471"},"modified":"2025-12-19T11:42:15","modified_gmt":"2025-12-19T11:42:15","slug":"e-30c-receive-only-earpiece-with-changeable-ear-tips","status":"publish","type":"product","link":"https:\/\/raytalkcomms.com\/es\/producto\/e-30c-receive-only-earpiece-with-changeable-ear-tips\/","title":{"rendered":"E-30C Auricular de s\u00f3lo recepci\u00f3n con almohadillas intercambiables"},"content":{"rendered":"<h3>Caracter\u00edsticas:<\/h3>\n<ul>\n<li>Gancho en forma de C con almohadillas intercambiables<\/li>\n<li>Recibir s\u00f3lo auricular<\/li>\n<li>Apto para o\u00eddo izquierdo o derecho<\/li>\n<li>Conector de 2,5 mm o 3,5 mm disponible<\/li>\n<li>Longitud de cable personalizable<\/li>\n<li>Cable rizado o recto opcional<\/li>\n<\/ul>","protected":false},"excerpt":{"rendered":"<p>El E-30C es un auricular de gancho en forma de C con almohadillas para escuchar s\u00f3lo para radios bidireccionales.<br \/>\nFunciona en el o\u00eddo derecho o izquierdo. Proporcionan el audio de alta claridad y la protecci\u00f3n auditiva adicional necesaria para una comunicaci\u00f3n coherente y clara en entornos de ruido extremo.<br \/>\nDisponible para conectores de audio roscados de 2,5 mm, 3,5 mm y 3,5 mm.<br \/>\nPor favor, compruebe cuidadosamente su equipo de radio para seleccionar el tama\u00f1o correcto de la toma de audio al realizar el pedido.<\/p>","protected":false},"featured_media":4460,"template":"","meta":[],"product_brand":[],"product_cat":[214,215,313],"product_tag":[],"class_list":{"0":"post-4471","1":"product","2":"type-product","3":"status-publish","4":"has-post-thumbnail","6":"product_cat-two-way-radio-accessories","7":"product_cat-earpieces","8":"product_cat-listen-only-earpiece","10":"first","11":"instock","12":"shipping-taxable","13":"purchasable","14":"product-type-simple"},"_links":{"self":[{"href":"https:\/\/raytalkcomms.com\/es\/wp-json\/wp\/v2\/product\/4471","targetHints":{"allow":["GET"]}}],"collection":[{"href":"https:\/\/raytalkcomms.com\/es\/wp-json\/wp\/v2\/product"}],"about":[{"href":"https:\/\/raytalkcomms.com\/es\/wp-json\/wp\/v2\/types\/product"}],"wp:featuredmedia":[{"embeddable":true,"href":"https:\/\/raytalkcomms.com\/es\/wp-json\/wp\/v2\/media\/4460"}],"wp:attachment":[{"href":"https:\/\/raytalkcomms.com\/es\/wp-json\/wp\/v2\/media?parent=4471"}],"wp:term":[{"taxonomy":"product_brand","embeddable":true,"href":"https:\/\/raytalkcomms.com\/es\/wp-json\/wp\/v2\/product_brand?post=4471"},{"taxonomy":"product_cat","embeddable":true,"href":"https:\/\/raytalkcomms.com\/es\/wp-json\/wp\/v2\/product_cat?post=4471"},{"taxonomy":"product_tag","embeddable":true,"href":"https:\/\/raytalkcomms.com\/es\/wp-json\/wp\/v2\/product_tag?post=4471"}],"curies":[{"name":"wp","href":"https:\/\/api.w.org\/{rel}","templated":true}]}}