{"id":4443,"date":"2025-11-08T06:16:15","date_gmt":"2025-11-08T06:16:15","guid":{"rendered":"https:\/\/raytalkcomms.com\/?post_type=product&#038;p=4443"},"modified":"2025-12-19T14:10:23","modified_gmt":"2025-12-19T14:10:23","slug":"cb-27-adapter-lemo-6-pin-female-cable-to-3-5mm-and-2-5mm","status":"publish","type":"product","link":"https:\/\/raytalkcomms.com\/es\/producto\/cb-27-adapter-lemo-6-pin-female-cable-to-3-5mm-and-2-5mm\/","title":{"rendered":"CB-27 Adaptador Cable Lemo 6 Clavijas Hembra a 3,5mm y 2,5mm"},"content":{"rendered":"<h3>Caracter\u00edsticas:<\/h3>\n<ul>\n<li>Cambio perfecto entre sistemas de aviaci\u00f3n y audio<\/li>\n<li>Audio m\u00e1s claro para la instrucci\u00f3n y el informe<\/li>\n<li>R\u00e1pida instalaci\u00f3n plug-and-play, sin reconfiguraci\u00f3n<\/li>\n<li>Ideal para diarios de vuelo, registros de entrenamiento y captura de medios<\/li>\n<\/ul>\n<div id=\"gtx-trans\" style=\"position: absolute; left: 20px; top: 145.312px;\">\n<div class=\"gtx-trans-icon\"><\/div>\n<\/div>","protected":false},"excerpt":{"rendered":"<p>El cable adaptador CB-27 conecta auriculares de aviaci\u00f3n LEMO de 6 pines a equipos de audio externos, permitiendo que los auriculares Bose y David Clark ANR interact\u00faen con tabletas, tel\u00e9fonos y otros dispositivos de 3,5 mm o 2,5 mm. Un extremo es una hembra LEMO 6 pines para sistemas de auriculares de ala fija; el otro extremo proporciona mini jacks duales. Los profesionales eligen el CB-27 para cambiar de un dispositivo a otro sin tener que sustituir el auricular. En comparaci\u00f3n con el CB-26, el cable adaptador CB-27 es el m\u00e1s adoptado por los profesionales en diversos casos de uso.<\/p>","protected":false},"featured_media":4442,"template":"","meta":[],"product_brand":[],"product_cat":[208,267],"product_tag":[],"class_list":{"0":"post-4443","1":"product","2":"type-product","3":"status-publish","4":"has-post-thumbnail","6":"product_cat-aviation","7":"product_cat-adapter-cable-aviation","9":"first","10":"instock","11":"shipping-taxable","12":"purchasable","13":"product-type-simple"},"_links":{"self":[{"href":"https:\/\/raytalkcomms.com\/es\/wp-json\/wp\/v2\/product\/4443","targetHints":{"allow":["GET"]}}],"collection":[{"href":"https:\/\/raytalkcomms.com\/es\/wp-json\/wp\/v2\/product"}],"about":[{"href":"https:\/\/raytalkcomms.com\/es\/wp-json\/wp\/v2\/types\/product"}],"wp:featuredmedia":[{"embeddable":true,"href":"https:\/\/raytalkcomms.com\/es\/wp-json\/wp\/v2\/media\/4442"}],"wp:attachment":[{"href":"https:\/\/raytalkcomms.com\/es\/wp-json\/wp\/v2\/media?parent=4443"}],"wp:term":[{"taxonomy":"product_brand","embeddable":true,"href":"https:\/\/raytalkcomms.com\/es\/wp-json\/wp\/v2\/product_brand?post=4443"},{"taxonomy":"product_cat","embeddable":true,"href":"https:\/\/raytalkcomms.com\/es\/wp-json\/wp\/v2\/product_cat?post=4443"},{"taxonomy":"product_tag","embeddable":true,"href":"https:\/\/raytalkcomms.com\/es\/wp-json\/wp\/v2\/product_tag?post=4443"}],"curies":[{"name":"wp","href":"https:\/\/api.w.org\/{rel}","templated":true}]}}