{"id":4417,"date":"2025-11-08T01:46:09","date_gmt":"2025-11-08T01:46:09","guid":{"rendered":"https:\/\/raytalkcomms.com\/?post_type=product&#038;p=4417"},"modified":"2025-12-19T14:10:23","modified_gmt":"2025-12-19T14:10:23","slug":"cb-19-ga-plane-headset-to-ground-support-adapter-cable","status":"publish","type":"product","link":"https:\/\/raytalkcomms.com\/es\/producto\/cb-19-ga-plane-headset-to-ground-support-adapter-cable\/","title":{"rendered":"CB-19 Cable adaptador de auricular de avi\u00f3n GA a soporte de tierra"},"content":{"rendered":"<h3>Caracter\u00edsticas:<\/h3>\n<ul>\n<li>Conectores GA de doble clavija a clavija PJ-051<\/li>\n<li>Compatible con la mayor\u00eda de auriculares GA e intercomunicadores de tierra<\/li>\n<li>El dise\u00f1o compacto en Y mantiene los paneles despejados<\/li>\n<li>Plug and play, sin pilas ni configuraci\u00f3n<\/li>\n<\/ul>","protected":false},"excerpt":{"rendered":"<p>El cable adaptador CB-19 convierte la mayor\u00eda de los auriculares GA de doble clavija (PJ-055 y PJ-068) en una sola clavija PJ-051 para su uso con intercomunicadores de apoyo en tierra y sistemas de comunicaci\u00f3n en rampa. Siga utilizando los mismos auriculares de la cabina para el empuje, el repostaje y las comprobaciones de mantenimiento sin necesidad de comprar equipos de rampa espec\u00edficos. El dise\u00f1o plug-and-play con cable blindado y alivio de tensi\u00f3n reforzado proporciona un audio claro y un servicio diario fiable.<\/p>","protected":false},"featured_media":4430,"template":"","meta":[],"product_brand":[],"product_cat":[208,267],"product_tag":[],"class_list":{"0":"post-4417","1":"product","2":"type-product","3":"status-publish","4":"has-post-thumbnail","6":"product_cat-aviation","7":"product_cat-adapter-cable-aviation","9":"first","10":"instock","11":"shipping-taxable","12":"purchasable","13":"product-type-simple"},"_links":{"self":[{"href":"https:\/\/raytalkcomms.com\/es\/wp-json\/wp\/v2\/product\/4417","targetHints":{"allow":["GET"]}}],"collection":[{"href":"https:\/\/raytalkcomms.com\/es\/wp-json\/wp\/v2\/product"}],"about":[{"href":"https:\/\/raytalkcomms.com\/es\/wp-json\/wp\/v2\/types\/product"}],"wp:featuredmedia":[{"embeddable":true,"href":"https:\/\/raytalkcomms.com\/es\/wp-json\/wp\/v2\/media\/4430"}],"wp:attachment":[{"href":"https:\/\/raytalkcomms.com\/es\/wp-json\/wp\/v2\/media?parent=4417"}],"wp:term":[{"taxonomy":"product_brand","embeddable":true,"href":"https:\/\/raytalkcomms.com\/es\/wp-json\/wp\/v2\/product_brand?post=4417"},{"taxonomy":"product_cat","embeddable":true,"href":"https:\/\/raytalkcomms.com\/es\/wp-json\/wp\/v2\/product_cat?post=4417"},{"taxonomy":"product_tag","embeddable":true,"href":"https:\/\/raytalkcomms.com\/es\/wp-json\/wp\/v2\/product_tag?post=4417"}],"curies":[{"name":"wp","href":"https:\/\/api.w.org\/{rel}","templated":true}]}}