{"id":4397,"date":"2025-11-07T10:08:21","date_gmt":"2025-11-07T10:08:21","guid":{"rendered":"https:\/\/raytalkcomms.com\/?post_type=product&#038;p=4397"},"modified":"2025-12-19T14:10:23","modified_gmt":"2025-12-19T14:10:23","slug":"cb-14n-ga-dual-plugs-replacement-headset-cable-with-control-module","status":"publish","type":"product","link":"https:\/\/raytalkcomms.com\/es\/producto\/cb-14n-ga-dual-plugs-replacement-headset-cable-with-control-module\/","title":{"rendered":"CB-14N GA Cable de auricular de repuesto de doble clavija con m\u00f3dulo de control"},"content":{"rendered":"<h3>Caracter\u00edsticas:<\/h3>\n<ul>\n<li>Cable de repuesto con doble conector GA<\/li>\n<li>Caja de control opcional<\/li>\n<\/ul>","protected":false},"excerpt":{"rendered":"<p>El cable de auriculares CB-14N est\u00e1 dise\u00f1ado para sustituir al cable existente de los auriculares de aviaci\u00f3n que utilizan clavijas dobles GA. Incorpora un m\u00f3dulo de control para funciones opcionales.<br \/>\nEste cable garantiza una comunicaci\u00f3n clara y fiable entre los auriculares y el sistema de audio del avi\u00f3n, proporcionando a los pilotos una experiencia de vuelo sin interrupciones.<br \/>\nComo empresa fabricante y proveedor profesional de adaptadores de auriculares para aviones, RayTalk lleva m\u00e1s de 15 a\u00f1os desarrollando productos de comunicaci\u00f3n.<\/p>","protected":false},"featured_media":4398,"template":"","meta":[],"product_brand":[],"product_cat":[208,267],"product_tag":[],"class_list":{"0":"post-4397","1":"product","2":"type-product","3":"status-publish","4":"has-post-thumbnail","6":"product_cat-aviation","7":"product_cat-adapter-cable-aviation","9":"first","10":"instock","11":"shipping-taxable","12":"purchasable","13":"product-type-simple"},"_links":{"self":[{"href":"https:\/\/raytalkcomms.com\/es\/wp-json\/wp\/v2\/product\/4397","targetHints":{"allow":["GET"]}}],"collection":[{"href":"https:\/\/raytalkcomms.com\/es\/wp-json\/wp\/v2\/product"}],"about":[{"href":"https:\/\/raytalkcomms.com\/es\/wp-json\/wp\/v2\/types\/product"}],"wp:featuredmedia":[{"embeddable":true,"href":"https:\/\/raytalkcomms.com\/es\/wp-json\/wp\/v2\/media\/4398"}],"wp:attachment":[{"href":"https:\/\/raytalkcomms.com\/es\/wp-json\/wp\/v2\/media?parent=4397"}],"wp:term":[{"taxonomy":"product_brand","embeddable":true,"href":"https:\/\/raytalkcomms.com\/es\/wp-json\/wp\/v2\/product_brand?post=4397"},{"taxonomy":"product_cat","embeddable":true,"href":"https:\/\/raytalkcomms.com\/es\/wp-json\/wp\/v2\/product_cat?post=4397"},{"taxonomy":"product_tag","embeddable":true,"href":"https:\/\/raytalkcomms.com\/es\/wp-json\/wp\/v2\/product_tag?post=4397"}],"curies":[{"name":"wp","href":"https:\/\/api.w.org\/{rel}","templated":true}]}}