{"id":4365,"date":"2025-11-07T07:10:24","date_gmt":"2025-11-07T07:10:24","guid":{"rendered":"https:\/\/raytalkcomms.com\/?post_type=product&#038;p=4365"},"modified":"2025-12-19T14:10:22","modified_gmt":"2025-12-19T14:10:22","slug":"cb-07-6-pin-lemo-bose-a20-headset-to-airbus-headset-connector","status":"publish","type":"product","link":"https:\/\/raytalkcomms.com\/es\/producto\/cb-07-6-pin-lemo-bose-a20-headset-to-airbus-headset-connector\/","title":{"rendered":"CB-07 Conector LEMO de 6 patillas para auriculares Bose A20 a auriculares Airbus"},"content":{"rendered":"<h3>Caracter\u00edsticas:<\/h3>\n<ul>\n<li>Permite una compatibilidad perfecta entre Bose y Airbus para las comunicaciones de cabina.<\/li>\n<li>Proporciona una interfaz directa y fiable sin necesidad de configuraci\u00f3n adicional.<\/li>\n<li>Mantiene un sonido claro del micr\u00f3fono y los auriculares a trav\u00e9s del intercomunicador y las radios.<\/li>\n<li>Cable y conectores robustos dise\u00f1ados para entornos de cabina exigentes.<\/li>\n<li>Ideal para pilotos y operadores que utilizan auriculares BOSE A20 en las cabinas de vuelo de Airbus.<\/li>\n<\/ul>","protected":false},"excerpt":{"rendered":"<p>El cable adaptador CB-07 conecta sus auriculares Bose directamente a los sistemas de intercomunicaci\u00f3n de Airbus. Basta con conectar el conector LEMO de 6 patillas de Bose al cable adaptador CB-07 para utilizar los auriculares sin problemas con los sistemas Airbus. Esto proporciona a su equipo una mayor flexibilidad sin tener que volver a equiparse, sin necesidad de actualizar o comprar auriculares espec\u00edficos para Airbus.<br \/>\nRayTalk dispone de adaptadores de auriculares de aviaci\u00f3n al por mayor a precios competitivos, que proporcionan herramientas m\u00e1s vers\u00e1tiles y de alta calidad para una comunicaci\u00f3n r\u00e1pida, f\u00e1cil y eficaz.<\/p>","protected":false},"featured_media":4366,"template":"","meta":[],"product_brand":[],"product_cat":[208,267],"product_tag":[],"class_list":{"0":"post-4365","1":"product","2":"type-product","3":"status-publish","4":"has-post-thumbnail","6":"product_cat-aviation","7":"product_cat-adapter-cable-aviation","9":"first","10":"instock","11":"shipping-taxable","12":"purchasable","13":"product-type-simple"},"_links":{"self":[{"href":"https:\/\/raytalkcomms.com\/es\/wp-json\/wp\/v2\/product\/4365","targetHints":{"allow":["GET"]}}],"collection":[{"href":"https:\/\/raytalkcomms.com\/es\/wp-json\/wp\/v2\/product"}],"about":[{"href":"https:\/\/raytalkcomms.com\/es\/wp-json\/wp\/v2\/types\/product"}],"wp:featuredmedia":[{"embeddable":true,"href":"https:\/\/raytalkcomms.com\/es\/wp-json\/wp\/v2\/media\/4366"}],"wp:attachment":[{"href":"https:\/\/raytalkcomms.com\/es\/wp-json\/wp\/v2\/media?parent=4365"}],"wp:term":[{"taxonomy":"product_brand","embeddable":true,"href":"https:\/\/raytalkcomms.com\/es\/wp-json\/wp\/v2\/product_brand?post=4365"},{"taxonomy":"product_cat","embeddable":true,"href":"https:\/\/raytalkcomms.com\/es\/wp-json\/wp\/v2\/product_cat?post=4365"},{"taxonomy":"product_tag","embeddable":true,"href":"https:\/\/raytalkcomms.com\/es\/wp-json\/wp\/v2\/product_tag?post=4365"}],"curies":[{"name":"wp","href":"https:\/\/api.w.org\/{rel}","templated":true}]}}