{"id":4361,"date":"2025-11-07T06:54:04","date_gmt":"2025-11-07T06:54:04","guid":{"rendered":"https:\/\/raytalkcomms.com\/?post_type=product&#038;p=4361"},"modified":"2025-12-19T14:10:22","modified_gmt":"2025-12-19T14:10:22","slug":"cb-06-bose-6-pin-lemo-headset-to-ga-dual-plug-adapter","status":"publish","type":"product","link":"https:\/\/raytalkcomms.com\/es\/producto\/cb-06-bose-6-pin-lemo-headset-to-ga-dual-plug-adapter\/","title":{"rendered":"CB-06 Adaptador de auricular LEMO BOSE de 6 clavijas a conector doble GA"},"content":{"rendered":"<h3>Caracter\u00edsticas:<\/h3>\n<ul>\n<li>Permite conectar auriculares BOSE LEMO de 6 clavijas a tomas GA de doble clavija.<\/li>\n<li>Compatible con los populares auriculares de aviaci\u00f3n BOSE ANR.<\/li>\n<li>Mantiene un rendimiento claro del micr\u00f3fono y del audio est\u00e9reo.<\/li>\n<li>Adaptador y cable robustos para uso diario en cabina.<\/li>\n<li>Ideal para pilotos y operadores que vuelan paneles LEMO y GA.<\/li>\n<\/ul>","protected":false},"excerpt":{"rendered":"<p>Convierte un conector de 6 patillas en un enchufe GA doble, proporcionando opciones de conexi\u00f3n flexibles para varios sistemas de aeronaves. Le permite utilizar un auricular alimentado por panel Bose A20 en un avi\u00f3n de ala fija que no est\u00e1 cableado espec\u00edficamente con un conector LEMO de 6 pines. Simplemente conecte su conector LEOM de 6 pines del Bo se A20 a este adaptador bluetooth de auriculares de aviaci\u00f3n y tendr\u00e1 enchufes duales que se pueden utilizar en casi cualquier aeronave de ala fija.<\/p>","protected":false},"featured_media":4362,"template":"","meta":[],"product_brand":[],"product_cat":[208,267],"product_tag":[],"class_list":{"0":"post-4361","1":"product","2":"type-product","3":"status-publish","4":"has-post-thumbnail","6":"product_cat-aviation","7":"product_cat-adapter-cable-aviation","9":"first","10":"instock","11":"shipping-taxable","12":"purchasable","13":"product-type-simple"},"_links":{"self":[{"href":"https:\/\/raytalkcomms.com\/es\/wp-json\/wp\/v2\/product\/4361","targetHints":{"allow":["GET"]}}],"collection":[{"href":"https:\/\/raytalkcomms.com\/es\/wp-json\/wp\/v2\/product"}],"about":[{"href":"https:\/\/raytalkcomms.com\/es\/wp-json\/wp\/v2\/types\/product"}],"wp:featuredmedia":[{"embeddable":true,"href":"https:\/\/raytalkcomms.com\/es\/wp-json\/wp\/v2\/media\/4362"}],"wp:attachment":[{"href":"https:\/\/raytalkcomms.com\/es\/wp-json\/wp\/v2\/media?parent=4361"}],"wp:term":[{"taxonomy":"product_brand","embeddable":true,"href":"https:\/\/raytalkcomms.com\/es\/wp-json\/wp\/v2\/product_brand?post=4361"},{"taxonomy":"product_cat","embeddable":true,"href":"https:\/\/raytalkcomms.com\/es\/wp-json\/wp\/v2\/product_cat?post=4361"},{"taxonomy":"product_tag","embeddable":true,"href":"https:\/\/raytalkcomms.com\/es\/wp-json\/wp\/v2\/product_tag?post=4361"}],"curies":[{"name":"wp","href":"https:\/\/api.w.org\/{rel}","templated":true}]}}