{"id":4357,"date":"2025-11-07T06:38:03","date_gmt":"2025-11-07T06:38:03","guid":{"rendered":"https:\/\/raytalkcomms.com\/?post_type=product&#038;p=4357"},"modified":"2025-12-19T14:10:22","modified_gmt":"2025-12-19T14:10:22","slug":"cb-05-bo-se-a20-6-pin-lemo-to-helicopter-headset-adapter","status":"publish","type":"product","link":"https:\/\/raytalkcomms.com\/es\/producto\/cb-05-bo-se-a20-6-pin-lemo-to-helicopter-headset-adapter\/","title":{"rendered":"CB-05 Bo SE A20 6 Pin LEMO a Helic\u00f3ptero Auricular Cable de Aviaci\u00f3n"},"content":{"rendered":"<h3>Caracter\u00edsticas:<\/h3>\n<ul>\n<li>Conecta directamente los auriculares BOSE A20 a la mayor\u00eda de los sistemas de helic\u00f3pteros<\/li>\n<li>RayTalk dispone de adaptadores de auriculares para aviones al por mayor a precios competitivos, que proporcionan herramientas m\u00e1s vers\u00e1tiles y de alta calidad para una comunicaci\u00f3n r\u00e1pida, f\u00e1cil y eficaz.<\/li>\n<\/ul>","protected":false},"excerpt":{"rendered":"<p>Le permite utilizar un auricular Bo se A20 alimentado por panel en un helic\u00f3ptero que no est\u00e1 cableado espec\u00edficamente con un conector LEMO de 6 pines. Simplemente conecte su conector LEMO de 6 pines del Bo se A20 a este adaptador y tendr\u00e1 un \u00fanico conector U\/174 que se puede utilizar en la mayor\u00eda de los helic\u00f3pteros.<\/p>\n<p>Conecta directamente los auriculares BOSE A20 a la mayor\u00eda de los sistemas de helic\u00f3pteros. RayTalk tiene aeronaves adaptador de auriculares al por mayor a precios competitivos, que proporcionan herramientas m\u00e1s vers\u00e1tiles y de alta calidad para la comunicaci\u00f3n r\u00e1pida, f\u00e1cil y eficaz.<\/p>","protected":false},"featured_media":4358,"template":"","meta":[],"product_brand":[],"product_cat":[208,267],"product_tag":[],"class_list":{"0":"post-4357","1":"product","2":"type-product","3":"status-publish","4":"has-post-thumbnail","6":"product_cat-aviation","7":"product_cat-adapter-cable-aviation","9":"first","10":"instock","11":"shipping-taxable","12":"purchasable","13":"product-type-simple"},"_links":{"self":[{"href":"https:\/\/raytalkcomms.com\/es\/wp-json\/wp\/v2\/product\/4357","targetHints":{"allow":["GET"]}}],"collection":[{"href":"https:\/\/raytalkcomms.com\/es\/wp-json\/wp\/v2\/product"}],"about":[{"href":"https:\/\/raytalkcomms.com\/es\/wp-json\/wp\/v2\/types\/product"}],"wp:featuredmedia":[{"embeddable":true,"href":"https:\/\/raytalkcomms.com\/es\/wp-json\/wp\/v2\/media\/4358"}],"wp:attachment":[{"href":"https:\/\/raytalkcomms.com\/es\/wp-json\/wp\/v2\/media?parent=4357"}],"wp:term":[{"taxonomy":"product_brand","embeddable":true,"href":"https:\/\/raytalkcomms.com\/es\/wp-json\/wp\/v2\/product_brand?post=4357"},{"taxonomy":"product_cat","embeddable":true,"href":"https:\/\/raytalkcomms.com\/es\/wp-json\/wp\/v2\/product_cat?post=4357"},{"taxonomy":"product_tag","embeddable":true,"href":"https:\/\/raytalkcomms.com\/es\/wp-json\/wp\/v2\/product_tag?post=4357"}],"curies":[{"name":"wp","href":"https:\/\/api.w.org\/{rel}","templated":true}]}}