{"id":4351,"date":"2025-11-07T06:22:02","date_gmt":"2025-11-07T06:22:02","guid":{"rendered":"https:\/\/raytalkcomms.com\/?post_type=product&#038;p=4351"},"modified":"2025-12-19T14:10:22","modified_gmt":"2025-12-19T14:10:22","slug":"cb-04-ga-headset-dual-plug-to-airbus-headset-cable","status":"publish","type":"product","link":"https:\/\/raytalkcomms.com\/es\/producto\/cb-04-ga-headset-dual-plug-to-airbus-headset-cable\/","title":{"rendered":"CB-04 Cable de auricular GA de doble clavija a auricular Airbus"},"content":{"rendered":"<h3>Caracter\u00edsticas:<\/h3>\n<ul>\n<li>Convierta sus auriculares GA en auriculares Airbus.<\/li>\n<li>Proporciona conexi\u00f3n plug-and-play sin necesidad de configuraci\u00f3n.<\/li>\n<li>Mantiene un audio n\u00edtido tanto para el micr\u00f3fono como para los auriculares.<\/li>\n<li>Cable duradero y protectores contra tirones para un uso prolongado en cabina.<\/li>\n<li>Ideal para pilotos, instructores y escuelas de vuelo con flotas mixtas.<\/li>\n<\/ul>","protected":false},"excerpt":{"rendered":"<p>Con el cable para auriculares CB-04, puede conectar sin problemas sus auriculares GA a los sistemas de comunicaci\u00f3n de los aviones Airbus. No se necesitan equipos adicionales ni actualizaciones: basta con enchufar el CB-04 y estar\u00e1 listo para cambiar en cuesti\u00f3n de segundos. Este adaptador le permite utilizar sus auriculares de aviaci\u00f3n general con un sistema de comunicaci\u00f3n por intercomunicador de Airbus. Tambi\u00e9n funciona en diferentes aviones ATR que utilizan el conector XLR.<\/p>\n<p>RayTalk dispone de adaptadores de auriculares para aviones al por mayor a precios competitivos, que proporcionan herramientas m\u00e1s vers\u00e1tiles y de alta calidad para una comunicaci\u00f3n r\u00e1pida, f\u00e1cil y eficaz.<\/p>","protected":false},"featured_media":4352,"template":"","meta":[],"product_brand":[],"product_cat":[208,267],"product_tag":[],"class_list":{"0":"post-4351","1":"product","2":"type-product","3":"status-publish","4":"has-post-thumbnail","6":"product_cat-aviation","7":"product_cat-adapter-cable-aviation","9":"first","10":"instock","11":"shipping-taxable","12":"purchasable","13":"product-type-simple"},"_links":{"self":[{"href":"https:\/\/raytalkcomms.com\/es\/wp-json\/wp\/v2\/product\/4351","targetHints":{"allow":["GET"]}}],"collection":[{"href":"https:\/\/raytalkcomms.com\/es\/wp-json\/wp\/v2\/product"}],"about":[{"href":"https:\/\/raytalkcomms.com\/es\/wp-json\/wp\/v2\/types\/product"}],"wp:featuredmedia":[{"embeddable":true,"href":"https:\/\/raytalkcomms.com\/es\/wp-json\/wp\/v2\/media\/4352"}],"wp:attachment":[{"href":"https:\/\/raytalkcomms.com\/es\/wp-json\/wp\/v2\/media?parent=4351"}],"wp:term":[{"taxonomy":"product_brand","embeddable":true,"href":"https:\/\/raytalkcomms.com\/es\/wp-json\/wp\/v2\/product_brand?post=4351"},{"taxonomy":"product_cat","embeddable":true,"href":"https:\/\/raytalkcomms.com\/es\/wp-json\/wp\/v2\/product_cat?post=4351"},{"taxonomy":"product_tag","embeddable":true,"href":"https:\/\/raytalkcomms.com\/es\/wp-json\/wp\/v2\/product_tag?post=4351"}],"curies":[{"name":"wp","href":"https:\/\/api.w.org\/{rel}","templated":true}]}}