{"id":4332,"date":"2025-11-06T12:15:42","date_gmt":"2025-11-06T12:15:42","guid":{"rendered":"https:\/\/raytalkcomms.com\/?post_type=product&#038;p=4332"},"modified":"2025-12-25T07:44:16","modified_gmt":"2025-12-25T07:44:16","slug":"epac-10d-faux-leather-ear-cushions","status":"publish","type":"product","link":"https:\/\/raytalkcomms.com\/es\/producto\/epac-10d-faux-leather-ear-cushions\/","title":{"rendered":"EPAC-10D Almohadillas de piel sint\u00e9tica para auriculares"},"content":{"rendered":"<h3>Elija las almohadillas que mejor se adapten a su funcionamiento:<\/h3>\n<ul>\n<li>Almohadilla de piel sint\u00e9tica<\/li>\n<li>100 \u00d7 75 \u00d7 25 mm<\/li>\n<\/ul>","protected":false},"excerpt":{"rendered":"<p>Las almohadillas de piel sint\u00e9tica EPAC-10D presentan una superficie finamente texturizada de tacto excepcionalmente suave y agradable para la piel. Se ajustan perfectamente alrededor de las orejas, reduciendo los puntos de presi\u00f3n y creando un excelente sellado ac\u00fastico con la cabeza. Esto garantiza un confort duradero durante vuelos prolongados: sin dolor, sin acumulaci\u00f3n de calor y con una reducci\u00f3n significativa del ruido ambiental.<\/p>\n<p>Los cojines de piel sint\u00e9tica son muy duraderos, f\u00e1ciles de limpiar y requieren un mantenimiento m\u00ednimo. A diferencia de los cojines de gel, no tienen fugas ni se deforman con el tiempo. Incluso en entornos de alta frecuencia de uso, como escuelas de vuelo o clubes de vuelo, los cojines EPAC-10D ofrecen una vida \u00fatil m\u00e1s larga y menores costes generales de mantenimiento.<\/p>\n<p>Tambi\u00e9n pueden sustituir a los cascos de los auriculares de alta resistencia utilizados en entornos ruidosos -pistas de carreras, obras de construcci\u00f3n y plantas industriales-, prolongando la vida \u00fatil de los auriculares y manteniendo un alto nivel de comodidad y claridad.<\/p>\n<p>Fabricados sin piel animal, son m\u00e1s respetuosos con el medio ambiente y rentables, y ofrecen un equilibrio perfecto entre comodidad, durabilidad y valor.<\/p>","protected":false},"featured_media":4321,"template":"","meta":[],"product_brand":[],"product_cat":[208,246,214,218],"product_tag":[],"class_list":{"0":"post-4332","1":"product","2":"type-product","3":"status-publish","4":"has-post-thumbnail","6":"product_cat-aviation","7":"product_cat-headset-accessories","8":"product_cat-two-way-radio-accessories","9":"product_cat-spare-parts","11":"first","12":"instock","13":"shipping-taxable","14":"purchasable","15":"product-type-simple"},"_links":{"self":[{"href":"https:\/\/raytalkcomms.com\/es\/wp-json\/wp\/v2\/product\/4332","targetHints":{"allow":["GET"]}}],"collection":[{"href":"https:\/\/raytalkcomms.com\/es\/wp-json\/wp\/v2\/product"}],"about":[{"href":"https:\/\/raytalkcomms.com\/es\/wp-json\/wp\/v2\/types\/product"}],"wp:featuredmedia":[{"embeddable":true,"href":"https:\/\/raytalkcomms.com\/es\/wp-json\/wp\/v2\/media\/4321"}],"wp:attachment":[{"href":"https:\/\/raytalkcomms.com\/es\/wp-json\/wp\/v2\/media?parent=4332"}],"wp:term":[{"taxonomy":"product_brand","embeddable":true,"href":"https:\/\/raytalkcomms.com\/es\/wp-json\/wp\/v2\/product_brand?post=4332"},{"taxonomy":"product_cat","embeddable":true,"href":"https:\/\/raytalkcomms.com\/es\/wp-json\/wp\/v2\/product_cat?post=4332"},{"taxonomy":"product_tag","embeddable":true,"href":"https:\/\/raytalkcomms.com\/es\/wp-json\/wp\/v2\/product_tag?post=4332"}],"curies":[{"name":"wp","href":"https:\/\/api.w.org\/{rel}","templated":true}]}}