{"id":4331,"date":"2025-11-06T12:04:32","date_gmt":"2025-11-06T12:04:32","guid":{"rendered":"https:\/\/raytalkcomms.com\/?post_type=product&#038;p=4331"},"modified":"2025-12-25T07:44:22","modified_gmt":"2025-12-25T07:44:22","slug":"epac-10c-half-gel-and-half-foam-replacement-ear-pad","status":"publish","type":"product","link":"https:\/\/raytalkcomms.com\/es\/producto\/epac-10c-half-gel-and-half-foam-replacement-ear-pad\/","title":{"rendered":"EPAC-10C Almohadilla auricular de recambio mitad de gel y mitad de espuma"},"content":{"rendered":"<h3>Elija las almohadillas que mejor se adapten a su funcionamiento:<\/h3>\n<ul>\n<li>Almohadilla mitad gel y mitad roam<\/li>\n<li>Fabricado para resistir el agrietamiento y el desgaste, ofreciendo un rendimiento m\u00e1s duradero<\/li>\n<li>100 \u00d7 75 \u00d7 25 mm<\/li>\n<\/ul>","protected":false},"excerpt":{"rendered":"<p>La almohadilla EPAC-10C es una almohadilla de recambio mitad de gel y mitad de espuma dise\u00f1ada para aeronaves muy ruidosas y uso intensivo en entrenamiento. Su perfil m\u00e1s grueso mejora el sellado ac\u00fastico para bloquear mejor el ruido del motor y del viento. Desarrollada con las aportaciones de pilotos y departamentos de formaci\u00f3n, combina una capa de gel de silicona en el lado de la piel que reduce la abrasi\u00f3n y evita las marcas oscuras del uso frecuente con una capa de espuma en el lado de la copa que mejora la estabilidad del sellado y la transpirabilidad. Se instala r\u00e1pidamente y se adapta a la mayor\u00eda de auriculares GA y PNR.<\/p>\n<p>Pero tanto si est\u00e1 en la cabina del piloto, en la planta de producci\u00f3n, en operaciones mineras o en obras de construcci\u00f3n, merece la pena a\u00f1adir a su lista de equipo la almohadilla m\u00e1s gruesa de RayTalk, la EPAC-10C.<\/p>","protected":false},"featured_media":4324,"template":"","meta":[],"product_brand":[],"product_cat":[208,246,214,218],"product_tag":[],"class_list":{"0":"post-4331","1":"product","2":"type-product","3":"status-publish","4":"has-post-thumbnail","6":"product_cat-aviation","7":"product_cat-headset-accessories","8":"product_cat-two-way-radio-accessories","9":"product_cat-spare-parts","11":"first","12":"instock","13":"shipping-taxable","14":"purchasable","15":"product-type-simple"},"_links":{"self":[{"href":"https:\/\/raytalkcomms.com\/es\/wp-json\/wp\/v2\/product\/4331","targetHints":{"allow":["GET"]}}],"collection":[{"href":"https:\/\/raytalkcomms.com\/es\/wp-json\/wp\/v2\/product"}],"about":[{"href":"https:\/\/raytalkcomms.com\/es\/wp-json\/wp\/v2\/types\/product"}],"wp:featuredmedia":[{"embeddable":true,"href":"https:\/\/raytalkcomms.com\/es\/wp-json\/wp\/v2\/media\/4324"}],"wp:attachment":[{"href":"https:\/\/raytalkcomms.com\/es\/wp-json\/wp\/v2\/media?parent=4331"}],"wp:term":[{"taxonomy":"product_brand","embeddable":true,"href":"https:\/\/raytalkcomms.com\/es\/wp-json\/wp\/v2\/product_brand?post=4331"},{"taxonomy":"product_cat","embeddable":true,"href":"https:\/\/raytalkcomms.com\/es\/wp-json\/wp\/v2\/product_cat?post=4331"},{"taxonomy":"product_tag","embeddable":true,"href":"https:\/\/raytalkcomms.com\/es\/wp-json\/wp\/v2\/product_tag?post=4331"}],"curies":[{"name":"wp","href":"https:\/\/api.w.org\/{rel}","templated":true}]}}