{"id":4330,"date":"2025-11-06T11:47:16","date_gmt":"2025-11-06T11:47:16","guid":{"rendered":"https:\/\/raytalkcomms.com\/?post_type=product&#038;p=4330"},"modified":"2025-12-25T07:44:25","modified_gmt":"2025-12-25T07:44:25","slug":"epac-10b-gel-ear-pad-replacement","status":"publish","type":"product","link":"https:\/\/raytalkcomms.com\/es\/producto\/epac-10b-gel-ear-pad-replacement\/","title":{"rendered":"EPAC-10B Almohadillas de gel de repuesto"},"content":{"rendered":"<h3>Elija las almohadillas que mejor se adapten a su funcionamiento:<\/h3>\n<ul>\n<li>Almohadilla de gel<\/li>\n<li>Gran resistencia al agrietamiento y la abrasi\u00f3n, lo que la hace m\u00e1s duradera<\/li>\n<li>100 \u00d7 75 \u00d7 14 mm<\/li>\n<\/ul>","protected":false},"excerpt":{"rendered":"<p>Fabricado \u00edntegramente con gel de alta densidad, el recambio de almohadillas EPAC-10B se adapta perfectamente al contorno de la oreja para mejorar el sellado ac\u00fastico y ayudar a bloquear m\u00e1s ruido de la cabina, especialmente en fuselajes antiguos como los Boeing 737 cl\u00e1sicos y los aviones de h\u00e9lice de pist\u00f3n. En comparaci\u00f3n con las almohadillas de espuma, el gel dispersa uniformemente la presi\u00f3n de apriete para reducir la fatiga y la acumulaci\u00f3n de calor, ideal para misiones largas y bloques de entrenamiento. El compuesto de gel resiste el envejecimiento, el agrietamiento y la deformaci\u00f3n, prolongando la vida \u00fatil de la almohadilla y manteniendo el rendimiento del auricular a lo largo del tiempo. Su tama\u00f1o permite una amplia compatibilidad con la mayor\u00eda de las principales marcas de auriculares GA\/PNR, lo que simplifica y rentabiliza el mantenimiento de la flota.<\/p>\n<p>Tambi\u00e9n funciona como recambio de almohadillas para auriculares de uso intensivo en entornos ruidosos como la construcci\u00f3n, la fabricaci\u00f3n, las plantas industriales y los boxes de carreras. Las almohadillas de recambio se colocan sin herramientas y se adaptan a la mayor\u00eda de los auriculares, por lo que ayudan a los equipos de seguridad, mantenimiento y formaci\u00f3n.<\/p>\n<div id=\"gtx-trans\" style=\"position: absolute; left: -5px; top: 127.2px;\">\n<div class=\"gtx-trans-icon\"><\/div>\n<\/div>","protected":false},"featured_media":4323,"template":"","meta":[],"product_brand":[],"product_cat":[208,246,214,218],"product_tag":[],"class_list":{"0":"post-4330","1":"product","2":"type-product","3":"status-publish","4":"has-post-thumbnail","6":"product_cat-aviation","7":"product_cat-headset-accessories","8":"product_cat-two-way-radio-accessories","9":"product_cat-spare-parts","11":"first","12":"instock","13":"shipping-taxable","14":"purchasable","15":"product-type-simple"},"_links":{"self":[{"href":"https:\/\/raytalkcomms.com\/es\/wp-json\/wp\/v2\/product\/4330","targetHints":{"allow":["GET"]}}],"collection":[{"href":"https:\/\/raytalkcomms.com\/es\/wp-json\/wp\/v2\/product"}],"about":[{"href":"https:\/\/raytalkcomms.com\/es\/wp-json\/wp\/v2\/types\/product"}],"wp:featuredmedia":[{"embeddable":true,"href":"https:\/\/raytalkcomms.com\/es\/wp-json\/wp\/v2\/media\/4323"}],"wp:attachment":[{"href":"https:\/\/raytalkcomms.com\/es\/wp-json\/wp\/v2\/media?parent=4330"}],"wp:term":[{"taxonomy":"product_brand","embeddable":true,"href":"https:\/\/raytalkcomms.com\/es\/wp-json\/wp\/v2\/product_brand?post=4330"},{"taxonomy":"product_cat","embeddable":true,"href":"https:\/\/raytalkcomms.com\/es\/wp-json\/wp\/v2\/product_cat?post=4330"},{"taxonomy":"product_tag","embeddable":true,"href":"https:\/\/raytalkcomms.com\/es\/wp-json\/wp\/v2\/product_tag?post=4330"}],"curies":[{"name":"wp","href":"https:\/\/api.w.org\/{rel}","templated":true}]}}