{"id":4311,"date":"2025-11-06T07:49:31","date_gmt":"2025-11-06T07:49:31","guid":{"rendered":"https:\/\/raytalkcomms.com\/?post_type=product&#038;p=4311"},"modified":"2025-12-03T07:20:05","modified_gmt":"2025-12-03T07:20:05","slug":"asp-07-dynamic-microphone-cover","status":"publish","type":"product","link":"https:\/\/raytalkcomms.com\/es\/producto\/asp-07-dynamic-microphone-cover\/","title":{"rendered":"Funda para micr\u00f3fono din\u00e1mico ASP-07"},"content":{"rendered":"<h3>Caracter\u00edsticas:<\/h3>\n<ul>\n<li>Made of acoustically transparent sonic foam<\/li>\n<li>Size 38 \u00d7 60 mm<\/li>\n<li>Protects the microphone by reducing dust and moisture<\/li>\n<li>Reduces cockpit noise<\/li>\n<\/ul>\n<div id=\"gtx-trans\" style=\"position: absolute; left: 36px; top: 74.7125px;\">\n<div class=\"gtx-trans-icon\"><\/div>\n<\/div>","protected":false},"excerpt":{"rendered":"<p>The ASP-07 Microphone Cover offers a simple and efficient solution to protect your headset microphone. By blocking wind and reducing cockpit noise during flight, it enhances audio clarity and improves overall communication performance. Make sure to check your microphone model to ensure the correct size.<\/p>","protected":false},"featured_media":4309,"template":"","meta":[],"product_brand":[],"product_cat":[208,246],"product_tag":[],"class_list":{"0":"post-4311","1":"product","2":"type-product","3":"status-publish","4":"has-post-thumbnail","6":"product_cat-aviation","7":"product_cat-headset-accessories","9":"first","10":"instock","11":"shipping-taxable","12":"purchasable","13":"product-type-simple"},"_links":{"self":[{"href":"https:\/\/raytalkcomms.com\/es\/wp-json\/wp\/v2\/product\/4311","targetHints":{"allow":["GET"]}}],"collection":[{"href":"https:\/\/raytalkcomms.com\/es\/wp-json\/wp\/v2\/product"}],"about":[{"href":"https:\/\/raytalkcomms.com\/es\/wp-json\/wp\/v2\/types\/product"}],"wp:featuredmedia":[{"embeddable":true,"href":"https:\/\/raytalkcomms.com\/es\/wp-json\/wp\/v2\/media\/4309"}],"wp:attachment":[{"href":"https:\/\/raytalkcomms.com\/es\/wp-json\/wp\/v2\/media?parent=4311"}],"wp:term":[{"taxonomy":"product_brand","embeddable":true,"href":"https:\/\/raytalkcomms.com\/es\/wp-json\/wp\/v2\/product_brand?post=4311"},{"taxonomy":"product_cat","embeddable":true,"href":"https:\/\/raytalkcomms.com\/es\/wp-json\/wp\/v2\/product_cat?post=4311"},{"taxonomy":"product_tag","embeddable":true,"href":"https:\/\/raytalkcomms.com\/es\/wp-json\/wp\/v2\/product_tag?post=4311"}],"curies":[{"name":"wp","href":"https:\/\/api.w.org\/{rel}","templated":true}]}}