{"id":4305,"date":"2025-11-06T07:42:29","date_gmt":"2025-11-06T07:42:29","guid":{"rendered":"https:\/\/raytalkcomms.com\/?post_type=product&#038;p=4305"},"modified":"2025-12-03T10:21:55","modified_gmt":"2025-12-03T10:21:55","slug":"asp-14-aviation-headset-bag-for-ph-600a","status":"publish","type":"product","link":"https:\/\/raytalkcomms.com\/es\/producto\/asp-14-aviation-headset-bag-for-ph-600a\/","title":{"rendered":"ASP-14 Bolsa para auriculares de aviaci\u00f3n para PH-600A"},"content":{"rendered":"<h3>Caracter\u00edsticas:<\/h3>\n<ul>\n<li>Tama\u00f1o de 260 \u00d7 200 \u00d7 80 mm para facilitar el transporte y proteger perfectamente los auriculares<\/li>\n<li>Fabricado en resistente tejido Oxford<\/li>\n<\/ul>","protected":false},"excerpt":{"rendered":"<p>La bolsa para auriculares de aviaci\u00f3n ASP-14 est\u00e1 fabricada con tejido Oxford duradero, fuerte y resistente a la deformaci\u00f3n. La bolsa de auriculares cuenta con un forro de terciopelo que es suave al tacto, proporcionando una excelente amortiguaci\u00f3n y protecci\u00f3n para sus auriculares. Est\u00e1 dise\u00f1ado para adaptarse a nuestros auriculares de aviaci\u00f3n PH-600A Bluetooth ANR y tambi\u00e9n es compatible con otras marcas populares de auriculares de aviaci\u00f3n como Bose, David Clark y Sennheiser.<\/p>","protected":false},"featured_media":4306,"template":"","meta":[],"product_brand":[],"product_cat":[208,246],"product_tag":[],"class_list":{"0":"post-4305","1":"product","2":"type-product","3":"status-publish","4":"has-post-thumbnail","6":"product_cat-aviation","7":"product_cat-headset-accessories","9":"first","10":"instock","11":"shipping-taxable","12":"purchasable","13":"product-type-simple"},"_links":{"self":[{"href":"https:\/\/raytalkcomms.com\/es\/wp-json\/wp\/v2\/product\/4305","targetHints":{"allow":["GET"]}}],"collection":[{"href":"https:\/\/raytalkcomms.com\/es\/wp-json\/wp\/v2\/product"}],"about":[{"href":"https:\/\/raytalkcomms.com\/es\/wp-json\/wp\/v2\/types\/product"}],"wp:featuredmedia":[{"embeddable":true,"href":"https:\/\/raytalkcomms.com\/es\/wp-json\/wp\/v2\/media\/4306"}],"wp:attachment":[{"href":"https:\/\/raytalkcomms.com\/es\/wp-json\/wp\/v2\/media?parent=4305"}],"wp:term":[{"taxonomy":"product_brand","embeddable":true,"href":"https:\/\/raytalkcomms.com\/es\/wp-json\/wp\/v2\/product_brand?post=4305"},{"taxonomy":"product_cat","embeddable":true,"href":"https:\/\/raytalkcomms.com\/es\/wp-json\/wp\/v2\/product_cat?post=4305"},{"taxonomy":"product_tag","embeddable":true,"href":"https:\/\/raytalkcomms.com\/es\/wp-json\/wp\/v2\/product_tag?post=4305"}],"curies":[{"name":"wp","href":"https:\/\/api.w.org\/{rel}","templated":true}]}}