{"id":4300,"date":"2025-11-06T07:38:59","date_gmt":"2025-11-06T07:38:59","guid":{"rendered":"https:\/\/raytalkcomms.com\/?post_type=product&#038;p=4300"},"modified":"2025-12-03T10:21:41","modified_gmt":"2025-12-03T10:21:41","slug":"asp-13-flight-bag","status":"publish","type":"product","link":"https:\/\/raytalkcomms.com\/es\/producto\/asp-13-flight-bag\/","title":{"rendered":"Bolsa de vuelo ASP-13"},"content":{"rendered":"<h3>Caracter\u00edsticas:<\/h3>\n<ul>\n<li>Tama\u00f1o de 230 \u00d7 230 \u00d7 110 mm para facilitar el transporte y proteger perfectamente los auriculares<\/li>\n<li>Fabricado con material EVA m\u00e1s ligero y flexible<\/li>\n<\/ul>","protected":false},"excerpt":{"rendered":"<p>La bolsa de vuelo ASP-13 tambi\u00e9n est\u00e1 fabricada con material EVA, que es ligero y flexible. Con su dise\u00f1o cuadrado, la ASP-13 ofrece una mayor capacidad de almacenamiento, lo que facilita el transporte de auriculares de vuelo con cables y cajas de control.<\/p>","protected":false},"featured_media":4303,"template":"","meta":[],"product_brand":[],"product_cat":[208,246],"product_tag":[],"class_list":{"0":"post-4300","1":"product","2":"type-product","3":"status-publish","4":"has-post-thumbnail","6":"product_cat-aviation","7":"product_cat-headset-accessories","9":"first","10":"instock","11":"shipping-taxable","12":"purchasable","13":"product-type-simple"},"_links":{"self":[{"href":"https:\/\/raytalkcomms.com\/es\/wp-json\/wp\/v2\/product\/4300","targetHints":{"allow":["GET"]}}],"collection":[{"href":"https:\/\/raytalkcomms.com\/es\/wp-json\/wp\/v2\/product"}],"about":[{"href":"https:\/\/raytalkcomms.com\/es\/wp-json\/wp\/v2\/types\/product"}],"wp:featuredmedia":[{"embeddable":true,"href":"https:\/\/raytalkcomms.com\/es\/wp-json\/wp\/v2\/media\/4303"}],"wp:attachment":[{"href":"https:\/\/raytalkcomms.com\/es\/wp-json\/wp\/v2\/media?parent=4300"}],"wp:term":[{"taxonomy":"product_brand","embeddable":true,"href":"https:\/\/raytalkcomms.com\/es\/wp-json\/wp\/v2\/product_brand?post=4300"},{"taxonomy":"product_cat","embeddable":true,"href":"https:\/\/raytalkcomms.com\/es\/wp-json\/wp\/v2\/product_cat?post=4300"},{"taxonomy":"product_tag","embeddable":true,"href":"https:\/\/raytalkcomms.com\/es\/wp-json\/wp\/v2\/product_tag?post=4300"}],"curies":[{"name":"wp","href":"https:\/\/api.w.org\/{rel}","templated":true}]}}