{"id":4297,"date":"2025-11-06T06:58:37","date_gmt":"2025-11-06T06:58:37","guid":{"rendered":"https:\/\/raytalkcomms.com\/?post_type=product&#038;p=4297"},"modified":"2025-12-03T10:21:04","modified_gmt":"2025-12-03T10:21:04","slug":"asp-11-aviation-headset-bag","status":"publish","type":"product","link":"https:\/\/raytalkcomms.com\/es\/producto\/asp-11-aviation-headset-bag\/","title":{"rendered":"ASP-11 Bolsa para auriculares de aviaci\u00f3n"},"content":{"rendered":"<h3>Caracter\u00edsticas:<\/h3>\n<ul>\n<li>Tama\u00f1o de 200 \u00d7 105 \u00d7 240 mm para facilitar el transporte y proteger perfectamente los auriculares<\/li>\n<li>Fabricado en resistente tejido Oxford<\/li>\n<\/ul>","protected":false},"excerpt":{"rendered":"<p>La bolsa para auriculares ASP-11 es el modelo m\u00e1s est\u00e1ndar de la serie de bolsas para auriculares de aviaci\u00f3n de RayTalk. Aportan un nuevo estilo al equipamiento de los pilotos. Tambi\u00e9n es la opci\u00f3n m\u00e1s cl\u00e1sica y popular entre los pilotos y las organizaciones de aviaci\u00f3n. Se encuentran entre las bolsas para auriculares m\u00e1s funcionales disponibles. Con un aspecto limpio, sofisticado y profesional capaz de soportar el trato m\u00e1s duro posible y seguir teniendo un aspecto estupendo al final del d\u00eda. La bolsa de auriculares ASP-11 es un testimonio del compromiso de RayTalk para producir una bolsa de auriculares de aviaci\u00f3n de alta calidad que es a la vez elegante y duradera.<\/p>","protected":false},"featured_media":4292,"template":"","meta":[],"product_brand":[],"product_cat":[208,246],"product_tag":[],"class_list":{"0":"post-4297","1":"product","2":"type-product","3":"status-publish","4":"has-post-thumbnail","6":"product_cat-aviation","7":"product_cat-headset-accessories","9":"first","10":"instock","11":"shipping-taxable","12":"purchasable","13":"product-type-simple"},"_links":{"self":[{"href":"https:\/\/raytalkcomms.com\/es\/wp-json\/wp\/v2\/product\/4297","targetHints":{"allow":["GET"]}}],"collection":[{"href":"https:\/\/raytalkcomms.com\/es\/wp-json\/wp\/v2\/product"}],"about":[{"href":"https:\/\/raytalkcomms.com\/es\/wp-json\/wp\/v2\/types\/product"}],"wp:featuredmedia":[{"embeddable":true,"href":"https:\/\/raytalkcomms.com\/es\/wp-json\/wp\/v2\/media\/4292"}],"wp:attachment":[{"href":"https:\/\/raytalkcomms.com\/es\/wp-json\/wp\/v2\/media?parent=4297"}],"wp:term":[{"taxonomy":"product_brand","embeddable":true,"href":"https:\/\/raytalkcomms.com\/es\/wp-json\/wp\/v2\/product_brand?post=4297"},{"taxonomy":"product_cat","embeddable":true,"href":"https:\/\/raytalkcomms.com\/es\/wp-json\/wp\/v2\/product_cat?post=4297"},{"taxonomy":"product_tag","embeddable":true,"href":"https:\/\/raytalkcomms.com\/es\/wp-json\/wp\/v2\/product_tag?post=4297"}],"curies":[{"name":"wp","href":"https:\/\/api.w.org\/{rel}","templated":true}]}}