{"id":4289,"date":"2025-11-06T03:29:04","date_gmt":"2025-11-06T03:29:04","guid":{"rendered":"https:\/\/raytalkcomms.com\/?post_type=product&#038;p=4289"},"modified":"2025-12-03T07:16:31","modified_gmt":"2025-12-03T07:16:31","slug":"asp-02m-dynamic-microphone-for-metal-boom-flying-headset","status":"publish","type":"product","link":"https:\/\/raytalkcomms.com\/es\/producto\/asp-02m-dynamic-microphone-for-metal-boom-flying-headset\/","title":{"rendered":"ASP-02M Micr\u00f3fono din\u00e1mico para auriculares voladores de brazo met\u00e1lico"},"content":{"rendered":"<h3>Caracter\u00edsticas:<\/h3>\n<ul>\n<li>Elemento de micr\u00f3fono din\u00e1mico con supresi\u00f3n de ruido<\/li>\n<li>Proporciona un audio claro y n\u00edtido<\/li>\n<li>Compatible con la mayor\u00eda de los auriculares de aviaci\u00f3n general y helic\u00f3pteros<\/li>\n<\/ul>\n<h3>Ventajas:<\/h3>\n<p>El micr\u00f3fono din\u00e1mico ASP-02M est\u00e1 fabricado con materiales m\u00e1s duraderos, que ofrecen una mayor resistencia al desgaste, la corrosi\u00f3n y los da\u00f1os. Equipar los auriculares de aviaci\u00f3n con el micr\u00f3fono din\u00e1mico ASP-02M prolonga su vida \u00fatil, reduce los costes generales de organizaci\u00f3n y mejora la eficacia de las comunicaciones en vuelo.<\/p>","protected":false},"excerpt":{"rendered":"<p>ASP-02M Micr\u00f3fono din\u00e1mico para auriculares de vuelo con brazo met\u00e1lico. Compatible con Crystal Mic, Bose, y la mayor\u00eda de los auriculares ANR de aviaci\u00f3n general. El micr\u00f3fono din\u00e1mico ASP-02M es f\u00e1cil de reemplazar, se puede instalar en un brazo de metal boom en tan s\u00f3lo unos sencillos pasos, dando a su auricular de aviaci\u00f3n una nueva vida. Ofrece un audio m\u00e1s claro y un rendimiento de comunicaci\u00f3n mejorado.<\/p>","protected":false},"featured_media":4290,"template":"","meta":[],"product_brand":[],"product_cat":[246,208],"product_tag":[],"class_list":{"0":"post-4289","1":"product","2":"type-product","3":"status-publish","4":"has-post-thumbnail","6":"product_cat-headset-accessories","7":"product_cat-aviation","9":"first","10":"instock","11":"shipping-taxable","12":"purchasable","13":"product-type-simple"},"_links":{"self":[{"href":"https:\/\/raytalkcomms.com\/es\/wp-json\/wp\/v2\/product\/4289","targetHints":{"allow":["GET"]}}],"collection":[{"href":"https:\/\/raytalkcomms.com\/es\/wp-json\/wp\/v2\/product"}],"about":[{"href":"https:\/\/raytalkcomms.com\/es\/wp-json\/wp\/v2\/types\/product"}],"wp:featuredmedia":[{"embeddable":true,"href":"https:\/\/raytalkcomms.com\/es\/wp-json\/wp\/v2\/media\/4290"}],"wp:attachment":[{"href":"https:\/\/raytalkcomms.com\/es\/wp-json\/wp\/v2\/media?parent=4289"}],"wp:term":[{"taxonomy":"product_brand","embeddable":true,"href":"https:\/\/raytalkcomms.com\/es\/wp-json\/wp\/v2\/product_brand?post=4289"},{"taxonomy":"product_cat","embeddable":true,"href":"https:\/\/raytalkcomms.com\/es\/wp-json\/wp\/v2\/product_cat?post=4289"},{"taxonomy":"product_tag","embeddable":true,"href":"https:\/\/raytalkcomms.com\/es\/wp-json\/wp\/v2\/product_tag?post=4289"}],"curies":[{"name":"wp","href":"https:\/\/api.w.org\/{rel}","templated":true}]}}