{"id":4286,"date":"2025-11-06T03:13:44","date_gmt":"2025-11-06T03:13:44","guid":{"rendered":"https:\/\/raytalkcomms.com\/?post_type=product&#038;p=4286"},"modified":"2025-12-03T07:15:26","modified_gmt":"2025-12-03T07:15:26","slug":"asp-02-replaceable-dynamic-microphone-for-flexible-boom-flying-headset","status":"publish","type":"product","link":"https:\/\/raytalkcomms.com\/es\/producto\/asp-02-replaceable-dynamic-microphone-for-flexible-boom-flying-headset\/","title":{"rendered":"ASP-02 Micr\u00f3fono din\u00e1mico reemplazable para auriculares voladores de brazo flexible"},"content":{"rendered":"<h3>Caracter\u00edsticas:<\/h3>\n<ul>\n<li>Elemento de micr\u00f3fono din\u00e1mico con supresi\u00f3n de ruido<\/li>\n<li>Proporciona un audio claro y n\u00edtido<\/li>\n<li>Compatible con la mayor\u00eda de los auriculares de aviaci\u00f3n general y helic\u00f3pteros<\/li>\n<\/ul>\n<h3>Ventajas:<\/h3>\n<p>Los auriculares de aviaci\u00f3n suelen tener un dise\u00f1o de brazo flexible, lo que requiere un elemento de micr\u00f3fono m\u00e1s potente. No s\u00f3lo ofrecemos micr\u00f3fonos electret para auriculares de piloto, sino tambi\u00e9n micr\u00f3fonos din\u00e1micos. Para los clubes de vuelo y las aerol\u00edneas, ofrecemos una gama m\u00e1s amplia de opciones para satisfacer las necesidades de adquisici\u00f3n, con precios m\u00e1s asequibles y una calidad superior.<\/p>\n<div id=\"gtx-trans\" style=\"position: absolute; left: -72px; top: 138.713px;\">\n<div class=\"gtx-trans-icon\"><\/div>\n<\/div>","protected":false},"excerpt":{"rendered":"<p>ASP-02 Micr\u00f3fono din\u00e1mico reemplazable para auriculares voladores de brazo flexible. Compatible con Crystal Mic, David Clark, y la mayor\u00eda de los auriculares ANR. Se trata de un micr\u00f3fono din\u00e1mico amplificado con cancelaci\u00f3n de ruido muy apreciado por los entusiastas de la aviaci\u00f3n y los pilotos. Asimismo, este micr\u00f3fono din\u00e1mico tambi\u00e9n es compatible con los auriculares de aviaci\u00f3n ANR PH-100 ANR, los auriculares para helic\u00f3ptero PH-100H y los auriculares Bluetooth PH-400 de RayTalk, entre otros.<\/p>","protected":false},"featured_media":4287,"template":"","meta":[],"product_brand":[],"product_cat":[208,246],"product_tag":[],"class_list":{"0":"post-4286","1":"product","2":"type-product","3":"status-publish","4":"has-post-thumbnail","6":"product_cat-aviation","7":"product_cat-headset-accessories","9":"first","10":"instock","11":"shipping-taxable","12":"purchasable","13":"product-type-simple"},"_links":{"self":[{"href":"https:\/\/raytalkcomms.com\/es\/wp-json\/wp\/v2\/product\/4286","targetHints":{"allow":["GET"]}}],"collection":[{"href":"https:\/\/raytalkcomms.com\/es\/wp-json\/wp\/v2\/product"}],"about":[{"href":"https:\/\/raytalkcomms.com\/es\/wp-json\/wp\/v2\/types\/product"}],"wp:featuredmedia":[{"embeddable":true,"href":"https:\/\/raytalkcomms.com\/es\/wp-json\/wp\/v2\/media\/4287"}],"wp:attachment":[{"href":"https:\/\/raytalkcomms.com\/es\/wp-json\/wp\/v2\/media?parent=4286"}],"wp:term":[{"taxonomy":"product_brand","embeddable":true,"href":"https:\/\/raytalkcomms.com\/es\/wp-json\/wp\/v2\/product_brand?post=4286"},{"taxonomy":"product_cat","embeddable":true,"href":"https:\/\/raytalkcomms.com\/es\/wp-json\/wp\/v2\/product_cat?post=4286"},{"taxonomy":"product_tag","embeddable":true,"href":"https:\/\/raytalkcomms.com\/es\/wp-json\/wp\/v2\/product_tag?post=4286"}],"curies":[{"name":"wp","href":"https:\/\/api.w.org\/{rel}","templated":true}]}}