{"id":4285,"date":"2025-11-06T02:55:38","date_gmt":"2025-11-06T02:55:38","guid":{"rendered":"https:\/\/raytalkcomms.com\/?post_type=product&#038;p=4285"},"modified":"2025-12-03T07:16:30","modified_gmt":"2025-12-03T07:16:30","slug":"asp-01m-electret-microphone-for-metal-boom-aviation-headsets","status":"publish","type":"product","link":"https:\/\/raytalkcomms.com\/es\/producto\/asp-01m-electret-microphone-for-metal-boom-aviation-headsets\/","title":{"rendered":"ASP-01M Micr\u00f3fono electret para auriculares de aviaci\u00f3n con brazo met\u00e1lico"},"content":{"rendered":"<h3>Caracter\u00edsticas:<\/h3>\n<ul>\n<li>Elemento de micr\u00f3fono electret amplificado con supresi\u00f3n de ruido<\/li>\n<li>Plug-and-play para carcasas de brazo flexible<\/li>\n<li>Conector est\u00e1ndar de aviaci\u00f3n<\/li>\n<\/ul>\n<h3>Ventajas:<\/h3>\n<p>Low-quality aviation headset microphone components can affect flight operations and pilot performance. RayTalk manufactures high-quality aviation accessories that perfectly meet the needs of team and institutional purchases. The ASP-01M electret microphone is especially suitable for metal boom aviation headsets. Its robust construction extends product lifespan, reducing the need for replacements and overall maintenance costs.<\/p>","protected":false},"excerpt":{"rendered":"<p>ASP-01M Electret Microphone for Flexible Boom Aviation Headsets. Compatible with Crystal Mic, BO SE, and Most PNR Headsets. The amplified electret, noise-canceling element rejects rotor\/engine roar and wind buffeting so ATC and intercom calls come through clean, even in high-noise aircraft. Fits most flexible-boom assemblies and installs in minutes\u2014no rewiring, no special tools.<\/p>","protected":false},"featured_media":4283,"template":"","meta":[],"product_brand":[],"product_cat":[208,246],"product_tag":[],"class_list":{"0":"post-4285","1":"product","2":"type-product","3":"status-publish","4":"has-post-thumbnail","6":"product_cat-aviation","7":"product_cat-headset-accessories","9":"first","10":"instock","11":"shipping-taxable","12":"purchasable","13":"product-type-simple"},"_links":{"self":[{"href":"https:\/\/raytalkcomms.com\/es\/wp-json\/wp\/v2\/product\/4285","targetHints":{"allow":["GET"]}}],"collection":[{"href":"https:\/\/raytalkcomms.com\/es\/wp-json\/wp\/v2\/product"}],"about":[{"href":"https:\/\/raytalkcomms.com\/es\/wp-json\/wp\/v2\/types\/product"}],"wp:featuredmedia":[{"embeddable":true,"href":"https:\/\/raytalkcomms.com\/es\/wp-json\/wp\/v2\/media\/4283"}],"wp:attachment":[{"href":"https:\/\/raytalkcomms.com\/es\/wp-json\/wp\/v2\/media?parent=4285"}],"wp:term":[{"taxonomy":"product_brand","embeddable":true,"href":"https:\/\/raytalkcomms.com\/es\/wp-json\/wp\/v2\/product_brand?post=4285"},{"taxonomy":"product_cat","embeddable":true,"href":"https:\/\/raytalkcomms.com\/es\/wp-json\/wp\/v2\/product_cat?post=4285"},{"taxonomy":"product_tag","embeddable":true,"href":"https:\/\/raytalkcomms.com\/es\/wp-json\/wp\/v2\/product_tag?post=4285"}],"curies":[{"name":"wp","href":"https:\/\/api.w.org\/{rel}","templated":true}]}}