{"id":4272,"date":"2025-11-05T12:11:50","date_gmt":"2025-11-05T12:11:50","guid":{"rendered":"https:\/\/raytalkcomms.com\/?post_type=product&#038;p=4272"},"modified":"2025-11-24T09:51:40","modified_gmt":"2025-11-24T09:51:40","slug":"ph-hm200q-pnr-in-helmet-headphones-with-xlr-5pin-cable","status":"publish","type":"product","link":"https:\/\/raytalkcomms.com\/es\/producto\/ph-hm200q-pnr-in-helmet-headphones-with-xlr-5pin-cable\/","title":{"rendered":"PH-HM200Q PNR Auriculares de casco con cable XLR de 5 clavijas"},"content":{"rendered":"<h3>Caracter\u00edsticas:<\/h3>\n<ul>\n<li>Visera integrada en el casco: La visera transparente protege de la luz solar, el viento y los residuos, garantizando un vuelo seguro y c\u00f3modo.<\/li>\n<li>Auriculares de aviaci\u00f3n integrados: Auriculares de alta calidad con micr\u00f3fono para una comunicaci\u00f3n clara durante el vuelo.<\/li>\n<li>Conexi\u00f3n de doble enchufe: Enchufes dobles GA est\u00e1ndar para una compatibilidad fiable con los sistemas de intercomunicaci\u00f3n de aviaci\u00f3n.<\/li>\n<li>Comodidad durante todo el d\u00eda: Construcci\u00f3n ligera con interior acolchado para un uso prolongado sin fatiga.<\/li>\n<li>Seguridad mejorada: Proporciona tanto protecci\u00f3n para la cabeza como reducci\u00f3n del ruido, manteniendo a los pilotos seguros en entornos exigentes.<\/li>\n<\/ul>\n<h3>Personalizaci\u00f3n opcional:<\/h3>\n<ul>\n<li>Disponible en negro, blanco y azul<\/li>\n<\/ul>\n<h3>Ventajas:<\/h3>\n<p>Vuele con confianza, no con distracciones. Los auriculares de casco PH-HM200Q le proporcionan un sistema estable de casco + comunicaciones, para que oiga claramente a su instructor, compa\u00f1ero de equipo o personal de tierra incluso con el ruido del viento y del acelerador. El interior acolchado alivia la presi\u00f3n y el estr\u00e9s de los impactos, ayud\u00e1ndole a mantener la concentraci\u00f3n durante m\u00e1s tiempo y a aterrizar de forma m\u00e1s limpia. La fiable conexi\u00f3n XLR de 5 clavijas significa menos interrupciones de las comunicaciones y m\u00e1s control. Ideal para equipos de parapente, paramotor y paracaidismo que se toman en serio la seguridad y la claridad.<\/p>","protected":false},"excerpt":{"rendered":"<p>Los auriculares PH-HM200Q PNR In-Helmet combinan un casco protector y comunicaciones claras en un solo sistema para operaciones de parapente, paramotor y paracaidismo. Los auriculares de aviaci\u00f3n se bloquean en la carcasa mediante una ranura espec\u00edfica para una estabilidad s\u00f3lida como una roca, mientras que el suave acolchado interior absorbe las sacudidas del viento y los impactos para mantener c\u00f3modos a los pilotos. La reducci\u00f3n pasiva del ruido mejora la claridad de la radio para las llamadas de entrenamiento y de equipo. Disponible en negro, blanco y azul, con cable XLR de 5 patillas para una conectividad profesional fiable.<\/p>\n<div id=\"gtx-trans\" style=\"position: absolute; left: 297px; top: -8.8px;\">\n<div class=\"gtx-trans-icon\"><\/div>\n<\/div>","protected":false},"featured_media":4273,"template":"","meta":[],"product_brand":[],"product_cat":[208,243],"product_tag":[],"class_list":{"0":"post-4272","1":"product","2":"type-product","3":"status-publish","4":"has-post-thumbnail","6":"product_cat-aviation","7":"product_cat-helmet-headsets","9":"first","10":"instock","11":"shipping-taxable","12":"purchasable","13":"product-type-simple"},"_links":{"self":[{"href":"https:\/\/raytalkcomms.com\/es\/wp-json\/wp\/v2\/product\/4272","targetHints":{"allow":["GET"]}}],"collection":[{"href":"https:\/\/raytalkcomms.com\/es\/wp-json\/wp\/v2\/product"}],"about":[{"href":"https:\/\/raytalkcomms.com\/es\/wp-json\/wp\/v2\/types\/product"}],"wp:featuredmedia":[{"embeddable":true,"href":"https:\/\/raytalkcomms.com\/es\/wp-json\/wp\/v2\/media\/4273"}],"wp:attachment":[{"href":"https:\/\/raytalkcomms.com\/es\/wp-json\/wp\/v2\/media?parent=4272"}],"wp:term":[{"taxonomy":"product_brand","embeddable":true,"href":"https:\/\/raytalkcomms.com\/es\/wp-json\/wp\/v2\/product_brand?post=4272"},{"taxonomy":"product_cat","embeddable":true,"href":"https:\/\/raytalkcomms.com\/es\/wp-json\/wp\/v2\/product_cat?post=4272"},{"taxonomy":"product_tag","embeddable":true,"href":"https:\/\/raytalkcomms.com\/es\/wp-json\/wp\/v2\/product_tag?post=4272"}],"curies":[{"name":"wp","href":"https:\/\/api.w.org\/{rel}","templated":true}]}}