{"id":4252,"date":"2025-11-05T10:51:22","date_gmt":"2025-11-05T10:51:22","guid":{"rendered":"https:\/\/raytalkcomms.com\/?post_type=product&#038;p=4252"},"modified":"2026-03-13T09:54:36","modified_gmt":"2026-03-13T09:54:36","slug":"ph-400ah-military-pilot-headset-with-noise-cancelling-mic","status":"publish","type":"product","link":"https:\/\/raytalkcomms.com\/es\/producto\/ph-400ah-military-pilot-headset-with-noise-cancelling-mic\/","title":{"rendered":"PH-400AH Auricular para piloto militar con micr\u00f3fono con cancelaci\u00f3n de ruido"},"content":{"rendered":"<h3>Caracter\u00edsticas:<\/h3>\n<ul>\n<li>Fibra de carbono, ultraligero, pesa s\u00f3lo 9 onzas(255 gramos).<\/li>\n<li>Enchufe U174\/U para helic\u00f3ptero.<\/li>\n<li>\u00cdndice de reducci\u00f3n de ruido pasivo (NRR): 23 dB.<\/li>\n<li>C\u00f3modos con almohadillas de piel sint\u00e9tica.<\/li>\n<li>Micr\u00f3fono electret con supresi\u00f3n de ruido de serie, micr\u00f3fono din\u00e1mico opcional.<\/li>\n<li>Bot\u00f3n de control de volumen de perfil bajo.<\/li>\n<\/ul>\n<h3>Ventajas:<\/h3>\n<p>Para empresas de excursiones en helic\u00f3ptero, unidades de rescate a\u00e9reo, aviaci\u00f3n de extinci\u00f3n de incendios y equipos SAR, el PH-400AH ofrece comunicaciones listas para la misi\u00f3n: Los altavoces Clear-Hear y la reducci\u00f3n pasiva del ruido de 23 dB permiten que el ATC y el intercomunicador atraviesen el ruido del rotor. Las carcasas ultraligeras de fibra de carbono, las almohadillas de piel sint\u00e9tica y el micr\u00f3fono flexible con cancelaci\u00f3n de ruido reducen la fatiga y los errores de audici\u00f3n. La clavija U174\/U, el resistente cable en espiral y el control de volumen de perfil bajo garantizan la durabilidad y la compatibilidad con la flota.<\/p>","protected":false},"excerpt":{"rendered":"<p>The PH-400AH military pilot headset is a headset with crystal-clear audio communication. For pilots, enjoy all-day comfort and clear audio performance. With a Full flexible boom, noise-canceling microphone, and wind-blocking foam mic muff. Clear Hear performance speakers and a 23dB NRR noise reduction rating, Air Traffic Control will come through loud and clear.<br \/>\nWith a military-grade U174 plug, tough, durable coil cord, and ultra-lightweight Carbon fiber ear shells, the PH-400AH military pilot headset is the perfect choice for all of your flying adventures.<\/p>","protected":false},"featured_media":4250,"template":"","meta":[],"product_brand":[],"product_cat":[208,315,245],"product_tag":[],"class_list":{"0":"post-4252","1":"product","2":"type-product","3":"status-publish","4":"has-post-thumbnail","6":"product_cat-aviation","7":"product_cat-helicopter","8":"product_cat-passive-noise-reduction","10":"first","11":"instock","12":"shipping-taxable","13":"purchasable","14":"product-type-simple"},"_links":{"self":[{"href":"https:\/\/raytalkcomms.com\/es\/wp-json\/wp\/v2\/product\/4252","targetHints":{"allow":["GET"]}}],"collection":[{"href":"https:\/\/raytalkcomms.com\/es\/wp-json\/wp\/v2\/product"}],"about":[{"href":"https:\/\/raytalkcomms.com\/es\/wp-json\/wp\/v2\/types\/product"}],"wp:featuredmedia":[{"embeddable":true,"href":"https:\/\/raytalkcomms.com\/es\/wp-json\/wp\/v2\/media\/4250"}],"wp:attachment":[{"href":"https:\/\/raytalkcomms.com\/es\/wp-json\/wp\/v2\/media?parent=4252"}],"wp:term":[{"taxonomy":"product_brand","embeddable":true,"href":"https:\/\/raytalkcomms.com\/es\/wp-json\/wp\/v2\/product_brand?post=4252"},{"taxonomy":"product_cat","embeddable":true,"href":"https:\/\/raytalkcomms.com\/es\/wp-json\/wp\/v2\/product_cat?post=4252"},{"taxonomy":"product_tag","embeddable":true,"href":"https:\/\/raytalkcomms.com\/es\/wp-json\/wp\/v2\/product_tag?post=4252"}],"curies":[{"name":"wp","href":"https:\/\/api.w.org\/{rel}","templated":true}]}}