{"id":4251,"date":"2025-11-05T10:47:20","date_gmt":"2025-11-05T10:47:20","guid":{"rendered":"https:\/\/raytalkcomms.com\/?post_type=product&#038;p=4251"},"modified":"2026-03-13T09:31:10","modified_gmt":"2026-03-13T09:31:10","slug":"ph-400a-carbon-fiber-lightweight-aviation-headset-for-airline-pilots","status":"publish","type":"product","link":"https:\/\/raytalkcomms.com\/es\/producto\/ph-400a-carbon-fiber-lightweight-aviation-headset-for-airline-pilots\/","title":{"rendered":"PH-400A Auriculares ligeros de fibra de carbono para pilotos de aviaci\u00f3n"},"content":{"rendered":"<h3>Caracter\u00edsticas:<\/h3>\n<ul>\n<li>Ultraligero, s\u00f3lo pesa 255 gramos (9 onzas).<\/li>\n<li>Enchufes dobles para GA.<\/li>\n<li>Almohadillas de piel sint\u00e9tica.<\/li>\n<li>\u00cdndice de reducci\u00f3n de ruido pasivo (NRR): 23 dB.<\/li>\n<li>Micr\u00f3fono electret con supresi\u00f3n de ruido, un micr\u00f3fono din\u00e1mico puede ser opcional.<\/li>\n<li>Bot\u00f3n de control de volumen de perfil bajo.<\/li>\n<li>Enchufe para auriculares: PJ-055(.25\u2033F6.3 plug).<\/li>\n<li>Enchufe de micr\u00f3fono: PJ-068(.206\u2033F5.2 plug).<\/li>\n<li>Cable recto del auricular al enchufe moldeado, 150CM.<\/li>\n<li>De serie con interruptor S\/M, con mandos de control de volumen dobles en el m\u00f3dulo de control.<\/li>\n<\/ul>\n<h3>Ventajas:<\/h3>\n<p>El elemento de micr\u00f3fono electret con cancelaci\u00f3n de ruido capta r\u00e1pidamente las voces de los pilotos y las transmite directamente y con precisi\u00f3n a la torre de control en tierra, garantizando una comunicaci\u00f3n fluida entre aire y tierra. Para los capitanes de aviaci\u00f3n general, el brazo del micr\u00f3fono puede girar 270 grados y ajustarse tanto vertical como horizontalmente, proporcionando una posici\u00f3n \u00f3ptima del micr\u00f3fono y una transmisi\u00f3n clara durante todo el vuelo. Es el auricular de fibra de carbono para aerol\u00edneas m\u00e1s ligero y asequible para equipos de demostraci\u00f3n de vuelo, centros de formaci\u00f3n de pilotos y compa\u00f1\u00edas de vuelos ch\u00e1rter.<\/p>\n<div id=\"gtx-trans\" style=\"position: absolute; left: -62px; top: 1.2px;\">\n<div class=\"gtx-trans-icon\"><\/div>\n<\/div>","protected":false},"excerpt":{"rendered":"<p>PH-400A premium lightweight aviation headset made of carbon fiber. PH-400A lightweight aviation headset is unlike any other headset you have ever worn. Hold it for just a second to realize what thousands of pilots have realized &#8211; &#8220;wow, this is very light.&#8221; At only 9oz!<br \/>\nEar Shell 100% premium carbon fiber design offers not only PNR 23dB noise reduction, but also weighs nearly half of a typical aviation headset. You will truly appreciate the low-key, low-weight design of the PH-400A carbon fiber lightweight aviation headset.<\/p>","protected":false},"featured_media":4249,"template":"","meta":[],"product_brand":[],"product_cat":[208,314,319],"product_tag":[],"class_list":{"0":"post-4251","1":"product","2":"type-product","3":"status-publish","4":"has-post-thumbnail","6":"product_cat-aviation","7":"product_cat-fixed-wing","8":"product_cat-passive-noise-reduction-fixed-wing","10":"first","11":"instock","12":"shipping-taxable","13":"purchasable","14":"product-type-simple"},"_links":{"self":[{"href":"https:\/\/raytalkcomms.com\/es\/wp-json\/wp\/v2\/product\/4251","targetHints":{"allow":["GET"]}}],"collection":[{"href":"https:\/\/raytalkcomms.com\/es\/wp-json\/wp\/v2\/product"}],"about":[{"href":"https:\/\/raytalkcomms.com\/es\/wp-json\/wp\/v2\/types\/product"}],"wp:featuredmedia":[{"embeddable":true,"href":"https:\/\/raytalkcomms.com\/es\/wp-json\/wp\/v2\/media\/4249"}],"wp:attachment":[{"href":"https:\/\/raytalkcomms.com\/es\/wp-json\/wp\/v2\/media?parent=4251"}],"wp:term":[{"taxonomy":"product_brand","embeddable":true,"href":"https:\/\/raytalkcomms.com\/es\/wp-json\/wp\/v2\/product_brand?post=4251"},{"taxonomy":"product_cat","embeddable":true,"href":"https:\/\/raytalkcomms.com\/es\/wp-json\/wp\/v2\/product_cat?post=4251"},{"taxonomy":"product_tag","embeddable":true,"href":"https:\/\/raytalkcomms.com\/es\/wp-json\/wp\/v2\/product_tag?post=4251"}],"curies":[{"name":"wp","href":"https:\/\/api.w.org\/{rel}","templated":true}]}}