{"id":4243,"date":"2025-11-05T09:11:01","date_gmt":"2025-11-05T09:11:01","guid":{"rendered":"https:\/\/raytalkcomms.com\/?post_type=product&#038;p=4243"},"modified":"2026-03-13T09:08:04","modified_gmt":"2026-03-13T09:08:04","slug":"ph-100ah-pnr-helicopter-headset-with-microphone","status":"publish","type":"product","link":"https:\/\/raytalkcomms.com\/es\/producto\/ph-100ah-pnr-helicopter-headset-with-microphone\/","title":{"rendered":"PH-100AH PNR Auricular para helic\u00f3ptero con micr\u00f3fono"},"content":{"rendered":"<h3>Caracter\u00edsticas:<\/h3>\n<ul>\n<li>Enchufe U174\/U para helic\u00f3pteros.<\/li>\n<li>PNR Auriculares con cancelaci\u00f3n pasiva del ruido y micr\u00f3fono electret.<\/li>\n<li>\u00cdndice de reducci\u00f3n de ruido pasivo (NRR): 23 dB.<\/li>\n<li>C\u00f3modas almohadillas mitad de gel mitad de espuma.<\/li>\n<li>Resistente brazo flexible para una colocaci\u00f3n perfecta del micr\u00f3fono.<\/li>\n<li>Mando de control de volumen de perfil bajo .<\/li>\n<li>Cable en espiral del auricular a la clavija moldeada, 70CM.<\/li>\n<\/ul>\n<h3>Personalizaci\u00f3n opcional:<\/h3>\n<ul>\n<li>Personaliza tus auriculares con el brazo de tu elecci\u00f3n (brazo flexible y brazo met\u00e1lico ajustable)<\/li>\n<li>Disponible en negro, azul, amarillo, verde, gris, rosa, rojo y naranja.<\/li>\n<\/ul>\n<h3>Ventajas:<\/h3>\n<p>Helicopter cockpits with large glass panels let in intense sunlight, often causing glare and heat that distract pilots during flight. The PH-100AH\u2019s low-profile design reduces reflection and visual interference, while its convenient volume knob allows quick sound adjustment for clear communication. The durable coiled cord stretches and retracts easily, preventing tangles and ensuring flexible movement in tight cockpit spaces. Fly Smarter with the PH-100AH helicopter headset.<\/p>","protected":false},"excerpt":{"rendered":"<p>Los auriculares PH-100AH PNR para helic\u00f3pteros son un accesorio de comunicaci\u00f3n popular y de precio competitivo dise\u00f1ado para sistemas de helic\u00f3pteros, que ofrece un audio claro y una coordinaci\u00f3n fiable de la tripulaci\u00f3n gracias a una s\u00f3lida reducci\u00f3n pasiva del ruido. Un NRR de 23 dB ayuda a reducir el ruido del rotor y de la cabina para que las radios suenen m\u00e1s limpias y las instrucciones sean m\u00e1s f\u00e1ciles de o\u00edr, mientras que la almohadilla de espuma suave de la cabeza y el dise\u00f1o de corte inferior se combinan con sellos para los o\u00eddos mitad de espuma y mitad de gel para una mayor comodidad durante largas misiones.<\/p>\n<p>The flexible microphone boom lets pilots place the electret mic precisely for consistent speech pickup, and the mic assembly is engineered to stringent pull-and-flex standards for durability in demanding ops. A single U-174\/U plug streamlines fleet integration and keeps setup fast.<\/p>\n<p>For flight departments who need dependable voice quality, comfort, and straightforward compatibility at an attractive price point, the PH-100AH PNR helicopter headset is ready for daily duty.<\/p>","protected":false},"featured_media":4240,"template":"","meta":[],"product_brand":[],"product_cat":[208,315,245],"product_tag":[],"class_list":{"0":"post-4243","1":"product","2":"type-product","3":"status-publish","4":"has-post-thumbnail","6":"product_cat-aviation","7":"product_cat-helicopter","8":"product_cat-passive-noise-reduction","10":"first","11":"instock","12":"shipping-taxable","13":"purchasable","14":"product-type-simple"},"_links":{"self":[{"href":"https:\/\/raytalkcomms.com\/es\/wp-json\/wp\/v2\/product\/4243","targetHints":{"allow":["GET"]}}],"collection":[{"href":"https:\/\/raytalkcomms.com\/es\/wp-json\/wp\/v2\/product"}],"about":[{"href":"https:\/\/raytalkcomms.com\/es\/wp-json\/wp\/v2\/types\/product"}],"wp:featuredmedia":[{"embeddable":true,"href":"https:\/\/raytalkcomms.com\/es\/wp-json\/wp\/v2\/media\/4240"}],"wp:attachment":[{"href":"https:\/\/raytalkcomms.com\/es\/wp-json\/wp\/v2\/media?parent=4243"}],"wp:term":[{"taxonomy":"product_brand","embeddable":true,"href":"https:\/\/raytalkcomms.com\/es\/wp-json\/wp\/v2\/product_brand?post=4243"},{"taxonomy":"product_cat","embeddable":true,"href":"https:\/\/raytalkcomms.com\/es\/wp-json\/wp\/v2\/product_cat?post=4243"},{"taxonomy":"product_tag","embeddable":true,"href":"https:\/\/raytalkcomms.com\/es\/wp-json\/wp\/v2\/product_tag?post=4243"}],"curies":[{"name":"wp","href":"https:\/\/api.w.org\/{rel}","templated":true}]}}