{"id":4242,"date":"2025-11-05T09:09:18","date_gmt":"2025-11-05T09:09:18","guid":{"rendered":"https:\/\/raytalkcomms.com\/?post_type=product&#038;p=4242"},"modified":"2025-12-19T13:21:01","modified_gmt":"2025-12-19T13:21:01","slug":"ph-100m-ga-pnr-aviation-headset-for-student-pilot","status":"publish","type":"product","link":"https:\/\/raytalkcomms.com\/es\/producto\/ph-100m-ga-pnr-aviation-headset-for-student-pilot\/","title":{"rendered":"PH-100M GA PNR Auricular de aviaci\u00f3n para alumno piloto"},"content":{"rendered":"<h3>Caracter\u00edsticas:<\/h3>\n<ul>\n<li>Dual plugs for general aircraft.<\/li>\n<li>C\u00f3modas almohadillas mitad de gel y mitad de espuma<\/li>\n<li>Micr\u00f3fono electret con supresi\u00f3n de ruido de serie, micr\u00f3fono din\u00e1mico opcional.<\/li>\n<li>Bot\u00f3n de control de volumen de perfil bajo.<\/li>\n<li>Enchufe para auriculares: PJ-055(.25\u2033F6.3 plug).<\/li>\n<li>Enchufe de micr\u00f3fono: PJ-068(.206\u2033F5.2 plug).<\/li>\n<li>Straight cord from headset to molded plug, 130CM.<\/li>\n<\/ul>\n<h3>Personalizaci\u00f3n opcional:<\/h3>\n<ul>\n<li>Available with flexible or adjustable metal boom arm<\/li>\n<li>Disponible en negro, azul, amarillo, verde, gris, rosa, rojo y naranja.<\/li>\n<\/ul>\n<h3>Ventajas:<\/h3>\n<p>PH-100M GA PNR Headset solves training headaches for schools and flight departments. Robust passive noise reduction keeps radio calls crisp. The lightweight, cushioned fit cuts fatigue on long sorties. A compact control module adds quick volume, mono\/stereo selection, adjustable mic resistance, and a 3.5 mm jack for briefings and alerts. Standard GA plugs and a durable, serviceable build speed fleet adoption, reduce downtime, and lower total cost for student operations.<\/p>","protected":false},"excerpt":{"rendered":"<p>PH-100M fixed wing GA aircraft headset with adjustable metal boom arm is a perfect aviation headset for all pilots, instructors, student pilots, flight schools, and more. It provides maximum comfort with ultra-soft half gel half foam ear seals, exceptional noise reduction with clear sound, high-quality materials durability built to last. It is a perfect pilot flying aviation headset.<\/p>\n<div id=\"gtx-trans\" style=\"position: absolute; left: 283px; top: -8.8px;\">\n<div class=\"gtx-trans-icon\"><\/div>\n<\/div>","protected":false},"featured_media":4239,"template":"","meta":[],"product_brand":[],"product_cat":[208,314,319],"product_tag":[],"class_list":{"0":"post-4242","1":"product","2":"type-product","3":"status-publish","4":"has-post-thumbnail","6":"product_cat-aviation","7":"product_cat-fixed-wing","8":"product_cat-passive-noise-reduction-fixed-wing","10":"first","11":"instock","12":"shipping-taxable","13":"purchasable","14":"product-type-simple"},"_links":{"self":[{"href":"https:\/\/raytalkcomms.com\/es\/wp-json\/wp\/v2\/product\/4242","targetHints":{"allow":["GET"]}}],"collection":[{"href":"https:\/\/raytalkcomms.com\/es\/wp-json\/wp\/v2\/product"}],"about":[{"href":"https:\/\/raytalkcomms.com\/es\/wp-json\/wp\/v2\/types\/product"}],"wp:featuredmedia":[{"embeddable":true,"href":"https:\/\/raytalkcomms.com\/es\/wp-json\/wp\/v2\/media\/4239"}],"wp:attachment":[{"href":"https:\/\/raytalkcomms.com\/es\/wp-json\/wp\/v2\/media?parent=4242"}],"wp:term":[{"taxonomy":"product_brand","embeddable":true,"href":"https:\/\/raytalkcomms.com\/es\/wp-json\/wp\/v2\/product_brand?post=4242"},{"taxonomy":"product_cat","embeddable":true,"href":"https:\/\/raytalkcomms.com\/es\/wp-json\/wp\/v2\/product_cat?post=4242"},{"taxonomy":"product_tag","embeddable":true,"href":"https:\/\/raytalkcomms.com\/es\/wp-json\/wp\/v2\/product_tag?post=4242"}],"curies":[{"name":"wp","href":"https:\/\/api.w.org\/{rel}","templated":true}]}}