{"id":4237,"date":"2025-11-05T07:48:55","date_gmt":"2025-11-05T07:48:55","guid":{"rendered":"https:\/\/raytalkcomms.com\/?post_type=product&#038;p=4237"},"modified":"2026-03-13T09:46:05","modified_gmt":"2026-03-13T09:46:05","slug":"ph-400ah-bluetooth-headset-for-pilots","status":"publish","type":"product","link":"https:\/\/raytalkcomms.com\/es\/producto\/ph-400ah-bluetooth-headset-for-pilots\/","title":{"rendered":"PH-400AH Auricular Bluetooth de helic\u00f3ptero para pilotos"},"content":{"rendered":"<h3>Caracter\u00edsticas:<\/h3>\n<ul>\n<li>Enchufe U174\/U para helic\u00f3ptero.<\/li>\n<li>\u00cdndice de reducci\u00f3n de ruido activo (NRR): 29 dB.<\/li>\n<li>\u00cdndice de reducci\u00f3n de ruido pasivo (NRR): 23 dB.<\/li>\n<li>Fibra de carbono ultraligera con Bluetooth habilitado para m\u00fasica y llamadas telef\u00f3nicas.<\/li>\n<li>Entrada de audio auxiliar de 3,5 mm. (cable incluido)<\/li>\n<li>Interruptor de prioridad de audio de 3 v\u00edas: A)Prioridad de intercomunicaci\u00f3n, B)Todas las fuentes de audio, C)S\u00f3lo intercomunicaci\u00f3n.<\/li>\n<li>LED de alimentaci\u00f3n\/estado de la bater\u00eda de 3 colores.<\/li>\n<li>LED de estado Bluetooth de 4 funciones.<\/li>\n<li>Funciona con 2 pilas alcalinas AA (no incluidas)<\/li>\n<li>Altavoces y micr\u00f3fono de alta calidad para un sonido n\u00edtido.<\/li>\n<\/ul>\n<h3>Ventajas:<\/h3>\n<p>For flight organizations and aviation teams operating helicopter systems, the PH-400AH Bluetooth Active Noise Reduction headset covers all the essentials of a helicopter headset. It goes further with better sound, greater comfort, and a lighter build, making it an ideal headset for pilots. With Bluetooth for calls and music, pilots can manage audio on the fly and stay focused on the mission without breaking workflow.<\/p>","protected":false},"excerpt":{"rendered":"<p>PH-400AHC- BT Bluetooth headset for pilots, an unmatched combination of active noise cancellation, comfort, and clear communication, is designed to let you focus on what matters -flying.<br \/>\nCarbon Fiber ear shell weighing just 260g, it&#8217;s one of the lightest and most comfortable aviation headsets you&#8217;ll find.<br \/>\nHigh-quality ear pad and head pad, super soft, comfortable fit. The ear pad not only shields the noise, but also protects the head from being squeezed. The headset headband can be freely adjusted, is suitable for any head size, and provides you with all-day comfort. It also features a U174\/U plug, making it especially suitable for helicopter communication systems.<\/p>","protected":false},"featured_media":4236,"template":"","meta":[],"product_brand":[],"product_cat":[208,315,321],"product_tag":[],"class_list":{"0":"post-4237","1":"product","2":"type-product","3":"status-publish","4":"has-post-thumbnail","6":"product_cat-aviation","7":"product_cat-helicopter","8":"product_cat-bluetooth-helicopter","10":"first","11":"instock","12":"shipping-taxable","13":"purchasable","14":"product-type-simple"},"_links":{"self":[{"href":"https:\/\/raytalkcomms.com\/es\/wp-json\/wp\/v2\/product\/4237","targetHints":{"allow":["GET"]}}],"collection":[{"href":"https:\/\/raytalkcomms.com\/es\/wp-json\/wp\/v2\/product"}],"about":[{"href":"https:\/\/raytalkcomms.com\/es\/wp-json\/wp\/v2\/types\/product"}],"wp:featuredmedia":[{"embeddable":true,"href":"https:\/\/raytalkcomms.com\/es\/wp-json\/wp\/v2\/media\/4236"}],"wp:attachment":[{"href":"https:\/\/raytalkcomms.com\/es\/wp-json\/wp\/v2\/media?parent=4237"}],"wp:term":[{"taxonomy":"product_brand","embeddable":true,"href":"https:\/\/raytalkcomms.com\/es\/wp-json\/wp\/v2\/product_brand?post=4237"},{"taxonomy":"product_cat","embeddable":true,"href":"https:\/\/raytalkcomms.com\/es\/wp-json\/wp\/v2\/product_cat?post=4237"},{"taxonomy":"product_tag","embeddable":true,"href":"https:\/\/raytalkcomms.com\/es\/wp-json\/wp\/v2\/product_tag?post=4237"}],"curies":[{"name":"wp","href":"https:\/\/api.w.org\/{rel}","templated":true}]}}