{"id":4235,"date":"2025-11-05T07:41:41","date_gmt":"2025-11-05T07:41:41","guid":{"rendered":"https:\/\/raytalkcomms.com\/?post_type=product&#038;p=4235"},"modified":"2026-03-02T08:03:40","modified_gmt":"2026-03-02T08:03:40","slug":"ph-400a-carbon-fiber-bluetooth-anr-pilot-headsets","status":"publish","type":"product","link":"https:\/\/raytalkcomms.com\/es\/producto\/ph-400a-carbon-fiber-bluetooth-anr-pilot-headsets\/","title":{"rendered":"PH-400A Auriculares Bluetooth ANR de fibra de carbono para pilotos"},"content":{"rendered":"<h3>Caracter\u00edsticas:<\/h3>\n<ul>\n<li>Ultraligero, s\u00f3lo pesa 255 gramos (9 onzas).<\/li>\n<li>\u00cdndice de reducci\u00f3n de ruido activo (NRR): 29 dB.<\/li>\n<li>\u00cdndice de reducci\u00f3n de ruido pasivo (NRR): 23 dB.<\/li>\n<li>Bluetooth habilitado para m\u00fasica y llamadas telef\u00f3nicas.<\/li>\n<li>Entrada de audio auxiliar de 3,5 mm. (cable incluido)<\/li>\n<li>Interruptor de prioridad de audio de 3 v\u00edas: A) Prioridad de intercomunicaci\u00f3n, B) Todas las fuentes de audio, C) S\u00f3lo intercomunicaci\u00f3n.<\/li>\n<li>LED de alimentaci\u00f3n\/estado de la bater\u00eda de 3 colores.<\/li>\n<li>LED de estado Bluetooth de 4 funciones.<\/li>\n<li>Funciona con 2 pilas AA (no incluidas)<\/li>\n<li>Auriculares de fibra de carbono.<\/li>\n<li>Cojines ultrac\u00f3modos de piel sint\u00e9tica.<\/li>\n<li>Altavoces y micr\u00f3fono de alta calidad para un sonido n\u00edtido.<\/li>\n<\/ul>\n<h3>Ventajas:<\/h3>\n<p>Built for flight departments and training operators, the PH-400A pilot headsets pair powerful active noise reduction with a lighter build to cut fatigue and keep crews focused. The ANR system reduces cockpit roar to help protect hearing and improve radio clarity, while the streamlined materials trim overall weight for all-day comfort. Integrated Bluetooth and an inline control box make it easy to manage calls, audio prompts, and music without breaking workflow.<\/p>","protected":false},"excerpt":{"rendered":"<p>PH-400AC-BT is unlike any other pilot headset you&#8217;ve ever worn. Made of carbon fiber, only 9oz. Adjustable stainless steel headband allows you to flex and set the comfortable tension. Custom-fit your pilot headset for the best overall comfort.<br \/>\nEl m\u00f3dulo de control Bluetooth incluye una entrada de audio auxiliar con cambio de prioridad, control de priorizaci\u00f3n de audio personalizable y circuitos de alimentaci\u00f3n flexibles con encendido autom\u00e1tico que alternan entre la alimentaci\u00f3n de la bater\u00eda y la del avi\u00f3n. Incluye conectividad Bluetooth para recibir llamadas o escuchar m\u00fasica.<\/p>","protected":false},"featured_media":4234,"template":"","meta":[],"product_brand":[],"product_cat":[208,314,320],"product_tag":[],"class_list":{"0":"post-4235","1":"product","2":"type-product","3":"status-publish","4":"has-post-thumbnail","6":"product_cat-aviation","7":"product_cat-fixed-wing","8":"product_cat-bluetooth-fixed-wing","10":"first","11":"instock","12":"shipping-taxable","13":"purchasable","14":"product-type-simple"},"_links":{"self":[{"href":"https:\/\/raytalkcomms.com\/es\/wp-json\/wp\/v2\/product\/4235","targetHints":{"allow":["GET"]}}],"collection":[{"href":"https:\/\/raytalkcomms.com\/es\/wp-json\/wp\/v2\/product"}],"about":[{"href":"https:\/\/raytalkcomms.com\/es\/wp-json\/wp\/v2\/types\/product"}],"wp:featuredmedia":[{"embeddable":true,"href":"https:\/\/raytalkcomms.com\/es\/wp-json\/wp\/v2\/media\/4234"}],"wp:attachment":[{"href":"https:\/\/raytalkcomms.com\/es\/wp-json\/wp\/v2\/media?parent=4235"}],"wp:term":[{"taxonomy":"product_brand","embeddable":true,"href":"https:\/\/raytalkcomms.com\/es\/wp-json\/wp\/v2\/product_brand?post=4235"},{"taxonomy":"product_cat","embeddable":true,"href":"https:\/\/raytalkcomms.com\/es\/wp-json\/wp\/v2\/product_cat?post=4235"},{"taxonomy":"product_tag","embeddable":true,"href":"https:\/\/raytalkcomms.com\/es\/wp-json\/wp\/v2\/product_tag?post=4235"}],"curies":[{"name":"wp","href":"https:\/\/api.w.org\/{rel}","templated":true}]}}