{"id":4232,"date":"2025-11-05T07:38:24","date_gmt":"2025-11-05T07:38:24","guid":{"rendered":"https:\/\/raytalkcomms.com\/?post_type=product&#038;p=4232"},"modified":"2026-03-02T09:21:09","modified_gmt":"2026-03-02T09:21:09","slug":"ph-400ac-anr-carbon-fiber-general-aviation-headsets","status":"publish","type":"product","link":"https:\/\/raytalkcomms.com\/es\/producto\/ph-400ac-anr-carbon-fiber-general-aviation-headsets\/","title":{"rendered":"PH-400AC Auriculares ANR de fibra de carbono para aviaci\u00f3n general"},"content":{"rendered":"<h3>Caracter\u00edsticas:<\/h3>\n<ul>\n<li>Enchufes dobles para GA.<\/li>\n<li>\u00cdndice de reducci\u00f3n de ruido activo (NRR): 29 dB.<\/li>\n<li>\u00cdndice de reducci\u00f3n de ruido pasivo (NRR): 23 dB.<\/li>\n<li>Caja peque\u00f1a de pilas alcalinas AA con clip para cintur\u00f3n. (Pila no incluida)<\/li>\n<li>Cojines ultrac\u00f3modos de piel sint\u00e9tica.<\/li>\n<li>De serie con interruptor S\/M, con dos botones de control de volumen en los auriculares<\/li>\n<li>Micr\u00f3fono electret con supresi\u00f3n de ruido, un micr\u00f3fono din\u00e1mico puede ser opcional.<\/li>\n<li>Gran rendimiento del altavoz de audio con un sonido n\u00edtido.<\/li>\n<li>Bot\u00f3n de control de volumen de perfil bajo.<\/li>\n<li>Diadema de acero con resorte totalmente ajustable.<\/li>\n<li>Enchufe para auriculares: PJ-055(.25\u2033F6.3 plug).<\/li>\n<li>Enchufe de micr\u00f3fono: PJ-068(.206\u2033F5.2 plug).<\/li>\n<li>Cable recto del auricular al enchufe moldeado, 150CM.<\/li>\n<\/ul>\n<h3>Ventajas:<\/h3>\n<p>Cuando los compradores y tripulaciones de aviaci\u00f3n quieren algo m\u00e1s ligero y de primera calidad, el auricular de fibra de carbono PH-400AC ANR es dif\u00edcil de superar. Elija estos auriculares para la cabina de pilotaje y obtendr\u00e1 unas almohadillas de piel sint\u00e9tica ultrac\u00f3modas y suaves como una nube, tanto en saltos cortos como en misiones largas. La excelente calidad de audio mantiene las conversaciones fluidas y acelera la coordinaci\u00f3n. Tambi\u00e9n podemos personalizar los auriculares para que su aerol\u00ednea o equipo de operaciones mantenga su marca.<\/p>","protected":false},"excerpt":{"rendered":"<p>Los auriculares de aviaci\u00f3n general PH-400AC (edici\u00f3n de fibra de carbono) son una serie limitada de auriculares de aviaci\u00f3n. La mayor\u00eda de los elementos estructurales, incluidas las carcasas y sus asas, est\u00e1n fabricados en fibra de carbono. El uso de este material, adem\u00e1s de la est\u00e9tica \u00fanica, ha reducido el peso de los auriculares. (s\u00f3lo 9 onzas). El piloto, ante todo, se sentir\u00e1 c\u00f3modo, especialmente tras largas horas de vuelo. Los auriculares PH-400AC para aviaci\u00f3n general est\u00e1n equipados con almohadillas est\u00e1ndar de piel sint\u00e9tica, pero tambi\u00e9n est\u00e1n disponibles otros tipos de almohadillas.<\/p>","protected":false},"featured_media":4233,"template":"","meta":[],"product_brand":[],"product_cat":[208,314,244],"product_tag":[],"class_list":{"0":"post-4232","1":"product","2":"type-product","3":"status-publish","4":"has-post-thumbnail","6":"product_cat-aviation","7":"product_cat-fixed-wing","8":"product_cat-active-noise-cancelling","10":"first","11":"instock","12":"shipping-taxable","13":"purchasable","14":"product-type-simple"},"_links":{"self":[{"href":"https:\/\/raytalkcomms.com\/es\/wp-json\/wp\/v2\/product\/4232","targetHints":{"allow":["GET"]}}],"collection":[{"href":"https:\/\/raytalkcomms.com\/es\/wp-json\/wp\/v2\/product"}],"about":[{"href":"https:\/\/raytalkcomms.com\/es\/wp-json\/wp\/v2\/types\/product"}],"wp:featuredmedia":[{"embeddable":true,"href":"https:\/\/raytalkcomms.com\/es\/wp-json\/wp\/v2\/media\/4233"}],"wp:attachment":[{"href":"https:\/\/raytalkcomms.com\/es\/wp-json\/wp\/v2\/media?parent=4232"}],"wp:term":[{"taxonomy":"product_brand","embeddable":true,"href":"https:\/\/raytalkcomms.com\/es\/wp-json\/wp\/v2\/product_brand?post=4232"},{"taxonomy":"product_cat","embeddable":true,"href":"https:\/\/raytalkcomms.com\/es\/wp-json\/wp\/v2\/product_cat?post=4232"},{"taxonomy":"product_tag","embeddable":true,"href":"https:\/\/raytalkcomms.com\/es\/wp-json\/wp\/v2\/product_tag?post=4232"}],"curies":[{"name":"wp","href":"https:\/\/api.w.org\/{rel}","templated":true}]}}