{"id":4227,"date":"2025-11-05T07:15:40","date_gmt":"2025-11-05T07:15:40","guid":{"rendered":"https:\/\/raytalkcomms.com\/?post_type=product&#038;p=4227"},"modified":"2026-03-13T09:41:29","modified_gmt":"2026-03-13T09:41:29","slug":"ph-100h-helicopter-headset-with-metal-boom-arm","status":"publish","type":"product","link":"https:\/\/raytalkcomms.com\/es\/producto\/ph-100h-helicopter-headset-with-metal-boom-arm\/","title":{"rendered":"PH-100H Casco telef\u00f3nico para helic\u00f3ptero con brazo de metal"},"content":{"rendered":"<h3>Caracter\u00edsticas:<\/h3>\n<ul>\n<li>ANR Auriculares con micr\u00f3fono electret y reducci\u00f3n activa del ruido.<\/li>\n<li>\u00cdndice de reducci\u00f3n de ruido activo (NRR): 29 dB.<\/li>\n<li>\u00cdndice de reducci\u00f3n de ruido pasivo (NRR): 23 dB.<\/li>\n<li>Caja peque\u00f1a para pilas alcalinas AA con clip para el cintur\u00f3n.(Pila no incluida)<\/li>\n<li>Brazo resistente y flexible para una colocaci\u00f3n perfecta del micr\u00f3fono.<\/li>\n<li>Bot\u00f3n de control de volumen de perfil bajo.<\/li>\n<li>Diadema de acero con resorte totalmente ajustable.<\/li>\n<li>Un conector de audio de 3,5 mm es opcional para la m\u00fasica.<\/li>\n<\/ul>\n<h3>Personalizaci\u00f3n opcional:<\/h3>\n<ul>\n<li>Disponible en negro, azul, amarillo, verde, gris, rosa y rojo<\/li>\n<\/ul>\n<h3>Ventajas:<\/h3>\n<p>Dise\u00f1ados para operadores de helic\u00f3pteros y organismos de respuesta a emergencias, los auriculares PH-100 H para helic\u00f3pteros con brazo met\u00e1lico ofrecen dos opciones de micr\u00f3fono: un brazo met\u00e1lico ajustable y un brazo flexible. Equilibra una posici\u00f3n r\u00edgida con un ajuste flexible para garantizar una captaci\u00f3n estable y una comunicaci\u00f3n clara en entornos con mucho ruido y vibraciones.<br \/>\nPara los equipos de adquisici\u00f3n, este auricular sobre la oreja combina un c\u00f3modo ajuste circumaural con una eficaz reducci\u00f3n del ruido para mejorar la concentraci\u00f3n del piloto y la tripulaci\u00f3n, al tiempo que reduce el riesgo de errores de comunicaci\u00f3n. Es adecuado para una amplia gama de misiones, como vuelos tur\u00edsticos, operaciones agr\u00edcolas y forestales, turnos de formaci\u00f3n y servicio, y servicios de emergencia y lucha contra incendios.<\/p>","protected":false},"excerpt":{"rendered":"<p>PH- 100HC ANR helicopter headset with Metal Boom Arm reduces the unwanted ambient noise in the cockpit by using both Passive Noise Reduction (PNR) and Active Noise Reduction(ANR). Using this technology, low-frequency ambient noise is significantly reduced, and important communication can be heard in a clear, crisp manner.<br \/>\nPH-100HC helicopter headset will continue to operate as a PNR headset should the ANR become inactive for any reason, such as low or no battery power.<\/p>","protected":false},"featured_media":4231,"template":"","meta":[],"product_brand":[],"product_cat":[208,315,318],"product_tag":[],"class_list":{"0":"post-4227","1":"product","2":"type-product","3":"status-publish","4":"has-post-thumbnail","6":"product_cat-aviation","7":"product_cat-helicopter","8":"product_cat-active-noise-cancelling-helicopter","10":"first","11":"instock","12":"shipping-taxable","13":"purchasable","14":"product-type-simple"},"_links":{"self":[{"href":"https:\/\/raytalkcomms.com\/es\/wp-json\/wp\/v2\/product\/4227","targetHints":{"allow":["GET"]}}],"collection":[{"href":"https:\/\/raytalkcomms.com\/es\/wp-json\/wp\/v2\/product"}],"about":[{"href":"https:\/\/raytalkcomms.com\/es\/wp-json\/wp\/v2\/types\/product"}],"wp:featuredmedia":[{"embeddable":true,"href":"https:\/\/raytalkcomms.com\/es\/wp-json\/wp\/v2\/media\/4231"}],"wp:attachment":[{"href":"https:\/\/raytalkcomms.com\/es\/wp-json\/wp\/v2\/media?parent=4227"}],"wp:term":[{"taxonomy":"product_brand","embeddable":true,"href":"https:\/\/raytalkcomms.com\/es\/wp-json\/wp\/v2\/product_brand?post=4227"},{"taxonomy":"product_cat","embeddable":true,"href":"https:\/\/raytalkcomms.com\/es\/wp-json\/wp\/v2\/product_cat?post=4227"},{"taxonomy":"product_tag","embeddable":true,"href":"https:\/\/raytalkcomms.com\/es\/wp-json\/wp\/v2\/product_tag?post=4227"}],"curies":[{"name":"wp","href":"https:\/\/api.w.org\/{rel}","templated":true}]}}