{"id":4224,"date":"2025-11-05T07:08:55","date_gmt":"2025-11-05T07:08:55","guid":{"rendered":"https:\/\/raytalkcomms.com\/?post_type=product&#038;p=4224"},"modified":"2026-03-13T09:39:31","modified_gmt":"2026-03-13T09:39:31","slug":"ph-100h-anr-pilot-headset-with-u174-plug","status":"publish","type":"product","link":"https:\/\/raytalkcomms.com\/es\/producto\/ph-100h-anr-pilot-headset-with-u174-plug\/","title":{"rendered":"PH-100H Auricular ANR para piloto con clavija U174"},"content":{"rendered":"<h3>Caracter\u00edsticas:<\/h3>\n<ul>\n<li>ANR Auriculares con micr\u00f3fono electret y reducci\u00f3n activa del ruido.<\/li>\n<li>\u00cdndice de reducci\u00f3n de ruido activo (NRR): 29 dB.<\/li>\n<li>\u00cdndice de reducci\u00f3n de ruido pasivo (NRR): 23 dB.<\/li>\n<li>Caja peque\u00f1a para pilas alcalinas AA con clip para el cintur\u00f3n.(Pila no incluida)<\/li>\n<li>Brazo resistente y flexible para una colocaci\u00f3n perfecta del micr\u00f3fono.<\/li>\n<li>Bot\u00f3n de control de volumen de perfil bajo.<\/li>\n<li>Diadema de acero con resorte totalmente ajustable.<\/li>\n<li>Un conector de audio de 3,5 mm es opcional para la m\u00fasica.<\/li>\n<\/ul>\n<h3>Personalizaci\u00f3n opcional:<\/h3>\n<ul>\n<li>Disponible en negro, azul, amarillo, verde, gris, rosa y rojo<\/li>\n<\/ul>\n<h3>Ventajas:<\/h3>\n<p>En la cabina, el ruido de fondo es m\u00e1s que una distracci\u00f3n: es un riesgo. Los auriculares de aviaci\u00f3n PH-100H ANR est\u00e1n dise\u00f1ados para operadores de helic\u00f3pteros y pilotos profesionales que exigen una claridad absoluta en la comunicaci\u00f3n.<br \/>\nLos pilotos de helic\u00f3pteros se enfrentan a niveles sonoros extremos y dependen de una comunicaci\u00f3n clara y fiable en cada misi\u00f3n.<br \/>\nLos auriculares de aviaci\u00f3n con reducci\u00f3n activa del ruido PH-100H ofrecen un rendimiento de audio superior, durabilidad y comodidad para satisfacer esas altas expectativas. Tanto si gestiona una flota de helic\u00f3pteros como si vuela en misiones a diario, los auriculares para pilotos RayTalk PH-100H le ayudan a mantenerse conectado con confianza, comodidad y claridad.<\/p>","protected":false},"excerpt":{"rendered":"<p>Los auriculares PH-100H con reducci\u00f3n activa del ruido (ANR) est\u00e1n dise\u00f1ados para pilotos de helic\u00f3pteros que se toman el vuelo muy en serio. Gracias a su avanzada tecnolog\u00eda ANR, los auriculares reducen el ruido de la cabina hasta 20 dB y proporcionan 27 dB NRR, lo que ayuda a los pilotos a disfrutar de una comunicaci\u00f3n m\u00e1s clara y una cabina m\u00e1s silenciosa. Para que pueda volar m\u00e1s tiempo, m\u00e1s c\u00f3modamente, en un entorno m\u00e1s silencioso.<br \/>\nCaja de bater\u00edas con interruptor S\/M. El kit manos libres de piloto se apagar\u00e1 autom\u00e1ticamente cuando el kit manos libres se desenchufe de la caja de bater\u00edas o se apague manualmente utilizando el interruptor de palanca de la caja de bater\u00edas. El kit manos libres tambi\u00e9n se apagar\u00e1 autom\u00e1ticamente cuando se apague el interruptor principal de radio o avi\u00f3nica.<\/p>","protected":false},"featured_media":4230,"template":"","meta":[],"product_brand":[],"product_cat":[208,315,318],"product_tag":[],"class_list":{"0":"post-4224","1":"product","2":"type-product","3":"status-publish","4":"has-post-thumbnail","6":"product_cat-aviation","7":"product_cat-helicopter","8":"product_cat-active-noise-cancelling-helicopter","10":"first","11":"instock","12":"shipping-taxable","13":"purchasable","14":"product-type-simple"},"_links":{"self":[{"href":"https:\/\/raytalkcomms.com\/es\/wp-json\/wp\/v2\/product\/4224","targetHints":{"allow":["GET"]}}],"collection":[{"href":"https:\/\/raytalkcomms.com\/es\/wp-json\/wp\/v2\/product"}],"about":[{"href":"https:\/\/raytalkcomms.com\/es\/wp-json\/wp\/v2\/types\/product"}],"wp:featuredmedia":[{"embeddable":true,"href":"https:\/\/raytalkcomms.com\/es\/wp-json\/wp\/v2\/media\/4230"}],"wp:attachment":[{"href":"https:\/\/raytalkcomms.com\/es\/wp-json\/wp\/v2\/media?parent=4224"}],"wp:term":[{"taxonomy":"product_brand","embeddable":true,"href":"https:\/\/raytalkcomms.com\/es\/wp-json\/wp\/v2\/product_brand?post=4224"},{"taxonomy":"product_cat","embeddable":true,"href":"https:\/\/raytalkcomms.com\/es\/wp-json\/wp\/v2\/product_cat?post=4224"},{"taxonomy":"product_tag","embeddable":true,"href":"https:\/\/raytalkcomms.com\/es\/wp-json\/wp\/v2\/product_tag?post=4224"}],"curies":[{"name":"wp","href":"https:\/\/api.w.org\/{rel}","templated":true}]}}