{"id":4222,"date":"2025-11-05T03:32:02","date_gmt":"2025-11-05T03:32:02","guid":{"rendered":"https:\/\/raytalkcomms.com\/?post_type=product&#038;p=4222"},"modified":"2026-03-13T09:36:13","modified_gmt":"2026-03-13T09:36:13","slug":"ph-100a-plane-headset-with-anr-and-bluetooth","status":"publish","type":"product","link":"https:\/\/raytalkcomms.com\/es\/producto\/ph-100a-plane-headset-with-anr-and-bluetooth\/","title":{"rendered":"PH-100A Auricular de avi\u00f3n con ANR y Bluetooth"},"content":{"rendered":"<h3>Caracter\u00edsticas:<\/h3>\n<ul>\n<li>\u00cdndice de reducci\u00f3n de ruido activo (NRR): 29 dB.<\/li>\n<li>\u00cdndice de reducci\u00f3n de ruido pasivo (NRR): 23 dB.<\/li>\n<li>Orejera de pl\u00e1stico con Bluetooth habilitado para m\u00fasica y llamadas telef\u00f3nicas.<\/li>\n<li>Entrada de audio auxiliar de 3,5 mm (cable incluido).<\/li>\n<li>Interruptor de prioridad de audio de 3 v\u00edas: A)Prioridad de intercomunicaci\u00f3n, B)Todas las fuentes de audio, C)S\u00f3lo intercomunicaci\u00f3n.<\/li>\n<li>LED de alimentaci\u00f3n\/estado de la bater\u00eda de 3 colores.<\/li>\n<li>LED de estado Bluetooth de 4 funciones.<\/li>\n<li>Utiliza 2 pilas alcalinas AA. (Pilas no incluidas)<\/li>\n<li>Altavoces y micr\u00f3fono de alta calidad para un sonido n\u00edtido.<\/li>\n<\/ul>\n<h3>Personalizaci\u00f3n opcional:<\/h3>\n<ul>\n<li>Disponible en micr\u00f3fono din\u00e1mico o electret para adaptarse a diferentes necesidades de comunicaci\u00f3n.<\/li>\n<\/ul>\n<h3>Ventajas:<\/h3>\n<p>Los auriculares PH-100A-BT para aviones son el resultado de a\u00f1os de innovaci\u00f3n y perfeccionamiento continuo por parte del equipo de I+D de RayTalk. Dise\u00f1ados para pilotos profesionales, estos avanzados auriculares Bluetooth para aviaci\u00f3n combinan la m\u00e1s avanzada tecnolog\u00eda de cancelaci\u00f3n de ruido con una comodidad superior para vuelos de larga distancia. Con un m\u00f3dulo de control Bluetooth, le permite conectar a la perfecci\u00f3n sus dispositivos para transmitir m\u00fasica de alta calidad o realizar llamadas en modo manos libres, al tiempo que mantiene una comunicaci\u00f3n n\u00edtida durante el vuelo gracias a su micr\u00f3fono electret con supresi\u00f3n de ruido. Las almohadillas ultrasuaves est\u00e1n dise\u00f1adas para ofrecer una comodidad excepcional y una protecci\u00f3n eficaz contra el ruido, incluso durante largas horas de vuelo. Tanto en la cabina como en tierra, los PH-100-BT garantizan un rendimiento fiable, un sonido de primera calidad y comodidad durante todo el d\u00eda.<\/p>","protected":false},"excerpt":{"rendered":"<p>Los auriculares Bluetooth para aviones PH-100A-BT son el resultado de a\u00f1os de duro trabajo y continuas mejoras del equipo de I+D de RayTalk.<br \/>\nConfigure el m\u00f3dulo de control Bluetooth y, a continuaci\u00f3n, actualice los auriculares planos Bluetooth, y podr\u00e1 disfrutar de m\u00fasica de gran calidad de sonido o realizar una llamada telef\u00f3nica a trav\u00e9s de Bluetooth. Micr\u00f3fono electret con supresi\u00f3n de ruido: comunicaci\u00f3n n\u00edtida y m\u00e1s c\u00f3moda. Las c\u00f3modas almohadillas superiores est\u00e1n dise\u00f1adas para proteger c\u00f3modamente sus o\u00eddos en vuelos de larga distancia.<\/p>","protected":false},"featured_media":4223,"template":"","meta":[],"product_brand":[],"product_cat":[208,314,320],"product_tag":[],"class_list":{"0":"post-4222","1":"product","2":"type-product","3":"status-publish","4":"has-post-thumbnail","6":"product_cat-aviation","7":"product_cat-fixed-wing","8":"product_cat-bluetooth-fixed-wing","10":"first","11":"instock","12":"shipping-taxable","13":"purchasable","14":"product-type-simple"},"_links":{"self":[{"href":"https:\/\/raytalkcomms.com\/es\/wp-json\/wp\/v2\/product\/4222","targetHints":{"allow":["GET"]}}],"collection":[{"href":"https:\/\/raytalkcomms.com\/es\/wp-json\/wp\/v2\/product"}],"about":[{"href":"https:\/\/raytalkcomms.com\/es\/wp-json\/wp\/v2\/types\/product"}],"wp:featuredmedia":[{"embeddable":true,"href":"https:\/\/raytalkcomms.com\/es\/wp-json\/wp\/v2\/media\/4223"}],"wp:attachment":[{"href":"https:\/\/raytalkcomms.com\/es\/wp-json\/wp\/v2\/media?parent=4222"}],"wp:term":[{"taxonomy":"product_brand","embeddable":true,"href":"https:\/\/raytalkcomms.com\/es\/wp-json\/wp\/v2\/product_brand?post=4222"},{"taxonomy":"product_cat","embeddable":true,"href":"https:\/\/raytalkcomms.com\/es\/wp-json\/wp\/v2\/product_cat?post=4222"},{"taxonomy":"product_tag","embeddable":true,"href":"https:\/\/raytalkcomms.com\/es\/wp-json\/wp\/v2\/product_tag?post=4222"}],"curies":[{"name":"wp","href":"https:\/\/api.w.org\/{rel}","templated":true}]}}