{"id":4216,"date":"2025-11-05T03:00:39","date_gmt":"2025-11-05T03:00:39","guid":{"rendered":"https:\/\/raytalkcomms.com\/?post_type=product&#038;p=4216"},"modified":"2025-12-19T13:42:13","modified_gmt":"2025-12-19T13:42:13","slug":"ph-100a-active-noise-reduction-aviation-headsets-for-pilot","status":"publish","type":"product","link":"https:\/\/raytalkcomms.com\/es\/producto\/ph-100a-active-noise-reduction-aviation-headsets-for-pilot\/","title":{"rendered":"PH-100A Auriculares de aviaci\u00f3n con reducci\u00f3n activa del ruido para piloto"},"content":{"rendered":"<h3>Caracter\u00edsticas:<\/h3>\n<ul>\n<li>\u00cdndice de reducci\u00f3n de ruido activo (NRR): 29 dB.<\/li>\n<li>\u00cdndice de reducci\u00f3n de ruido pasivo (NRR): 23 dB.<\/li>\n<li>Small AA alkaline battery box with belt clip(Battery not included).<\/li>\n<li>C\u00f3modas almohadillas mitad de gel y mitad de espuma.<\/li>\n<li>Standard with S\/M Switch, with dual volume control knobs on ear cups.<\/li>\n<li>Noise-canceling electret microphone as standard; a dynamic microphone can be optional.<\/li>\n<li>Gran rendimiento del altavoz de audio con un sonido n\u00edtido.<\/li>\n<li>A 3.5mm audio jack for music is optional.<\/li>\n<li>Diadema de acero con resorte totalmente ajustable.<\/li>\n<li>Enchufe para auriculares: PJ-055(.25\u2033F6.3 plug).<\/li>\n<li>Enchufe de micr\u00f3fono: PJ-068(.206\u2033F5.2 plug).<\/li>\n<li>Cable recto del auricular al enchufe moldeado, 150CM.<\/li>\n<li>Colors: Black, Blue, Yellow, Green, Gray, Pink, Red.<\/li>\n<\/ul>\n<h3>Personalizaci\u00f3n opcional:<\/h3>\n<ul>\n<li>Choose between a flexible boom arm and an adjustable metal boom arm to suit your needs.<\/li>\n<li>Disponible en micr\u00f3fono din\u00e1mico o electret para adaptarse a diferentes necesidades de comunicaci\u00f3n.<\/li>\n<\/ul>\n<h3>Ventajas:<\/h3>\n<p>The RayTalk PH-100A ANR aviation headset is a classic, time-tested choice trusted by flight schools and aviation professionals worldwide. Designed with Active Noise Reduction (ANR) technology, it delivers crystal-clear communication by effectively minimizing engine and ambient noise, allowing pilots and students to focus on what truly matters \u2014 safe and accurate flight communication.<\/p>","protected":false},"excerpt":{"rendered":"<p>PH-100A ANR aviation headset with Active Noise Reduction, Clear Hear performance audio speakers, dual volume control stereo, and easy access AA battery box with mono switch.<br \/>\nComfortable half Gel half foam ear seals; Adjustable spring steel headband; Clear Hear ANR audio technology blocking out the background noise; All new designed noise cancelling microphone and wind block foam mic muff. Pilots and flight instructors will enjoy the PH-100A ANR aviation headset, which brings all-day comfort.<\/p>","protected":false},"featured_media":4238,"template":"","meta":[],"product_brand":[],"product_cat":[208,314,244],"product_tag":[],"class_list":{"0":"post-4216","1":"product","2":"type-product","3":"status-publish","4":"has-post-thumbnail","6":"product_cat-aviation","7":"product_cat-fixed-wing","8":"product_cat-active-noise-cancelling","10":"first","11":"instock","12":"shipping-taxable","13":"purchasable","14":"product-type-simple"},"_links":{"self":[{"href":"https:\/\/raytalkcomms.com\/es\/wp-json\/wp\/v2\/product\/4216","targetHints":{"allow":["GET"]}}],"collection":[{"href":"https:\/\/raytalkcomms.com\/es\/wp-json\/wp\/v2\/product"}],"about":[{"href":"https:\/\/raytalkcomms.com\/es\/wp-json\/wp\/v2\/types\/product"}],"wp:featuredmedia":[{"embeddable":true,"href":"https:\/\/raytalkcomms.com\/es\/wp-json\/wp\/v2\/media\/4238"}],"wp:attachment":[{"href":"https:\/\/raytalkcomms.com\/es\/wp-json\/wp\/v2\/media?parent=4216"}],"wp:term":[{"taxonomy":"product_brand","embeddable":true,"href":"https:\/\/raytalkcomms.com\/es\/wp-json\/wp\/v2\/product_brand?post=4216"},{"taxonomy":"product_cat","embeddable":true,"href":"https:\/\/raytalkcomms.com\/es\/wp-json\/wp\/v2\/product_cat?post=4216"},{"taxonomy":"product_tag","embeddable":true,"href":"https:\/\/raytalkcomms.com\/es\/wp-json\/wp\/v2\/product_tag?post=4216"}],"curies":[{"name":"wp","href":"https:\/\/api.w.org\/{rel}","templated":true}]}}