{"id":4171,"date":"2025-10-27T10:18:25","date_gmt":"2025-10-27T10:18:25","guid":{"rendered":"https:\/\/raytalkcomms.com\/?post_type=product&#038;p=4171"},"modified":"2025-12-04T08:58:40","modified_gmt":"2025-12-04T08:58:40","slug":"ran-3500q-communication-headsets-with-magnetic-ear-pads","status":"publish","type":"product","link":"https:\/\/raytalkcomms.com\/es\/producto\/ran-3500q-communication-headsets-with-magnetic-ear-pads\/","title":{"rendered":"Auriculares de comunicaci\u00f3n RAN-3500Q con almohadillas magn\u00e9ticas"},"content":{"rendered":"<p>El RAN-3500Q es un kit manos libres de radio bidireccional para trabajos pesados dise\u00f1ado para los sectores m\u00e1s exigentes. La caracter\u00edstica m\u00e1s destacada de los auriculares de comunicaci\u00f3n de alta resistencia RAN-3500Q son sus almohadillas magn\u00e9ticas, que permiten una sustituci\u00f3n r\u00e1pida y sin esfuerzo. En funci\u00f3n del entorno y del escenario de uso, las organizaciones y los equipos pueden elegir entre tres opciones de superficie: acabado brillante, fibra de carbono impresa y superficie mate. Gracias a sus avanzadas mejoras de comodidad y a su potente protecci\u00f3n ac\u00fastica, ayudan a los equipos a mantener una comunicaci\u00f3n clara y la seguridad durante los largos turnos de trabajo en miner\u00eda, transporte y construcci\u00f3n.<\/p>\n<h3>Caracter\u00edsticas:<\/h3>\n<ul>\n<li>Almohadilla para la cabeza mejorada<\/li>\n<li>Micr\u00f3fono de alta calidad<\/li>\n<li>Almohadillas magn\u00e9ticas<\/li>\n<li>Pulsador rojo para hablar<\/li>\n<li>Acabado brillante<\/li>\n<li>Toma de audio XLR de 5 clavijas<\/li>\n<\/ul>\n<h3>Personalizaci\u00f3n opcional:<\/h3>\n<ul>\n<li>Disponible en acabado brillante, superficie mate y auriculares de fibra de carbono impresa<\/li>\n<\/ul>\n<h3>Ventajas:<\/h3>\n<p>Los auriculares RAN-3500Q incorporan una almohadilla mejorada para una mayor comodidad y una diadema ajustable que se adapta a la mayor\u00eda de los usuarios. Como auriculares de radio bidireccionales, sus copas selladas y almohadillas acolchadas proporcionan una protecci\u00f3n total de los o\u00eddos. Para los compradores que buscan los mejores auriculares duraderos, los RAN-3500Q de RayTalk son la soluci\u00f3n que deben elegir.<\/p>","protected":false},"excerpt":{"rendered":"<p>Los auriculares de comunicaci\u00f3n de alta resistencia RAN-3500Q son auriculares de confianza para camioneros dise\u00f1ados para el trabajo por turnos. Con almohadillas magn\u00e9ticas para intercambios r\u00e1pidos e higi\u00e9nicos y un micr\u00f3fono electret unidireccional, los trabajadores consiguen una comunicaci\u00f3n clara y manos libres incluso en entornos ruidosos y exigentes. Los auriculares opcionales con acabado brillante, superficie mate o fibra de carbono impresa permiten la personalizaci\u00f3n para miner\u00eda y empresas.<\/p>","protected":false},"featured_media":4172,"template":"","meta":[],"product_brand":[],"product_cat":[209,268,214,217],"product_tag":[],"class_list":{"0":"post-4171","1":"product","2":"type-product","3":"status-publish","4":"has-post-thumbnail","6":"product_cat-racing","7":"product_cat-headset-racing","8":"product_cat-two-way-radio-accessories","9":"product_cat-heavy-duty-headset","11":"first","12":"instock","13":"shipping-taxable","14":"purchasable","15":"product-type-simple"},"_links":{"self":[{"href":"https:\/\/raytalkcomms.com\/es\/wp-json\/wp\/v2\/product\/4171","targetHints":{"allow":["GET"]}}],"collection":[{"href":"https:\/\/raytalkcomms.com\/es\/wp-json\/wp\/v2\/product"}],"about":[{"href":"https:\/\/raytalkcomms.com\/es\/wp-json\/wp\/v2\/types\/product"}],"wp:featuredmedia":[{"embeddable":true,"href":"https:\/\/raytalkcomms.com\/es\/wp-json\/wp\/v2\/media\/4172"}],"wp:attachment":[{"href":"https:\/\/raytalkcomms.com\/es\/wp-json\/wp\/v2\/media?parent=4171"}],"wp:term":[{"taxonomy":"product_brand","embeddable":true,"href":"https:\/\/raytalkcomms.com\/es\/wp-json\/wp\/v2\/product_brand?post=4171"},{"taxonomy":"product_cat","embeddable":true,"href":"https:\/\/raytalkcomms.com\/es\/wp-json\/wp\/v2\/product_cat?post=4171"},{"taxonomy":"product_tag","embeddable":true,"href":"https:\/\/raytalkcomms.com\/es\/wp-json\/wp\/v2\/product_tag?post=4171"}],"curies":[{"name":"wp","href":"https:\/\/api.w.org\/{rel}","templated":true}]}}