{"id":4129,"date":"2025-10-23T08:18:01","date_gmt":"2025-10-23T08:18:01","guid":{"rendered":"https:\/\/raytalkcomms.com\/?post_type=product&#038;p=4129"},"modified":"2025-12-19T11:21:25","modified_gmt":"2025-12-19T11:21:25","slug":"em-3927-walkie-talkie-earpiece-for-fbi-and-security","status":"publish","type":"product","link":"https:\/\/raytalkcomms.com\/es\/producto\/em-3927-walkie-talkie-earpiece-for-fbi-and-security\/","title":{"rendered":"EM-3927 Auricular Walkie Talkie Para FBI y Seguridad"},"content":{"rendered":"<p>Este auricular de vigilancia EM-3927 est\u00e1 fabricado con componentes de calidad y materiales duraderos que lo convierten en la elecci\u00f3n de los profesionales. Disponible en dise\u00f1o de dos hilos o de un hilo, el micr\u00f3fono tambi\u00e9n se ha dise\u00f1ado pensando en la discreci\u00f3n. Puede engancharse al cuello, la corbata o la solapa y activarse r\u00e1pidamente con el bot\u00f3n PTT (pulsar para hablar) situado en la parte central del interruptor.<br \/>\nCon un auricular y un micr\u00f3fono push-to-talk (PTT), se trata de un auricular de radio pr\u00e1ctico y resistente para portero, guardaespaldas y cualquier persona que trabaje en servicios de seguridad, hosteler\u00eda o gesti\u00f3n de multitudes. Si usted est\u00e1 interesado en nuestra EM-3927 radio FBI auriculares para la venta, la bienvenida a ponerse en contacto con nosotros y y pedir una cotizaci\u00f3n.<\/p>\n<h3>Caracter\u00edsticas:<\/h3>\n<ul>\n<li>Auricular con tubo ac\u00fastico E-39<\/li>\n<li>Cable de kevlar de 1 hilo<\/li>\n<li>PTT en la palma de la mano con micr\u00f3fono y clip met\u00e1lico<\/li>\n<li>Existen varios tipos de conectores de radio: M1, M16, K1, H8 e I4.<\/li>\n<\/ul>\n<h3>Ventajas:<\/h3>\n<p>El auricular EM-3927 del FBI cuenta con un PTT del tama\u00f1o de la palma de la mano que se adapta de forma natural, lo que permite controlar el audio de la radio con una sola pulsaci\u00f3n, gestionando r\u00e1pidamente la recepci\u00f3n y la conversaci\u00f3n para mantener las comunicaciones del equipo fluidas. Un clip met\u00e1lico reforzado se sujeta con seguridad a uniformes y chalecos de carga, manteni\u00e9ndose en su sitio durante redadas, persecuciones a pie y movimientos encubiertos. Este auricular para agentes del FBI mantiene un fuerte enlace de radio con los centros de mando, evitando la p\u00e9rdida de comunicaci\u00f3n en momentos de misi\u00f3n cr\u00edtica. Dise\u00f1ado para uso t\u00e1ctico y de seguridad, el EM-3927 ofrece un rendimiento fiable, por lo que es la opci\u00f3n preferida y m\u00e1s rentable para las agencias gubernamentales, las fuerzas del orden y los contratistas de seguridad privada de todo el mundo.<\/p>","protected":false},"excerpt":{"rendered":"<p>El auricular walkie talkie EM-3927 cuenta con un tubo ac\u00fastico claro que se mantiene transparente y discreto para la vigilancia en exteriores. Un PTT de acceso r\u00e1pido permite un funcionamiento r\u00e1pido y silencioso, mientras que el altavoz y el micr\u00f3fono de precisi\u00f3n captan y transmiten los mensajes con exactitud al equipo. Dise\u00f1ado para agentes del FBI y profesionales de la seguridad, el auricular walkie talkie proporciona una comunicaci\u00f3n fiable y c\u00f3moda durante las patrullas y las operaciones de control de multitudes. Sus componentes duraderos y resistentes a la intemperie y sus suaves almohadillas permiten llevarlo todo el d\u00eda sobre el terreno. El auricular walkie talkie EM-3927 es un discreto accesorio de vigilancia que muchas personas eligen para su trabajo.<\/p>","protected":false},"featured_media":4128,"template":"","meta":[],"product_brand":[],"product_cat":[214,215,306],"product_tag":[],"class_list":{"0":"post-4129","1":"product","2":"type-product","3":"status-publish","4":"has-post-thumbnail","6":"product_cat-two-way-radio-accessories","7":"product_cat-earpieces","8":"product_cat-1-wire-earpiece","10":"first","11":"instock","12":"shipping-taxable","13":"purchasable","14":"product-type-simple"},"_links":{"self":[{"href":"https:\/\/raytalkcomms.com\/es\/wp-json\/wp\/v2\/product\/4129","targetHints":{"allow":["GET"]}}],"collection":[{"href":"https:\/\/raytalkcomms.com\/es\/wp-json\/wp\/v2\/product"}],"about":[{"href":"https:\/\/raytalkcomms.com\/es\/wp-json\/wp\/v2\/types\/product"}],"wp:featuredmedia":[{"embeddable":true,"href":"https:\/\/raytalkcomms.com\/es\/wp-json\/wp\/v2\/media\/4128"}],"wp:attachment":[{"href":"https:\/\/raytalkcomms.com\/es\/wp-json\/wp\/v2\/media?parent=4129"}],"wp:term":[{"taxonomy":"product_brand","embeddable":true,"href":"https:\/\/raytalkcomms.com\/es\/wp-json\/wp\/v2\/product_brand?post=4129"},{"taxonomy":"product_cat","embeddable":true,"href":"https:\/\/raytalkcomms.com\/es\/wp-json\/wp\/v2\/product_cat?post=4129"},{"taxonomy":"product_tag","embeddable":true,"href":"https:\/\/raytalkcomms.com\/es\/wp-json\/wp\/v2\/product_tag?post=4129"}],"curies":[{"name":"wp","href":"https:\/\/api.w.org\/{rel}","templated":true}]}}