{"id":4104,"date":"2025-10-22T11:12:06","date_gmt":"2025-10-22T11:12:06","guid":{"rendered":"https:\/\/raytalkcomms.com\/?post_type=product&#038;p=4104"},"modified":"2025-12-19T14:24:03","modified_gmt":"2025-12-19T14:24:03","slug":"remb-0219-d-shaped-referee-headset-with-boom-microphone","status":"publish","type":"product","link":"https:\/\/raytalkcomms.com\/es\/producto\/remb-0219-d-shaped-referee-headset-with-boom-microphone\/","title":{"rendered":"REMB-0219 Auricular de \u00e1rbitro en forma de D con micr\u00f3fono de brazo"},"content":{"rendered":"<p>En estadios abarrotados de aficionados, la comunicaci\u00f3n clara con el \u00e1rbitro es fundamental. Estos auriculares de comunicaci\u00f3n para \u00e1rbitros REMB-0219 incorporan un micr\u00f3fono electret con supresi\u00f3n de ruido y un altavoz de gran potencia para ofrecer un audio fluido y fiable. Ligeros y c\u00f3modos, reducen la fatiga durante los partidos largos, por lo que son especialmente populares como auriculares para \u00e1rbitros de f\u00fatbol.<\/p>\n<p>Caracter\u00edsticas:<br \/>\nBastidor ligero<br \/>\nAuricular con gancho en forma de D<br \/>\nAltavoz de gran potencia<br \/>\nMicr\u00f3fono de brazo con cancelaci\u00f3n de ruido<br \/>\nPulsador para hablar con pinza para ropa<\/p>\n<p>Personalizaci\u00f3n opcional:<br \/>\nConector moldeado disponible para Motorola, Hytera, Kenwood y una amplia gama de radios<\/p>\n<p>Ventajas:<br \/>\nEsta soluci\u00f3n de auriculares walkie talkie con micr\u00f3fono de brazo flexible permite a los \u00e1rbitros ajustar la distancia para obtener un audio claro. Fabricados con materiales duraderos, estos auriculares para \u00e1rbitros de f\u00fatbol REMB-0219 garantizan un rendimiento estable durante los partidos. Las opciones de enchufe personalizadas se adaptan a los principales sistemas de radio, por lo que son ideales para organizaciones deportivas profesionales.<\/p>","protected":false},"excerpt":{"rendered":"<p>El auricular para \u00e1rbitro REMB-0219 es un auricular \u00fanico en forma de D para walkie talkie, dise\u00f1ado para una comunicaci\u00f3n clara y manos libres durante partidos y eventos. Proporciona una claridad de audio excepcional sin bloquear los sonidos externos. El micr\u00f3fono electret con supresi\u00f3n de ruido y el altavoz de gran potencia garantizan una comunicaci\u00f3n clara. Muchos equipos arbitrales aprecian enormemente este auricular.<\/p>","protected":false},"featured_media":4105,"template":"","meta":[],"product_brand":[],"product_cat":[215,214,322],"product_tag":[],"class_list":{"0":"post-4104","1":"product","2":"type-product","3":"status-publish","4":"has-post-thumbnail","6":"product_cat-earpieces","7":"product_cat-two-way-radio-accessories","8":"product_cat-boom-microphone","10":"first","11":"instock","12":"shipping-taxable","13":"purchasable","14":"product-type-simple"},"_links":{"self":[{"href":"https:\/\/raytalkcomms.com\/es\/wp-json\/wp\/v2\/product\/4104","targetHints":{"allow":["GET"]}}],"collection":[{"href":"https:\/\/raytalkcomms.com\/es\/wp-json\/wp\/v2\/product"}],"about":[{"href":"https:\/\/raytalkcomms.com\/es\/wp-json\/wp\/v2\/types\/product"}],"wp:featuredmedia":[{"embeddable":true,"href":"https:\/\/raytalkcomms.com\/es\/wp-json\/wp\/v2\/media\/4105"}],"wp:attachment":[{"href":"https:\/\/raytalkcomms.com\/es\/wp-json\/wp\/v2\/media?parent=4104"}],"wp:term":[{"taxonomy":"product_brand","embeddable":true,"href":"https:\/\/raytalkcomms.com\/es\/wp-json\/wp\/v2\/product_brand?post=4104"},{"taxonomy":"product_cat","embeddable":true,"href":"https:\/\/raytalkcomms.com\/es\/wp-json\/wp\/v2\/product_cat?post=4104"},{"taxonomy":"product_tag","embeddable":true,"href":"https:\/\/raytalkcomms.com\/es\/wp-json\/wp\/v2\/product_tag?post=4104"}],"curies":[{"name":"wp","href":"https:\/\/api.w.org\/{rel}","templated":true}]}}