{"id":4013,"date":"2023-08-16T07:20:20","date_gmt":"2023-08-16T07:20:20","guid":{"rendered":"https:\/\/raytalkcomms.com\/?post_type=product&#038;p=4013"},"modified":"2025-12-04T13:01:42","modified_gmt":"2025-12-04T13:01:42","slug":"rsm-300-handheld-speaker-mic-for-motorola","status":"publish","type":"product","link":"https:\/\/raytalkcomms.com\/es\/producto\/rsm-300-handheld-speaker-mic-for-motorola\/","title":{"rendered":"RSM-300 Micr\u00f3fono altavoz de mano para Motorola"},"content":{"rendered":"<p>El micr\u00f3fono inal\u00e1mbrico RSM-300\/CC es la opci\u00f3n ideal para los profesionales que buscan una alternativa a un micr\u00f3fono inal\u00e1mbrico Motorola original. Como fiable micr\u00f3fono de mano con altavoz para Motorola, ofrece un rendimiento duradero en el uso diario. Este asequible micr\u00f3fono de mano est\u00e1 disponible para pedidos al por mayor, proporcionando una comunicaci\u00f3n fiable con comodidad y conveniencia para el esqu\u00ed, mochileros y snowboard.<\/p>\n<h3>Caracter\u00edsticas:<\/h3>\n<ul>\n<li>Micr\u00f3fono frontal<\/li>\n<li>Pulsador para hablar<\/li>\n<li>Altavoz de gran potencia<\/li>\n<li>Clip giratorio de 360<\/li>\n<li>Cable en espiral de kevlar duradero<\/li>\n<li>Toma para accesorios de 3,5 mm<\/li>\n<\/ul>\n<h3>Ventajas:<\/h3>\n<p>El micr\u00f3fono de mano RSM-300\/CC para uso con radios Motorola ofrece un audio n\u00edtido con un altavoz de alta salida, PTT c\u00f3modo y cable de kevlar duradero. Su empu\u00f1adura ergon\u00f3mica facilita la comunicaci\u00f3n, y el micr\u00f3fono frontal se puede personalizar con el logotipo de su marca.<\/p>","protected":false},"excerpt":{"rendered":"<p>El RSM-300\/CC es un micr\u00f3fono con altavoz de mano que ofrece una comunicaci\u00f3n clara y fiable para los profesionales. Fabricado como un resistente micr\u00f3fono de mano para usuarios de radios Motorola, proporciona comodidad y durabilidad en entornos de trabajo exigentes. Este micr\u00f3fono de mano se sujeta f\u00e1cilmente a los uniformes para un uso c\u00f3modo, mientras que su tama\u00f1o compacto lo hace pr\u00e1ctico como micr\u00f3fono de mano para radios Motorola en actividades al aire libre como el esqu\u00ed, el excursionismo con mochila y el snowboard.<\/p>\n<div id=\"gtx-trans\" style=\"position: absolute; left: 264px; top: 37.8px;\">\n<div class=\"gtx-trans-icon\"><\/div>\n<\/div>","protected":false},"featured_media":4014,"template":"","meta":[],"product_brand":[],"product_cat":[214,216],"product_tag":[],"class_list":{"0":"post-4013","1":"product","2":"type-product","3":"status-publish","4":"has-post-thumbnail","6":"product_cat-two-way-radio-accessories","7":"product_cat-speaker-microphone","9":"first","10":"instock","11":"shipping-taxable","12":"purchasable","13":"product-type-simple"},"_links":{"self":[{"href":"https:\/\/raytalkcomms.com\/es\/wp-json\/wp\/v2\/product\/4013","targetHints":{"allow":["GET"]}}],"collection":[{"href":"https:\/\/raytalkcomms.com\/es\/wp-json\/wp\/v2\/product"}],"about":[{"href":"https:\/\/raytalkcomms.com\/es\/wp-json\/wp\/v2\/types\/product"}],"wp:featuredmedia":[{"embeddable":true,"href":"https:\/\/raytalkcomms.com\/es\/wp-json\/wp\/v2\/media\/4014"}],"wp:attachment":[{"href":"https:\/\/raytalkcomms.com\/es\/wp-json\/wp\/v2\/media?parent=4013"}],"wp:term":[{"taxonomy":"product_brand","embeddable":true,"href":"https:\/\/raytalkcomms.com\/es\/wp-json\/wp\/v2\/product_brand?post=4013"},{"taxonomy":"product_cat","embeddable":true,"href":"https:\/\/raytalkcomms.com\/es\/wp-json\/wp\/v2\/product_cat?post=4013"},{"taxonomy":"product_tag","embeddable":true,"href":"https:\/\/raytalkcomms.com\/es\/wp-json\/wp\/v2\/product_tag?post=4013"}],"curies":[{"name":"wp","href":"https:\/\/api.w.org\/{rel}","templated":true}]}}