{"id":3880,"date":"2025-10-10T10:07:57","date_gmt":"2025-10-10T10:07:57","guid":{"rendered":"https:\/\/raytalkcomms.com\/?post_type=product&#038;p=3880"},"modified":"2025-12-19T11:38:35","modified_gmt":"2025-12-19T11:38:35","slug":"em-3327n-braided-fiber-earphone-for-walkie-talkie","status":"publish","type":"product","link":"https:\/\/raytalkcomms.com\/es\/producto\/em-3327n-braided-fiber-earphone-for-walkie-talkie\/","title":{"rendered":"EM-3327N Auricular de fibra trenzada para Walkie Talkie"},"content":{"rendered":"<p>Los auriculares de radio bidireccionales EM-3327N de tela de fibra trenzada cuentan con un dise\u00f1o giratorio en forma de C para mayor seguridad. Estos proporcionan una soluci\u00f3n a la incomodidad asociada con el uso de cualquier auricular durante un largo per\u00edodo de tiempo al permitir que el usuario use el C-shape Swivel earpeice en cualquier o\u00eddo.<\/p>\n<h3>Caracter\u00edsticas:<\/h3>\n<ul>\n<li>Gancho en forma de C<\/li>\n<li>Cable de fibra trenzada<\/li>\n<li>Interruptores \"pulsar para hablar<\/li>\n<li>Alivio de tensi\u00f3n en PTT y conector<\/li>\n<\/ul>\n<h3>Personalizaci\u00f3n opcional:<\/h3>\n<ul>\n<li>Conector moldeado disponible para Motorola, Hytera, Kenwood y una amplia gama de radios<\/li>\n<\/ul>\n<h3>Ventajas:<\/h3>\n<p>En entornos abarrotados de transporte, industria, construcci\u00f3n y eventos, donde la presi\u00f3n y la fricci\u00f3n da\u00f1an los equipos con facilidad, el auricular EM-3327N para walkie talkie destaca. Con un PTT en l\u00ednea y un micr\u00f3fono con blindaje RF, este auricular de seguridad garantiza una comunicaci\u00f3n clara, fiable y duradera sin enredos.<\/p>\n<div id=\"gtx-trans\" style=\"position: absolute; left: -28px; top: 346.825px;\">\n<div class=\"gtx-trans-icon\"><\/div>\n<\/div>","protected":false},"excerpt":{"rendered":"<p>El EM-3327N es un duradero auricular para walkie talkie fabricado con fibra trenzada, que ofrece tres veces m\u00e1s resistencia que las l\u00edneas de resina tradicionales. Este auricular de seguridad resiste grietas, desgarros y enredos, mientras que el dise\u00f1o de fibra trenzada evita dobleces y protege el cableado de la fuerza y la fricci\u00f3n para una comunicaci\u00f3n diaria fiable.<\/p>","protected":false},"featured_media":3794,"template":"","meta":[],"product_brand":[],"product_cat":[214,311,215],"product_tag":[],"class_list":{"0":"post-3880","1":"product","2":"type-product","3":"status-publish","4":"has-post-thumbnail","6":"product_cat-two-way-radio-accessories","7":"product_cat-braided-fiber-earpiece","8":"product_cat-earpieces","10":"first","11":"instock","12":"shipping-taxable","13":"purchasable","14":"product-type-simple"},"_links":{"self":[{"href":"https:\/\/raytalkcomms.com\/es\/wp-json\/wp\/v2\/product\/3880","targetHints":{"allow":["GET"]}}],"collection":[{"href":"https:\/\/raytalkcomms.com\/es\/wp-json\/wp\/v2\/product"}],"about":[{"href":"https:\/\/raytalkcomms.com\/es\/wp-json\/wp\/v2\/types\/product"}],"wp:featuredmedia":[{"embeddable":true,"href":"https:\/\/raytalkcomms.com\/es\/wp-json\/wp\/v2\/media\/3794"}],"wp:attachment":[{"href":"https:\/\/raytalkcomms.com\/es\/wp-json\/wp\/v2\/media?parent=3880"}],"wp:term":[{"taxonomy":"product_brand","embeddable":true,"href":"https:\/\/raytalkcomms.com\/es\/wp-json\/wp\/v2\/product_brand?post=3880"},{"taxonomy":"product_cat","embeddable":true,"href":"https:\/\/raytalkcomms.com\/es\/wp-json\/wp\/v2\/product_cat?post=3880"},{"taxonomy":"product_tag","embeddable":true,"href":"https:\/\/raytalkcomms.com\/es\/wp-json\/wp\/v2\/product_tag?post=3880"}],"curies":[{"name":"wp","href":"https:\/\/api.w.org\/{rel}","templated":true}]}}