{"id":3878,"date":"2025-10-10T09:52:16","date_gmt":"2025-10-10T09:52:16","guid":{"rendered":"https:\/\/raytalkcomms.com\/?post_type=product&#038;p=3878"},"modified":"2025-12-19T11:37:15","modified_gmt":"2025-12-19T11:37:15","slug":"em-2023v-vox-walkie-talkie-earpiece-and-microphone","status":"publish","type":"product","link":"https:\/\/raytalkcomms.com\/es\/producto\/em-2023v-vox-walkie-talkie-earpiece-and-microphone\/","title":{"rendered":"EM-2023V VOX Walkie Talkie Auricular y Micr\u00f3fono"},"content":{"rendered":"<p>EM-2023V auricular walkie talkie es un auricular VOX para Motorola Radio. Este auricular walkie talkie y el micr\u00f3fono se cambian f\u00e1cilmente del modo convencional PTT push-to-talk a la operaci\u00f3n VOX. La sensibilidad VOX se ajusta electr\u00f3nicamente entre 2 mV RMS y 10 mV RMS para permitir una colocaci\u00f3n c\u00f3moda del micr\u00f3fono.<\/p>\n<h3>Caracter\u00edsticas:<\/h3>\n<ul>\n<li>Gancho ajustable con anillo G<\/li>\n<li>Interruptores PTT\/VOX deslizantes<\/li>\n<li>Alivio de tensi\u00f3n en PTT y conector<\/li>\n<\/ul>\n<h3>Personalizaci\u00f3n opcional:<\/h3>\n<ul>\n<li>Conector moldeado disponible para Motorola, Hytera, Kenwood y una amplia gama de radios<\/li>\n<\/ul>\n<h3>Ventajas:<\/h3>\n<p>A diferencia de los auriculares est\u00e1ndar para walkie talkies, el auricular vox EM-2023V permite bloquear el interruptor para una captaci\u00f3n de voz continua. Este auricular para walkie talkie mantiene al personal conectado con su equipo en todo momento, garantizando una comunicaci\u00f3n fluida y sin interrupciones.<\/p>\n<div id=\"gtx-trans\" style=\"position: absolute; left: -66px; top: 276.225px;\">\n<div class=\"gtx-trans-icon\"><\/div>\n<\/div>","protected":false},"excerpt":{"rendered":"<p>El auricular walkie talkie EM-2023V es un eficaz auricular walkie talkie y micr\u00f3fono que admite las funciones PTT y VOX para un uso flexible. Este vers\u00e1til auricular vox proporciona una comunicaci\u00f3n discreta y comodidad, mientras que tambi\u00e9n trabaja como una opci\u00f3n fiable auricular de radio inal\u00e1mbrica para los profesionales en el ocio, eventos, y la fabricaci\u00f3n industrial.<\/p>","protected":false},"featured_media":3797,"template":"","meta":[],"product_brand":[],"product_cat":[214,215,310],"product_tag":[],"class_list":{"0":"post-3878","1":"product","2":"type-product","3":"status-publish","4":"has-post-thumbnail","6":"product_cat-two-way-radio-accessories","7":"product_cat-earpieces","8":"product_cat-vox-earpiece","10":"first","11":"instock","12":"shipping-taxable","13":"purchasable","14":"product-type-simple"},"_links":{"self":[{"href":"https:\/\/raytalkcomms.com\/es\/wp-json\/wp\/v2\/product\/3878","targetHints":{"allow":["GET"]}}],"collection":[{"href":"https:\/\/raytalkcomms.com\/es\/wp-json\/wp\/v2\/product"}],"about":[{"href":"https:\/\/raytalkcomms.com\/es\/wp-json\/wp\/v2\/types\/product"}],"wp:featuredmedia":[{"embeddable":true,"href":"https:\/\/raytalkcomms.com\/es\/wp-json\/wp\/v2\/media\/3797"}],"wp:attachment":[{"href":"https:\/\/raytalkcomms.com\/es\/wp-json\/wp\/v2\/media?parent=3878"}],"wp:term":[{"taxonomy":"product_brand","embeddable":true,"href":"https:\/\/raytalkcomms.com\/es\/wp-json\/wp\/v2\/product_brand?post=3878"},{"taxonomy":"product_cat","embeddable":true,"href":"https:\/\/raytalkcomms.com\/es\/wp-json\/wp\/v2\/product_cat?post=3878"},{"taxonomy":"product_tag","embeddable":true,"href":"https:\/\/raytalkcomms.com\/es\/wp-json\/wp\/v2\/product_tag?post=3878"}],"curies":[{"name":"wp","href":"https:\/\/api.w.org\/{rel}","templated":true}]}}