{"id":3802,"date":"2025-09-27T07:38:26","date_gmt":"2025-09-27T07:38:26","guid":{"rendered":"https:\/\/raytalkcomms.com\/?post_type=product&#038;p=3802"},"modified":"2025-12-19T11:21:25","modified_gmt":"2025-12-19T11:21:25","slug":"em-3227-two-way-radio-earphones-with-d-shape-ear-hanger","status":"publish","type":"product","link":"https:\/\/raytalkcomms.com\/es\/producto\/em-3227-two-way-radio-earphones-with-d-shape-ear-hanger\/","title":{"rendered":"EM-3227 Auriculares con radio de dos v\u00edas y colgador en forma de D"},"content":{"rendered":"<p>El EM-3227 es un auricular oculto con un colgador flexible en forma de D y un interruptor PTT compacto, que permite ocultarlo f\u00e1cilmente para un uso discreto. Este pr\u00e1ctico y duradero auricular para comunicarse admite aplicaciones de trabajo ligero en comercios minoristas, grandes superficies, restaurantes y otros entornos comerciales.<\/p>\n<h3>Caracter\u00edsticas:<\/h3>\n<ul>\n<li>Percha en forma de D<\/li>\n<li>Interruptores compactos Push-To-Talk (PTT)<\/li>\n<li>Alivio de tensi\u00f3n en PTT y conector<\/li>\n<\/ul>\n<h3>Personalizaci\u00f3n opcional:<\/h3>\n<ul>\n<li>Conector moldeado disponible para Motorola, Hytera, Kenwood y una amplia gama de radios<\/li>\n<\/ul>\n<h3>Ventajas:<\/h3>\n<p>Para restaurantes, empresas y otros entornos comerciales, el EM-3227 ayuda a los equipos a rendir al m\u00e1ximo. Estos ligeros auriculares bidireccionales para radio son econ\u00f3micos y los m\u00e1s adecuados como auriculares con micr\u00f3fono para radio fiables para la comunicaci\u00f3n diaria.<\/p>\n<div id=\"gtx-trans\" style=\"position: absolute; left: -33px; top: 276.225px;\">\n<div class=\"gtx-trans-icon\"><\/div>\n<\/div>","protected":false},"excerpt":{"rendered":"<p>Los auriculares de radio bidireccionales EM-3227 con colgador en forma de D proporcionan una comodidad segura durante todo el d\u00eda a los usuarios profesionales. Dise\u00f1ado como un pr\u00e1ctico auricular de comunicaci\u00f3n, ofrece un audio n\u00edtido a la vez que discreto, por lo que resulta ideal para equipos de seguridad, comercio minorista y hosteler\u00eda que dependen de un rendimiento fiable en entornos de ritmo r\u00e1pido.<\/p>","protected":false},"featured_media":3789,"template":"","meta":[],"product_brand":[],"product_cat":[214,215,306],"product_tag":[],"class_list":{"0":"post-3802","1":"product","2":"type-product","3":"status-publish","4":"has-post-thumbnail","6":"product_cat-two-way-radio-accessories","7":"product_cat-earpieces","8":"product_cat-1-wire-earpiece","10":"first","11":"instock","12":"shipping-taxable","13":"purchasable","14":"product-type-simple"},"_links":{"self":[{"href":"https:\/\/raytalkcomms.com\/es\/wp-json\/wp\/v2\/product\/3802","targetHints":{"allow":["GET"]}}],"collection":[{"href":"https:\/\/raytalkcomms.com\/es\/wp-json\/wp\/v2\/product"}],"about":[{"href":"https:\/\/raytalkcomms.com\/es\/wp-json\/wp\/v2\/types\/product"}],"wp:featuredmedia":[{"embeddable":true,"href":"https:\/\/raytalkcomms.com\/es\/wp-json\/wp\/v2\/media\/3789"}],"wp:attachment":[{"href":"https:\/\/raytalkcomms.com\/es\/wp-json\/wp\/v2\/media?parent=3802"}],"wp:term":[{"taxonomy":"product_brand","embeddable":true,"href":"https:\/\/raytalkcomms.com\/es\/wp-json\/wp\/v2\/product_brand?post=3802"},{"taxonomy":"product_cat","embeddable":true,"href":"https:\/\/raytalkcomms.com\/es\/wp-json\/wp\/v2\/product_cat?post=3802"},{"taxonomy":"product_tag","embeddable":true,"href":"https:\/\/raytalkcomms.com\/es\/wp-json\/wp\/v2\/product_tag?post=3802"}],"curies":[{"name":"wp","href":"https:\/\/api.w.org\/{rel}","templated":true}]}}