{"id":3716,"date":"2025-09-27T02:02:27","date_gmt":"2025-09-27T02:02:27","guid":{"rendered":"https:\/\/raytalkcomms.com\/?post_type=product&#038;p=3716"},"modified":"2025-11-24T09:47:55","modified_gmt":"2025-11-24T09:47:55","slug":"ph-hm100-aviation-helmets-with-headsets","status":"publish","type":"product","link":"https:\/\/raytalkcomms.com\/es\/producto\/ph-hm100-aviation-helmets-with-headsets\/","title":{"rendered":"PH-HM100 Cascos de aviaci\u00f3n con auriculares"},"content":{"rendered":"<p>Los cascos de aviaci\u00f3n PH-HM100 con auriculares est\u00e1n dise\u00f1ados para los retos del parapente, paramotor y paracaidismo. A diferencia de un casco de vuelo est\u00e1ndar, no s\u00f3lo proporcionan protecci\u00f3n auditiva, sino tambi\u00e9n funciones de comunicaci\u00f3n, lo que permite a los pilotos y aviadores deportivos mantenerse conectados con tierra. Ofrecen una carcasa duradera y resistente a los impactos que se mantiene segura incluso con vientos fuertes. Los controles integrados de los auriculares permiten a los pilotos ajustar el volumen y la comunicaci\u00f3n con facilidad, mientras que las clavijas dobles garantizan la compatibilidad global con las aeronaves.<\/p>\n<h3>Caracter\u00edsticas:<\/h3>\n<ul>\n<li>Visera integrada en el casco: La visera transparente protege de la luz solar, el viento y los residuos, garantizando un vuelo seguro y c\u00f3modo.<\/li>\n<li>Auriculares de aviaci\u00f3n integrados: Auriculares de alta calidad con micr\u00f3fono para una comunicaci\u00f3n clara durante el vuelo.<\/li>\n<li>Conexi\u00f3n de doble enchufe: Enchufes dobles GA est\u00e1ndar para una compatibilidad fiable con los sistemas de intercomunicaci\u00f3n de aviaci\u00f3n.<\/li>\n<li>Construcci\u00f3n duradera: Casco resistente dise\u00f1ado para parapente, ultraligero y deportes a\u00e9reos extremos.<\/li>\n<li>Comodidad durante todo el d\u00eda: Construcci\u00f3n ligera con interior acolchado para un uso prolongado sin fatiga.<\/li>\n<li>Seguridad mejorada: Proporciona tanto protecci\u00f3n para la cabeza como reducci\u00f3n del ruido, manteniendo a los pilotos seguros en entornos exigentes.<\/li>\n<\/ul>\n<h3>Personalizaci\u00f3n opcional:<\/h3>\n<ul>\n<li>Opciones personalizadas de reducci\u00f3n del ruido: Disponible con reducci\u00f3n pasiva del ruido (PNR) o reducci\u00f3n activa del ruido (ANR) para satisfacer las diferentes necesidades de los pilotos.<\/li>\n<\/ul>\n<h3>Ventajas:<\/h3>\n<p>Dise\u00f1amos cascos con auriculares para profesionales y entusiastas de los deportes a\u00e9reos, incluidos pilotos de paramotor, parapentistas y paracaidistas. Estos cascos de aviaci\u00f3n con auriculares se utilizan ampliamente en zonas de descenso, lugares de despegue de parapentes y aer\u00f3dromos recreativos de toda Europa y EE.UU. Construidos para la seguridad y la comunicaci\u00f3n, los auriculares para cascos de aviaci\u00f3n PH-HM100 combinan una protecci\u00f3n resistente a los impactos con un audio de aviaci\u00f3n n\u00edtido. Como auriculares de casco de vuelo fiables, son fabricados por RayTalk y est\u00e1n disponibles tanto para proyectos OEM como para pedidos al por mayor.<\/p>\n<div id=\"gtx-trans\" style=\"position: absolute; left: 79px; top: 396.225px;\">\n<div class=\"gtx-trans-icon\"><\/div>\n<\/div>","protected":false},"excerpt":{"rendered":"<p>El casco de aviaci\u00f3n RayTalk PH-HM100 con auriculares est\u00e1 dise\u00f1ado para deportes a\u00e9reos como parapente, paramotor y paracaidismo. Este casco de parapente cuenta con una visera fija integrada para proteger la cabeza en vientos fuertes y mantener la comunicaci\u00f3n clara. Elija la reducci\u00f3n de ruido PNR o ANR que mejor se adapte a sus necesidades, ambas totalmente personalizables. Una hebilla magn\u00e9tica de liberaci\u00f3n r\u00e1pida hace que el cierre sea seguro y sin esfuerzo. Las suaves almohadillas para las orejas y la cabeza mantienen c\u00f3modos los vuelos de deportes extremos.<br \/>\nEl micr\u00f3fono sensible garantiza que los pilotos y el personal de tierra permanezcan conectados, incluso en condiciones dif\u00edciles. Y los enchufes dobles funcionan con la mayor\u00eda de los sistemas generales de las aeronaves. Los cascos de aviaci\u00f3n RayTalk PH-HM100 con auriculares ofrecen comodidad, protecci\u00f3n y una comunicaci\u00f3n clara en los deportes a\u00e9reos.<\/p>","protected":false},"featured_media":3695,"template":"","meta":[],"product_brand":[],"product_cat":[208,243],"product_tag":[],"class_list":{"0":"post-3716","1":"product","2":"type-product","3":"status-publish","4":"has-post-thumbnail","6":"product_cat-aviation","7":"product_cat-helmet-headsets","9":"first","10":"instock","11":"shipping-taxable","12":"purchasable","13":"product-type-simple"},"_links":{"self":[{"href":"https:\/\/raytalkcomms.com\/es\/wp-json\/wp\/v2\/product\/3716","targetHints":{"allow":["GET"]}}],"collection":[{"href":"https:\/\/raytalkcomms.com\/es\/wp-json\/wp\/v2\/product"}],"about":[{"href":"https:\/\/raytalkcomms.com\/es\/wp-json\/wp\/v2\/types\/product"}],"wp:featuredmedia":[{"embeddable":true,"href":"https:\/\/raytalkcomms.com\/es\/wp-json\/wp\/v2\/media\/3695"}],"wp:attachment":[{"href":"https:\/\/raytalkcomms.com\/es\/wp-json\/wp\/v2\/media?parent=3716"}],"wp:term":[{"taxonomy":"product_brand","embeddable":true,"href":"https:\/\/raytalkcomms.com\/es\/wp-json\/wp\/v2\/product_brand?post=3716"},{"taxonomy":"product_cat","embeddable":true,"href":"https:\/\/raytalkcomms.com\/es\/wp-json\/wp\/v2\/product_cat?post=3716"},{"taxonomy":"product_tag","embeddable":true,"href":"https:\/\/raytalkcomms.com\/es\/wp-json\/wp\/v2\/product_tag?post=3716"}],"curies":[{"name":"wp","href":"https:\/\/api.w.org\/{rel}","templated":true}]}}